{"id":15231,"date":"2023-03-11T03:46:19","date_gmt":"2023-03-11T02:46:19","guid":{"rendered":"https:\/\/swisssoftware24.ch\/?post_type=product&#038;p=15231"},"modified":"2025-11-30T00:17:25","modified_gmt":"2025-11-29T23:17:25","slug":"microsoft-access-2019","status":"publish","type":"product","link":"https:\/\/swisssoftware24.ch\/fr\/products\/microsoft-access-2019\/","title":{"rendered":"Microsoft Access 2019"},"content":{"rendered":"<div class=\"flex flex-grow flex-col max-w-full\">\n<div class=\"min-h-[20px] text-message flex w-full flex-col items-end gap-2 whitespace-pre-wrap break-words [.text-message+&amp;]:mt-5 overflow-x-auto\" dir=\"auto\" data-message-author-role=\"assistant\" data-message-id=\"26baa21c-0f0d-4740-b4b8-28d7aed09d1b\">\n<div class=\"flex w-full flex-col gap-1 empty:hidden first:pt-[3px]\">\n<div class=\"markdown prose w-full break-words dark:prose-invert light\">\n<p data-start=\"184\" data-end=\"499\"><strong data-start=\"184\" data-end=\"209\">Microsoft Access 2019<\/strong> Microsoft Access 2019 est un syst\u00e8me de gestion de base de donn\u00e9es polyvalent et puissant, id\u00e9al pour les utilisateurs priv\u00e9s et les entreprises. Il permet la cr\u00e9ation facile de bases de donn\u00e9es vides ainsi que l'importation de donn\u00e9es provenant de diverses sources \u2013 y compris Excel, XML, dBASE, PDF et les e-mails.<\/p>\n<p data-start=\"501\" data-end=\"745\">Les utilisateurs peuvent trier, filtrer et analyser efficacement les donn\u00e9es \u00e0 l'aide de requ\u00eates. De plus, des formulaires personnalis\u00e9s et des macros peuvent \u00eatre utilis\u00e9s pour simplifier les processus de saisie et automatiser les t\u00e2ches r\u00e9currentes.<\/p>\n<p data-start=\"747\" data-end=\"1008\">Access 2019 se distingue \u00e9galement par sa gestion individuelle des utilisateurs, l'attribution compl\u00e8te des droits et la cr\u00e9ation de rapports d\u00e9taill\u00e9s. Le logiciel est id\u00e9alement adapt\u00e9 \u00e0 la gestion de grandes quantit\u00e9s de donn\u00e9es et offre tous les outils pour un travail de base de donn\u00e9es professionnel.<\/p>\n<\/div>\n<\/div>\n<\/div>\n<\/div>\n<p><strong>Vous trouverez plus d'informations sur ce produit\u00a0<a href=\"https:\/\/swisssoftware24.ch\/fr\/microsoft-access-2019-datenbankmanagement-neu-gedacht\/\">ici<\/a>.<\/strong><\/p>\n<h3><strong>Microsoft Access 2019 \u2013 configuration syst\u00e8me requise<\/strong><\/h3>\n<ul>\n<li><strong>Syst\u00e8me d'exploitation<\/strong>\u00a0\u00c0 partir de Windows 10<\/li>\n<li><strong>Processeur<\/strong>\u00a0A partir de 1GHz<\/li>\n<li><strong>M\u00e9moire vive<\/strong>\u00a0mind. 2 GB RAM, 4 GB RAM empfohlen<\/li>\n<li><strong>Espace disque<\/strong>\u00a016 Go pour 32 bits ou 20 Go pour 64 bits<\/li>\n<li><strong>Graphismes<\/strong>\u00a0DirectX 9 ou sup\u00e9rieur avec pilote WDDM 1.0<\/li>\n<\/ul>","protected":false},"excerpt":{"rendered":"<p>Lien de t\u00e9l\u00e9chargement + cl\u00e9 de produit (ESD) pour 1 PC<\/p>\n<p><strong>Livraison sous 24 heures par e-mail !<\/strong><\/p>","protected":false},"featured_media":15232,"template":"","meta":{"_seopress_robots_primary_cat":"none","_seopress_titles_title":"Microsoft Access 2019 | Datenbankl\u00f6sungen | SwissSoftware24","_seopress_titles_desc":"Microsoft Access 2019 bietet leistungsstarke Werkzeuge zur Erstellung und Verwaltung von Datenbanken. Ideal f\u00fcr Unternehmen. Jetzt bei SwissSoftware24.","_seopress_robots_index":""},"product_brand":[],"product_cat":[71,73,96],"product_tag":[],"class_list":{"0":"post-15231","1":"product","2":"type-product","3":"status-publish","4":"has-post-thumbnail","6":"product_cat-office","7":"product_cat-office-2019","8":"product_cat-einzelne-office-programme","10":"first","11":"onbackorder","12":"sale","13":"virtual","14":"taxable","15":"purchasable","16":"product-type-simple"},"_links":{"self":[{"href":"https:\/\/swisssoftware24.ch\/fr\/wp-json\/wp\/v2\/product\/15231","targetHints":{"allow":["GET"]}}],"collection":[{"href":"https:\/\/swisssoftware24.ch\/fr\/wp-json\/wp\/v2\/product"}],"about":[{"href":"https:\/\/swisssoftware24.ch\/fr\/wp-json\/wp\/v2\/types\/product"}],"wp:featuredmedia":[{"embeddable":true,"href":"https:\/\/swisssoftware24.ch\/fr\/wp-json\/wp\/v2\/media\/15232"}],"wp:attachment":[{"href":"https:\/\/swisssoftware24.ch\/fr\/wp-json\/wp\/v2\/media?parent=15231"}],"wp:term":[{"taxonomy":"product_brand","embeddable":true,"href":"https:\/\/swisssoftware24.ch\/fr\/wp-json\/wp\/v2\/product_brand?post=15231"},{"taxonomy":"product_cat","embeddable":true,"href":"https:\/\/swisssoftware24.ch\/fr\/wp-json\/wp\/v2\/product_cat?post=15231"},{"taxonomy":"product_tag","embeddable":true,"href":"https:\/\/swisssoftware24.ch\/fr\/wp-json\/wp\/v2\/product_tag?post=15231"}],"curies":[{"name":"wp","href":"https:\/\/api.w.org\/{rel}","templated":true}]}}