{"id":15233,"date":"2023-03-11T03:48:47","date_gmt":"2023-03-11T02:48:47","guid":{"rendered":"https:\/\/swisssoftware24.ch\/?post_type=product&#038;p=15233"},"modified":"2025-11-30T00:17:25","modified_gmt":"2025-11-29T23:17:25","slug":"project-standard-2019","status":"publish","type":"product","link":"https:\/\/swisssoftware24.ch\/fr\/products\/project-standard-2019\/","title":{"rendered":"Norme de projet 2019"},"content":{"rendered":"<p data-start=\"210\" data-end=\"544\">Microsoft Project Standard 2019 est la solution id\u00e9ale pour tous ceux qui souhaitent r\u00e9aliser des projets de mani\u00e8re structur\u00e9e et dans les d\u00e9lais. Le logiciel offre de nombreux mod\u00e8les pr\u00e9d\u00e9finis, vous permettant de cr\u00e9er et d'adapter des plans de projet en un clin d'\u0153il \u2013 qu'il s'agisse de projets informatiques, de chantiers de construction ou de processus internes.<\/p>\n<p data-start=\"546\" data-end=\"873\">Les fonctions de planification automatis\u00e9es et l'interface utilisateur intuitive garantissent une prise en main rapide. Gr\u00e2ce au calcul automatique des d\u00e9lais et aux d\u00e9pendances claires, vous gardez toujours le contr\u00f4le de vos calendriers et de vos ressources. L'interface famili\u00e8re de type Office r\u00e9duit les efforts de formation au minimum.<\/p>\n<p data-start=\"875\" data-end=\"1154\">Les sc\u00e9narios \"que se passerait-il si\" sont particuli\u00e8rement remarquables ; ils vous aident \u00e0 simuler diff\u00e9rents sc\u00e9narios de planification. Vous pouvez ainsi identifier les goulots d'\u00e9tranglement \u00e0 un stade pr\u00e9coce, d\u00e9velopper des alternatives et atteindre vos objectifs de projet de mani\u00e8re encore plus s\u00fbre \u2013 le tout sans calculs suppl\u00e9mentaires fastidieux.<\/p>\n<p data-start=\"875\" data-end=\"1154\"><strong>Vous trouverez plus d'informations sur ce produit\u00a0<a href=\"https:\/\/swisssoftware24.ch\/fr\/microsoft-project-standard-2019-ihre-projekte-unter-kontrolle\/\">ici<\/a>.<\/strong><\/p>\n<h3>Project Standard 2019 \u2013 exigences<\/h3>\n<ul>\n<li><strong>Processeur<\/strong>\u00a01,6 gigahertz (GHz) ou plus rapide, 2 c\u0153urs<\/li>\n<li><strong>Syst\u00e8me d'exploitation<\/strong>\u00a0Windows 10, Windows Serveur 2019<\/li>\n<li><strong>M\u00e9moire vive<\/strong>\u00a04 Go de RAM; 2 Go de RAM (32 bits)<\/li>\n<li><strong>Espace disque<\/strong>\u00a04,0 Go d'espace de stockage disponible<\/li>\n<li><strong>\u00c9cran<\/strong>\u00a0R\u00e9solution d&#039;\u00e9cran de 1280 x 768<\/li>\n<li><strong>Graphismes<\/strong>\u00a0Carte graphique DirectX 10 pour acc\u00e9l\u00e9rer le mat\u00e9riel graphique<\/li>\n<li><strong>Exigences syst\u00e8me suppl\u00e9mentaires<\/strong>\u00a0acc\u00e8s Internet<br \/>\nCompte microsoft<br \/>\nPour obtenir la liste compl\u00e8te de la configuration syst\u00e8me requise, consultez office.com\/systemrequirements.<\/li>\n<\/ul>","protected":false},"excerpt":{"rendered":"<p>Lien de t\u00e9l\u00e9chargement + cl\u00e9 de produit (ESD) pour 1 PC<\/p>\n<p><strong>Livraison sous 24 heures par e-mail !<\/strong><\/p>","protected":false},"featured_media":15234,"template":"","meta":{"_seopress_robots_primary_cat":"none","_seopress_titles_title":"Project Standard 2019 | Projektplanung | SwissSoftware24","_seopress_titles_desc":"Project Standard 2019 bietet grundlegende Funktionen f\u00fcr die Projektplanung. Perfekt f\u00fcr kleinere Projekte. Jetzt bei SwissSoftware24 erh\u00e4ltlich.","_seopress_robots_index":""},"product_brand":[],"product_cat":[71,96],"product_tag":[],"class_list":{"0":"post-15233","1":"product","2":"type-product","3":"status-publish","4":"has-post-thumbnail","6":"product_cat-office","7":"product_cat-einzelne-office-programme","9":"first","10":"onbackorder","11":"virtual","12":"taxable","13":"purchasable","14":"product-type-simple"},"_links":{"self":[{"href":"https:\/\/swisssoftware24.ch\/fr\/wp-json\/wp\/v2\/product\/15233","targetHints":{"allow":["GET"]}}],"collection":[{"href":"https:\/\/swisssoftware24.ch\/fr\/wp-json\/wp\/v2\/product"}],"about":[{"href":"https:\/\/swisssoftware24.ch\/fr\/wp-json\/wp\/v2\/types\/product"}],"wp:featuredmedia":[{"embeddable":true,"href":"https:\/\/swisssoftware24.ch\/fr\/wp-json\/wp\/v2\/media\/15234"}],"wp:attachment":[{"href":"https:\/\/swisssoftware24.ch\/fr\/wp-json\/wp\/v2\/media?parent=15233"}],"wp:term":[{"taxonomy":"product_brand","embeddable":true,"href":"https:\/\/swisssoftware24.ch\/fr\/wp-json\/wp\/v2\/product_brand?post=15233"},{"taxonomy":"product_cat","embeddable":true,"href":"https:\/\/swisssoftware24.ch\/fr\/wp-json\/wp\/v2\/product_cat?post=15233"},{"taxonomy":"product_tag","embeddable":true,"href":"https:\/\/swisssoftware24.ch\/fr\/wp-json\/wp\/v2\/product_tag?post=15233"}],"curies":[{"name":"wp","href":"https:\/\/api.w.org\/{rel}","templated":true}]}}