{"id":15235,"date":"2023-03-11T03:52:44","date_gmt":"2023-03-11T02:52:44","guid":{"rendered":"https:\/\/swisssoftware24.ch\/?post_type=product&#038;p=15235"},"modified":"2025-11-30T00:17:25","modified_gmt":"2025-11-29T23:17:25","slug":"project-professional-2019","status":"publish","type":"product","link":"https:\/\/swisssoftware24.ch\/fr\/products\/project-professional-2019\/","title":{"rendered":"Projet Professionnel 2019"},"content":{"rendered":"<p data-start=\"417\" data-end=\"714\">Microsoft Project Professionnel 2019 est une solution puissante pour tous ceux qui souhaitent planifier, g\u00e9rer et mener \u00e0 bien des projets complexes. Gr\u00e2ce \u00e0 des \u00e9ch\u00e9anciers clairs, une r\u00e9partition des t\u00e2ches et une affectation des ressources pr\u00e9cises, vous gardez le contr\u00f4le \u00e0 tout moment \u2013 m\u00eame avec des \u00e9volutions de projet dynamiques.<\/p>\n<p data-start=\"716\" data-end=\"945\">Le logiciel offre des fonctionnalit\u00e9s avanc\u00e9es pour le suivi des progr\u00e8s, l'analyse des risques et la collaboration en \u00e9quipe. Avec des rapports int\u00e9gr\u00e9s et des donn\u00e9es en temps r\u00e9el, vous identifiez rapidement les \u00e9carts et pouvez r\u00e9agir \u00e0 temps.<\/p>\n<p data-start=\"947\" data-end=\"1199\">Gr\u00e2ce \u00e0 son int\u00e9gration profonde dans l'\u00e9cosyst\u00e8me Microsoft Office, Project Professionnel 2019 peut \u00eatre int\u00e9gr\u00e9 de mani\u00e8re transparente dans les flux de travail existants. Vous combinez ainsi votre planification de projet avec des outils tels qu'Excel, Word ou PowerPoint pour une communication efficace.<\/p>\n<p data-start=\"947\" data-end=\"1199\"><strong>Vous trouverez plus d'informations sur ce produit\u00a0<a href=\"https:\/\/swisssoftware24.ch\/fr\/microsoft-project-professional-2019-ihre-projekte-klar-geplant-sicher-umgesetzt\/\">ici<\/a>.<\/strong><\/p>\n<h3>Project Professional 2019 &#8211; anforderungen<\/h3>\n<ul>\n<li><strong>Processeur\u00a0<\/strong>1,6 gigahertz (GHz) ou plus rapide, 2 c\u0153urs<\/li>\n<li><strong>Syst\u00e8me d'exploitation<\/strong>\u00a0Windows 10, Windows Serveur 2019<\/li>\n<li><strong>M\u00e9moire vive<\/strong>\u00a04 Go de RAM; 2 Go de RAM (32 bits)<\/li>\n<li><strong>Espace disque<\/strong>\u00a04,0 Go d'espace de stockage disponible<\/li>\n<li><strong>\u00c9cran<\/strong>\u00a0R\u00e9solution d&#039;\u00e9cran de 1280 x 768<\/li>\n<li><strong>Graphismes<\/strong>\u00a0Carte graphique DirectX 10 pour acc\u00e9l\u00e9rer le mat\u00e9riel graphique<\/li>\n<li><strong>Exigences syst\u00e8me suppl\u00e9mentaires<\/strong>Pour la liste compl\u00e8te de la configuration syst\u00e8me requise, consultez office.com\/systemrequirements<\/li>\n<\/ul>","protected":false},"excerpt":{"rendered":"<p>Microsoft Project Professional 2019 est un logiciel avanc\u00e9 de gestion de projets. Il aide \u00e0 la planification, au suivi et \u00e0 la r\u00e9alisation de projets.<\/p>\n<p>Lien de t\u00e9l\u00e9chargement + cl\u00e9 de produit (ESD) pour 1 PC<\/p>\n<p><strong>Livraison sous 24 heures par e-mail !<\/strong><\/p>","protected":false},"featured_media":15236,"template":"","meta":{"_seopress_robots_primary_cat":"none","_seopress_titles_title":"Project Professional 2019 | Projektmanagement | SwissSoftware24","_seopress_titles_desc":"Project Professional 2019: Leistungsstarke Tools f\u00fcr Projektplanung und -verwaltung. Perfekt f\u00fcr Teams. Jetzt bei SwissSoftware24.","_seopress_robots_index":""},"product_brand":[],"product_cat":[71,96],"product_tag":[],"class_list":{"0":"post-15235","1":"product","2":"type-product","3":"status-publish","4":"has-post-thumbnail","6":"product_cat-office","7":"product_cat-einzelne-office-programme","9":"first","10":"onbackorder","11":"virtual","12":"taxable","13":"purchasable","14":"product-type-simple"},"_links":{"self":[{"href":"https:\/\/swisssoftware24.ch\/fr\/wp-json\/wp\/v2\/product\/15235","targetHints":{"allow":["GET"]}}],"collection":[{"href":"https:\/\/swisssoftware24.ch\/fr\/wp-json\/wp\/v2\/product"}],"about":[{"href":"https:\/\/swisssoftware24.ch\/fr\/wp-json\/wp\/v2\/types\/product"}],"wp:featuredmedia":[{"embeddable":true,"href":"https:\/\/swisssoftware24.ch\/fr\/wp-json\/wp\/v2\/media\/15236"}],"wp:attachment":[{"href":"https:\/\/swisssoftware24.ch\/fr\/wp-json\/wp\/v2\/media?parent=15235"}],"wp:term":[{"taxonomy":"product_brand","embeddable":true,"href":"https:\/\/swisssoftware24.ch\/fr\/wp-json\/wp\/v2\/product_brand?post=15235"},{"taxonomy":"product_cat","embeddable":true,"href":"https:\/\/swisssoftware24.ch\/fr\/wp-json\/wp\/v2\/product_cat?post=15235"},{"taxonomy":"product_tag","embeddable":true,"href":"https:\/\/swisssoftware24.ch\/fr\/wp-json\/wp\/v2\/product_tag?post=15235"}],"curies":[{"name":"wp","href":"https:\/\/api.w.org\/{rel}","templated":true}]}}