{"id":15240,"date":"2023-03-11T04:09:03","date_gmt":"2023-03-11T03:09:03","guid":{"rendered":"https:\/\/swisssoftware24.ch\/?post_type=product&#038;p=15240"},"modified":"2026-02-26T15:55:56","modified_gmt":"2026-02-26T14:55:56","slug":"project-publisher-2019","status":"publish","type":"product","link":"https:\/\/swisssoftware24.ch\/fr\/products\/project-publisher-2019\/","title":{"rendered":"Microsoft Publisher 2019"},"content":{"rendered":"<p data-start=\"288\" data-end=\"645\">Microsoft Publisher 2019 est un logiciel de publication assist\u00e9e par ordinateur (PAO) polyvalent, sp\u00e9cialement con\u00e7u pour les petites entreprises, les ind\u00e9pendants et les utilisateurs priv\u00e9s. Faisant partie de la suite Microsoft Office, il s'int\u00e8gre parfaitement avec des programmes tels que Word, Excel et PowerPoint, offrant une alternative conviviale aux solutions PAO plus complexes.<\/p>\n<p data-start=\"647\" data-end=\"953\">Gr\u00e2ce \u00e0 son interface WYSIWYG (\u00ab What You See Is What You Get \u00bb), le contenu visuel peut \u00eatre con\u00e7u intuitivement \u2013 des invitations et flyers aux brochures et newsletters. De nombreux mod\u00e8les et jeux de conception garantissent un d\u00e9marrage rapide et des r\u00e9sultats attrayants, m\u00eame sans connaissances pr\u00e9alables en graphisme.<\/p>\n<p data-start=\"955\" data-end=\"1208\">L'interface intuitive en forme de ruban facilite l'acc\u00e8s aux outils importants. Microsoft Publisher 2019 convainc par son efficacit\u00e9, sa convivialit\u00e9 et sa structure claire \u2013 id\u00e9al pour tous ceux qui souhaitent cr\u00e9er des supports imprim\u00e9s attrayants en toute simplicit\u00e9.<\/p>\n<p><strong>Vous trouverez plus d'informations sur ce produit\u00a0<a href=\"https:\/\/swisssoftware24.ch\/fr\/microsoft-publisher-2019-kreativitaet-trifft-benutzerfreundlichkeit\/\">ici<\/a>.<\/strong><\/p>\n<h3>Microsoft Publisher 2019 \u2013 configuration syst\u00e8me requise<\/h3>\n<ul>\n<li><strong>syst\u00e8me<\/strong>\u00a0 \u00a0Windows 10, Windows Server 2019 ESSENTIAL ! Windows 7 ou versions ant\u00e9rieures ne sont plus prises en charge.<\/li>\n<li><strong>Processeur<\/strong>\u00a0\u00a0 x86\/x64 d'au moins 1 GHz et ensemble d'instructions SSE2<\/li>\n<li><strong>RAM.<\/strong>\u00a0\u00a0 1 GB RAM 32-bit; 2 GB RAM 64-bit<\/li>\n<li><strong>disque dur<\/strong>\u00a0 3 Go<\/li>\n<\/ul>","protected":false},"excerpt":{"rendered":"<p>Lien de t\u00e9l\u00e9chargement + cl\u00e9 de produit (ESD) pour 1 PC<\/p>","protected":false},"featured_media":15241,"template":"","meta":{"_seopress_robots_primary_cat":"none","_seopress_titles_title":"Microsoft Publisher 2019 | Design & Layout | SwissSoftware24","_seopress_titles_desc":"Microsoft Publisher 2019: Erstellen Sie professionelle Brosch\u00fcren, Flyer und mehr mit einfachen Design-Tools. Perfekt f\u00fcr Unternehmen. Jetzt bei SwissSoftware24","_seopress_robots_index":""},"product_brand":[],"product_cat":[96,71,73],"product_tag":[],"class_list":{"0":"post-15240","1":"product","2":"type-product","3":"status-publish","4":"has-post-thumbnail","6":"product_cat-einzelne-office-programme","7":"product_cat-office","8":"product_cat-office-2019","10":"first","11":"onbackorder","12":"sale","13":"virtual","14":"taxable","15":"purchasable","16":"product-type-simple"},"_links":{"self":[{"href":"https:\/\/swisssoftware24.ch\/fr\/wp-json\/wp\/v2\/product\/15240","targetHints":{"allow":["GET"]}}],"collection":[{"href":"https:\/\/swisssoftware24.ch\/fr\/wp-json\/wp\/v2\/product"}],"about":[{"href":"https:\/\/swisssoftware24.ch\/fr\/wp-json\/wp\/v2\/types\/product"}],"wp:featuredmedia":[{"embeddable":true,"href":"https:\/\/swisssoftware24.ch\/fr\/wp-json\/wp\/v2\/media\/15241"}],"wp:attachment":[{"href":"https:\/\/swisssoftware24.ch\/fr\/wp-json\/wp\/v2\/media?parent=15240"}],"wp:term":[{"taxonomy":"product_brand","embeddable":true,"href":"https:\/\/swisssoftware24.ch\/fr\/wp-json\/wp\/v2\/product_brand?post=15240"},{"taxonomy":"product_cat","embeddable":true,"href":"https:\/\/swisssoftware24.ch\/fr\/wp-json\/wp\/v2\/product_cat?post=15240"},{"taxonomy":"product_tag","embeddable":true,"href":"https:\/\/swisssoftware24.ch\/fr\/wp-json\/wp\/v2\/product_tag?post=15240"}],"curies":[{"name":"wp","href":"https:\/\/api.w.org\/{rel}","templated":true}]}}