{"id":15262,"date":"2023-03-12T02:12:04","date_gmt":"2023-03-12T01:12:04","guid":{"rendered":"https:\/\/swisssoftware24.ch\/?post_type=product&#038;p=15262"},"modified":"2026-01-21T10:58:26","modified_gmt":"2026-01-21T09:58:26","slug":"norton-360-for-gamers","status":"publish","type":"product","link":"https:\/\/swisssoftware24.ch\/fr\/products\/norton-360-for-gamers\/","title":{"rendered":"Norton 360 for Gamers"},"content":{"rendered":"<p data-start=\"183\" data-end=\"511\"><strong data-start=\"183\" data-end=\"208\">Norton 360 for Gamers<\/strong> offre une protection cybern\u00e9tique sur mesure pour tous ceux qui jouent r\u00e9guli\u00e8rement et ne veulent faire aucun compromis sur la s\u00e9curit\u00e9 ou les performances. Le logiciel prot\u00e8ge non seulement contre les virus, les logiciels malveillants et le phishing, mais optimise \u00e9galement les performances du syst\u00e8me pour une exp\u00e9rience de jeu fluide.<\/p>\n<p data-start=\"513\" data-end=\"840\">Gr\u00e2ce \u00e0 des fonctions sp\u00e9ciales telles que la d\u00e9sactivation automatique des applications en arri\u00e8re-plan et la d\u00e9tection du mode plein \u00e9cran, le jeu n'est pas perturb\u00e9 par des pop-ups inutiles ou des pertes de performance. De plus, les utilisateurs b\u00e9n\u00e9ficient d'un stockage cloud allant jusqu'\u00e0 50 Go, d'un pare-feu, d'une protection de webcam (SafeCam) ainsi que du chiffrement VPN.<\/p>\n<p data-start=\"842\" data-end=\"1119\">Les donn\u00e9es des joueurs, telles que les mots de passe ou les informations personnelles, sont \u00e9galement prot\u00e9g\u00e9es de mani\u00e8re optimale par un gestionnaire de mots de passe, la surveillance du Dark Web et des outils de protection des donn\u00e9es. Norton 360 for Gamers est une solution tout-en-un pour les joueurs qui accordent de l'importance \u00e0 une s\u00e9curit\u00e9 maximale et \u00e0 des performances optimales.<\/p>\n<p data-start=\"842\" data-end=\"1119\"><strong>Vous trouverez plus d'informations sur ce produit\u00a0<a href=\"https:\/\/swisssoftware24.ch\/fr\/norton-360-for-gamers-sicherheit-auf-gamer-level\/\">ici<\/a>.<\/strong><\/p>\n<p><strong>NOTE ! Si vous n'avez pas d\u00e9j\u00e0 de compte Norton, il vous sera demand\u00e9 de fournir des informations de carte de cr\u00e9dit lors de l'inscription pour le renouvellement automatique de l'abonnement. Votre carte de cr\u00e9dit sera automatiquement d\u00e9bit\u00e9e chaque ann\u00e9e par NortonLifeLock sauf si vous d\u00e9sactivez cette option.<\/strong><\/p>\n<p><iframe loading=\"lazy\" title=\"Gamer Affirmations\" width=\"800\" height=\"450\" src=\"https:\/\/www.youtube.com\/embed\/2zwqchTnivU?feature=oembed\" frameborder=\"0\" allow=\"accelerometer; autoplay; clipboard-write; encrypted-media; gyroscope; picture-in-picture; web-share\" referrerpolicy=\"strict-origin-when-cross-origin\" allowfullscreen><\/iframe><\/p>\n<h3>Norton 360 for Gamers \u2013 configuration syst\u00e8me requise<\/h3>\n<ul>\n<li><strong>Syst\u00e8me d'exploitation <\/strong>Windows, Mac, Andro\u00efd, iOS<\/li>\n<\/ul>","protected":false},"excerpt":{"rendered":"<p><span style=\"font-weight: 400\">Le logiciel antivirus Norton 360 pour les joueurs a \u00e9t\u00e9 sp\u00e9cialement cr\u00e9\u00e9 pour les passionn\u00e9s de jeux sur ordinateur. En choisissant cet antivirus, vous b\u00e9n\u00e9ficierez d'une protection multicouche pour vos appareils, vos comptes de jeu et vos actifs num\u00e9riques, adapt\u00e9e aussi bien aux joueurs occasionnels qu'aux joueurs professionnels.<\/span><\/p>\n<p>Lien de t\u00e9l\u00e9chargement + Cl\u00e9 de produit (version \u00e9lectronique) pour 1 an pour 1 PC pour 3 appareils.<\/p>","protected":false},"featured_media":25838,"template":"","meta":{"_seopress_robots_primary_cat":"none","_seopress_titles_title":"Norton 360 for Gamers | Gaming-Schutz | SwissSoftware24","_seopress_titles_desc":"Norton 360 for Gamers: Sch\u00fctzt Ihr Gaming-Erlebnis vor Viren und DDoS-Angriffen. Inklusive VPN und Leistungstools. Jetzt bei SwissSoftware24.","_seopress_robots_index":""},"product_brand":[],"product_cat":[93,63,109],"product_tag":[],"class_list":{"0":"post-15262","1":"product","2":"type-product","3":"status-publish","4":"has-post-thumbnail","6":"product_cat-antivirus","7":"product_cat-antivirus-security","8":"product_cat-norton","10":"first","11":"onbackorder","12":"virtual","13":"taxable","14":"purchasable","15":"product-type-simple"},"_links":{"self":[{"href":"https:\/\/swisssoftware24.ch\/fr\/wp-json\/wp\/v2\/product\/15262","targetHints":{"allow":["GET"]}}],"collection":[{"href":"https:\/\/swisssoftware24.ch\/fr\/wp-json\/wp\/v2\/product"}],"about":[{"href":"https:\/\/swisssoftware24.ch\/fr\/wp-json\/wp\/v2\/types\/product"}],"wp:featuredmedia":[{"embeddable":true,"href":"https:\/\/swisssoftware24.ch\/fr\/wp-json\/wp\/v2\/media\/25838"}],"wp:attachment":[{"href":"https:\/\/swisssoftware24.ch\/fr\/wp-json\/wp\/v2\/media?parent=15262"}],"wp:term":[{"taxonomy":"product_brand","embeddable":true,"href":"https:\/\/swisssoftware24.ch\/fr\/wp-json\/wp\/v2\/product_brand?post=15262"},{"taxonomy":"product_cat","embeddable":true,"href":"https:\/\/swisssoftware24.ch\/fr\/wp-json\/wp\/v2\/product_cat?post=15262"},{"taxonomy":"product_tag","embeddable":true,"href":"https:\/\/swisssoftware24.ch\/fr\/wp-json\/wp\/v2\/product_tag?post=15262"}],"curies":[{"name":"wp","href":"https:\/\/api.w.org\/{rel}","templated":true}]}}