{"id":15264,"date":"2023-03-12T02:21:58","date_gmt":"2023-03-12T01:21:58","guid":{"rendered":"https:\/\/swisssoftware24.ch\/?post_type=product&#038;p=15264"},"modified":"2025-11-29T23:56:54","modified_gmt":"2025-11-29T22:56:54","slug":"norton-secure-vpn","status":"publish","type":"product","link":"https:\/\/swisssoftware24.ch\/fr\/products\/norton-secure-vpn\/","title":{"rendered":"Norton SecureVPN"},"content":{"rendered":"<p data-start=\"179\" data-end=\"481\">Norton Secure VPN prot\u00e8ge votre vie priv\u00e9e sur Internet en masquant votre adresse IP et en chiffrant vos activit\u00e9s en ligne. Cet outil emp\u00eache les tiers de consulter vos donn\u00e9es ou de suivre votre localisation \u2013 une protection pr\u00e9cieuse, notamment dans les r\u00e9seaux Wi-Fi publics.<\/p>\n<p data-start=\"483\" data-end=\"766\">De plus, il offre un acc\u00e8s s\u00e9curis\u00e9 aux sites web et contenus bloqu\u00e9s \u2013 par exemple, en raison de restrictions g\u00e9ographiques ou de r\u00e9seaux limit\u00e9s. L'application prend en charge les normes de chiffrement les plus \u00e9lev\u00e9es, garantissant une s\u00e9curit\u00e9 maximale lors de la navigation, du streaming ou du travail.<\/p>\n<p data-start=\"768\" data-end=\"1034\">Avec une prise en charge multiplateforme pour Windows, macOS, Android et iOS, Norton Secure VPN peut \u00eatre utilis\u00e9 sur presque tous les appareils. Gr\u00e2ce \u00e0 son interface conviviale, il est facile \u00e0 utiliser pour les d\u00e9butants comme pour les utilisateurs avanc\u00e9s.<\/p>\n<p data-start=\"768\" data-end=\"1034\"><strong>Vous trouverez plus d'informations sur ce produit\u00a0<a href=\"https:\/\/swisssoftware24.ch\/fr\/norton-secure-vpn-privatsphaere-trifft-auf-freiheit-im-netz\/\">ici<\/a>.<\/strong><\/p>\n<h3>Norton Secure VPN \u2013 configuration syst\u00e8me requise<\/h3>\n<ul>\n<li><strong>Syst\u00e8me d'exploitation <\/strong>Windows, Mac, Andro\u00efd, iOS<\/li>\n<\/ul>","protected":false},"excerpt":{"rendered":"<p><span style=\"font-weight: 400\">Norton Secure VPN est un outil logiciel compl\u00e9mentaire aux programmes antivirus qui vise \u00e0 prot\u00e9ger votre vie priv\u00e9e et \u00e0 renforcer votre s\u00e9curit\u00e9 en ligne.<\/span><\/p>\n<p>Lien de t\u00e9l\u00e9chargement + Cl\u00e9 de produit (ESD) pour 1 an.<\/p>","protected":false},"featured_media":15265,"template":"","meta":{"_seopress_robots_primary_cat":"none","_seopress_titles_title":"Norton Secure VPN | Datenschutz&Sicherheit | SwissSoftware24","_seopress_titles_desc":"Norton Secure VPN: Sch\u00fctzen Sie Ihre Privatsph\u00e4re online mit sicherer und verschl\u00fcsselter Verbindung. Perfekt f\u00fcr \u00f6ffentliches WLAN. Jetzt bei SwissSoftware24.","_seopress_robots_index":""},"product_brand":[],"product_cat":[93,63,109,84],"product_tag":[],"class_list":{"0":"post-15264","1":"product","2":"type-product","3":"status-publish","4":"has-post-thumbnail","6":"product_cat-antivirus","7":"product_cat-antivirus-security","8":"product_cat-norton","9":"product_cat-vpn","11":"first","12":"onbackorder","13":"taxable","14":"shipping-taxable","15":"purchasable","16":"product-type-variable"},"_links":{"self":[{"href":"https:\/\/swisssoftware24.ch\/fr\/wp-json\/wp\/v2\/product\/15264","targetHints":{"allow":["GET"]}}],"collection":[{"href":"https:\/\/swisssoftware24.ch\/fr\/wp-json\/wp\/v2\/product"}],"about":[{"href":"https:\/\/swisssoftware24.ch\/fr\/wp-json\/wp\/v2\/types\/product"}],"wp:featuredmedia":[{"embeddable":true,"href":"https:\/\/swisssoftware24.ch\/fr\/wp-json\/wp\/v2\/media\/15265"}],"wp:attachment":[{"href":"https:\/\/swisssoftware24.ch\/fr\/wp-json\/wp\/v2\/media?parent=15264"}],"wp:term":[{"taxonomy":"product_brand","embeddable":true,"href":"https:\/\/swisssoftware24.ch\/fr\/wp-json\/wp\/v2\/product_brand?post=15264"},{"taxonomy":"product_cat","embeddable":true,"href":"https:\/\/swisssoftware24.ch\/fr\/wp-json\/wp\/v2\/product_cat?post=15264"},{"taxonomy":"product_tag","embeddable":true,"href":"https:\/\/swisssoftware24.ch\/fr\/wp-json\/wp\/v2\/product_tag?post=15264"}],"curies":[{"name":"wp","href":"https:\/\/api.w.org\/{rel}","templated":true}]}}