{"id":16973,"date":"2023-05-12T09:36:18","date_gmt":"2023-05-12T07:36:18","guid":{"rendered":"https:\/\/swisssoftware24.ch\/?post_type=product&#038;p=16973"},"modified":"2025-11-29T23:56:54","modified_gmt":"2025-11-29T22:56:54","slug":"adobe-photoshop-elements-2023","status":"publish","type":"product","link":"https:\/\/swisssoftware24.ch\/fr\/products\/adobe-photoshop-elements-2023\/","title":{"rendered":"Adobe Photoshop Elements 2023"},"content":{"rendered":"<p data-start=\"79\" data-end=\"456\">Adobe Photoshop Elements 2023 offre une solution intuitive et puissante pour l'\u00e9dition de photos et de graphiques. Avec de nouveaux effets tels que les effets Matrix et Bokeh, vous pouvez cr\u00e9er des accents visuels cr\u00e9atifs. Le mode d'\u00e9dition de texte am\u00e9lior\u00e9 vous permet d'ajuster le texte directement dans l'aper\u00e7u, ce qui acc\u00e9l\u00e8re consid\u00e9rablement le processus de conception.<\/p>\n<p data-start=\"458\" data-end=\"839\">Gr\u00e2ce aux outils d'organisation de projet optimis\u00e9s, les photos peuvent \u00eatre tri\u00e9es, marqu\u00e9es et enregistr\u00e9es plus rapidement. L'int\u00e9gration cloud facilite l'acc\u00e8s aux projets depuis divers appareils et permet un partage facile des fichiers. De plus, le programme prend en charge les formats de fichiers courants tels que JPEG, PNG, RAW et AVI, ce qui le rend polyvalent.<\/p>\n<p data-start=\"841\" data-end=\"1270\" data-is-last-node=\"\" data-is-only-node=\"\">Avec la possibilit\u00e9 de travailler par calques, Adobe Photoshop Elements 2023 offre des options de retouche d'image avanc\u00e9es pour des ajustements pr\u00e9cis. La version de base gratuite permet une retouche photo simple, tandis que la version \u00e9tendue par abonnement offre des fonctionnalit\u00e9s suppl\u00e9mentaires pour les projets plus exigeants. Id\u00e9al pour les utilisateurs cr\u00e9atifs \u00e0 la recherche d'une alternative conviviale \u00e0 Adobe Photoshop.<\/p>\n<p data-start=\"841\" data-end=\"1270\" data-is-last-node=\"\" data-is-only-node=\"\"><strong>Vous trouverez plus d'informations sur ce produit\u00a0<a href=\"https:\/\/swisssoftware24.ch\/fr\/adobe-photoshop-elements-2023-kreative-bildbearbeitung-fuer-einsteiger-und-profis\/\">ici<\/a>.<\/strong><\/p>\n<h3>Adobe Photoshop Elements 2023 \u2013 configuration syst\u00e8me requise<\/h3>\n<p>Windows<\/p>\n<ul>\n<li style=\"list-style-type: none\">\n<ul>\n<li>1,6-GHz-Prozessor oder schneller mit SSE2-Unterst\u00fctzung<\/li>\n<li>Microsoft Windows 7 Service Pack 1, Windows 8 oder Windows 10 (32-Bit-Versionen werden auf 32-Bit-Systemen installiert, 64-Bit-Versionen werden auf 64-Bit-Systemen installiert)<\/li>\n<li>2 Go de RAM<\/li>\n<li>5 GB verf\u00fcgbarer Festplattenspeicher (zus\u00e4tzlicher freier Speicherplatz w\u00e4hrend der Installation erforderlich)<\/li>\n<li>Anzeige mit einer Aufl\u00f6sung von 1024 x 768 (bei 100 % Skalierungsfaktor)<\/li>\n<li>Ein Anzeigetreiber, der mit Microsoft DirectX 9 oder 10 kompatibel ist<\/li>\n<li>DVD-ROM-Laufwerk (zur Installation von DVD)<\/li>\n<li>QuickTime 7-Software<\/li>\n<li>Internetverbindung f\u00fcr Produktaktivierung und Downloads<\/li>\n<\/ul>\n<\/li>\n<\/ul>\n<p>Mac OS<\/p>\n<ul>\n<li style=\"list-style-type: none\">\n<ul>\n<li>Multi-Core-64-Bit-Intel-Prozessor<\/li>\n<li>Mac OS X 10.9 oder 10.10<\/li>\n<li>2 Go de RAM<\/li>\n<li>5 GB verf\u00fcgbarer Festplattenspeicher (zus\u00e4tzlicher freier Speicherplatz w\u00e4hrend der Installation erforderlich)<\/li>\n<li>Anzeige mit einer Aufl\u00f6sung von 1024 x 768 (bei 100 % Skalierungsfaktor)<\/li>\n<li>DVD-ROM-Laufwerk (zur Installation von DVD)<\/li>\n<li>QuickTime 7-Software<\/li>\n<\/ul>\n<\/li>\n<\/ul>","protected":false},"excerpt":{"rendered":"<p>Version ESD compl\u00e8te<\/p>\n<p><b>Langues disponibles<\/b>anglais, fran\u00e7ais, allemand, italien, tch\u00e8que, n\u00e9erlandais, japonais, polonais, su\u00e9dois et espagnol<\/p>\n<p><span style=\"font-weight: 400\">Adobe Photoshop Elements est un best-seller absolu parmi les logiciels de retouche et de traitement d'images. Il permet de cr\u00e9er et de modifier facilement des images. Il offre de nombreux outils pour la retouche, la correction des couleurs, la suppression d'\u00e9l\u00e9ments ind\u00e9sirables, la cr\u00e9ation d'effets sp\u00e9ciaux, et bien plus encore. Ainsi, vous pouvez donner un aspect professionnel \u00e0 vos projets sans avoir besoin de comp\u00e9tences techniques avanc\u00e9es.<\/span><\/p>\n<p><strong>LIVRAISON PAR E-MAIL EN 5 MINUTES<\/strong><\/p>","protected":false},"featured_media":25687,"template":"","meta":{"_seopress_robots_primary_cat":"none","_seopress_titles_title":"Adobe Photoshop Elements 2023 | SwissSoftware24","_seopress_titles_desc":"Bearbeiten Sie Fotos m\u00fchelos mit Adobe Photoshop Elements 2023. Kreative Tools und einfache Bedienung f\u00fcr Einsteiger. Jetzt bei SwissSoftware24 erh\u00e4ltlich.","_seopress_robots_index":""},"product_brand":[],"product_cat":[82,83,91,97],"product_tag":[],"class_list":{"0":"post-16973","1":"product","2":"type-product","3":"status-publish","4":"has-post-thumbnail","6":"product_cat-video-grafik","7":"product_cat-video-grafik-andere","8":"product_cat-adobe","9":"product_cat-grafik-design","11":"first","12":"outofstock","13":"taxable","14":"shipping-taxable","15":"purchasable","16":"product-type-simple"},"_links":{"self":[{"href":"https:\/\/swisssoftware24.ch\/fr\/wp-json\/wp\/v2\/product\/16973","targetHints":{"allow":["GET"]}}],"collection":[{"href":"https:\/\/swisssoftware24.ch\/fr\/wp-json\/wp\/v2\/product"}],"about":[{"href":"https:\/\/swisssoftware24.ch\/fr\/wp-json\/wp\/v2\/types\/product"}],"wp:featuredmedia":[{"embeddable":true,"href":"https:\/\/swisssoftware24.ch\/fr\/wp-json\/wp\/v2\/media\/25687"}],"wp:attachment":[{"href":"https:\/\/swisssoftware24.ch\/fr\/wp-json\/wp\/v2\/media?parent=16973"}],"wp:term":[{"taxonomy":"product_brand","embeddable":true,"href":"https:\/\/swisssoftware24.ch\/fr\/wp-json\/wp\/v2\/product_brand?post=16973"},{"taxonomy":"product_cat","embeddable":true,"href":"https:\/\/swisssoftware24.ch\/fr\/wp-json\/wp\/v2\/product_cat?post=16973"},{"taxonomy":"product_tag","embeddable":true,"href":"https:\/\/swisssoftware24.ch\/fr\/wp-json\/wp\/v2\/product_tag?post=16973"}],"curies":[{"name":"wp","href":"https:\/\/api.w.org\/{rel}","templated":true}]}}