{"id":17840,"date":"2023-07-03T13:07:55","date_gmt":"2023-07-03T11:07:55","guid":{"rendered":"https:\/\/swisssoftware24.ch\/?post_type=product&#038;p=17840"},"modified":"2025-11-29T23:56:54","modified_gmt":"2025-11-29T22:56:54","slug":"abelssoft-hackcheck","status":"publish","type":"product","link":"https:\/\/swisssoftware24.ch\/fr\/products\/abelssoft-hackcheck\/","title":{"rendered":"Abelssoft HackCheck"},"content":{"rendered":"<h1>Abelssoft HackCheck \u2013 fonctions les plus importantes<\/h1>\n<ol>\n<li class=\"translation-block\">V\u00e9rification des programmes install\u00e9s et de leurs mises \u00e0 jour<\/li>\n<li>Analyse du syst\u00e8me pour d\u00e9tecter les menaces potentielles<\/li>\n<li>Alerte en cas d'activit\u00e9s suspectes<\/li>\n<li>Protection contre le vol de mots de passe<\/li>\n<li><strong>Notifications en cas de fuite de donn\u00e9es<\/strong><\/li>\n<\/ol>\n<h2>Abelssoft HackCheck \u2013 description d\u00e9taill\u00e9e du produit<\/h2>\n<p>Apr\u00e8s l'installation, Abelssoft HackCheck vous demande de saisir vos identifiants pour rechercher automatiquement sur Internet des fuites de donn\u00e9es. Il v\u00e9rifie si vos informations ont \u00e9t\u00e9 publi\u00e9es sans votre consentement.<\/p>\n<p>Si une fuite est d\u00e9tect\u00e9e, vous \u00eates imm\u00e9diatement inform\u00e9 et invit\u00e9 \u00e0 changer vos mots de passe. De plus, il permet de v\u00e9rifier si votre adresse e-mail a \u00e9t\u00e9 la cible d'attaques de phishing. Ainsi, <strong>Abelssoft HackCheck<\/strong> est un outil essentiel pour garantir la s\u00e9curit\u00e9 de vos donn\u00e9es, en vous prot\u00e9geant contre le vol d'identit\u00e9 et la fraude sur Internet.<\/p>\n<p class=\"translation-block\">Neben der <strong>\u00dcberwachung von Datenlecks<\/strong> untersucht Abelssoft HackCheck Ihr System nach installierten Anwendungen und deren Updates, um sicherzustellen, dass Sie immer die sicherste Version verwenden. Diese Pr\u00fcfung ist entscheidend, da mit jedem Update h\u00e4ufig Sicherheitsverbesserungen einhergehen.<\/p>\n<p>Le programme ne se contente pas de surveiller les fuites, il analyse \u00e9galement le syst\u00e8me \u00e0 la recherche de menaces potentielles telles que des virus ou des malwares. Fonctionnant en arri\u00e8re-plan, il ne perturbe pas votre travail et fournit, une fois l'analyse termin\u00e9e, des rapports d\u00e9taill\u00e9s sur les menaces d\u00e9tect\u00e9es ainsi que des recommandations d'action.<\/p>\n<p><strong>Abelssoft HackCheck<\/strong> ne se contente pas d'alerter en cas de fuite de donn\u00e9es, mais il vous avertit \u00e9galement en cas d'activit\u00e9s suspectes et vous aide \u00e0 pr\u00e9venir les attaques par vol de mot de passe. Gr\u00e2ce \u00e0 son interface conviviale, il est facile \u00e0 utiliser, m\u00eame pour les utilisateurs n'ayant pas de connaissances approfondies en cybers\u00e9curit\u00e9.<\/p>\n<h3>Abelssoft HackCheck \u2013 syst\u00e8mes d'exploitation compatibles<\/h3>\n<p>Windows\u00a011, Windows\u00a010, Windows\u00a08.1, Windows\u00a08, Windows\u00a07<\/p>","protected":false},"excerpt":{"rendered":"<p class=\"translation-block\">Abelssoft HackCheck est l'outil ultime pour maximiser votre s\u00e9curit\u00e9 en ligne. Il surveille r\u00e9guli\u00e8rement, toutes les quatre heures, la s\u00e9curit\u00e9 de vos donn\u00e9es personnelles, identifie les fuites de donn\u00e9es et contr\u00f4le si vos identifiants de connexion ont \u00e9t\u00e9 compromis.<\/p>\n<p class=\"translation-block\">En achetant ce produit, vous obtenez une licence \u00e0 vie sous forme de cl\u00e9 \u00e9lectronique, permettant \u00e0 un utilisateur de b\u00e9n\u00e9ficier de cet outil de surveillance des fuites de donn\u00e9es. Cette version est optimis\u00e9e pour les syst\u00e8mes d'exploitation Windows et propose un support dans 14 langues diff\u00e9rentes.<\/p>\n<p><strong>LIVRAISON PAR E-MAIL EN 5 MINUTES<\/strong><\/p>","protected":false},"featured_media":25556,"template":"","meta":{"_seopress_robots_primary_cat":"none","_seopress_titles_title":"Abelssoft HackCheck | Schutz | SwissSoftware24","_seopress_titles_desc":"Sch\u00fctzen Sie Ihre Online-Konten mit Abelssoft HackCheck. \u00dcberwachen Sie Ihre E-Mail-Adressen auf Datenlecks. Jetzt bei SwissSoftware24 erh\u00e4ltlich.","_seopress_robots_index":""},"product_brand":[],"product_cat":[63,93],"product_tag":[],"class_list":{"0":"post-17840","1":"product","2":"type-product","3":"status-publish","4":"has-post-thumbnail","6":"product_cat-antivirus-security","7":"product_cat-antivirus","9":"first","10":"outofstock","11":"virtual","12":"taxable","13":"purchasable","14":"product-type-simple"},"_links":{"self":[{"href":"https:\/\/swisssoftware24.ch\/fr\/wp-json\/wp\/v2\/product\/17840","targetHints":{"allow":["GET"]}}],"collection":[{"href":"https:\/\/swisssoftware24.ch\/fr\/wp-json\/wp\/v2\/product"}],"about":[{"href":"https:\/\/swisssoftware24.ch\/fr\/wp-json\/wp\/v2\/types\/product"}],"wp:featuredmedia":[{"embeddable":true,"href":"https:\/\/swisssoftware24.ch\/fr\/wp-json\/wp\/v2\/media\/25556"}],"wp:attachment":[{"href":"https:\/\/swisssoftware24.ch\/fr\/wp-json\/wp\/v2\/media?parent=17840"}],"wp:term":[{"taxonomy":"product_brand","embeddable":true,"href":"https:\/\/swisssoftware24.ch\/fr\/wp-json\/wp\/v2\/product_brand?post=17840"},{"taxonomy":"product_cat","embeddable":true,"href":"https:\/\/swisssoftware24.ch\/fr\/wp-json\/wp\/v2\/product_cat?post=17840"},{"taxonomy":"product_tag","embeddable":true,"href":"https:\/\/swisssoftware24.ch\/fr\/wp-json\/wp\/v2\/product_tag?post=17840"}],"curies":[{"name":"wp","href":"https:\/\/api.w.org\/{rel}","templated":true}]}}