{"id":17860,"date":"2023-07-04T07:15:11","date_gmt":"2023-07-04T05:15:11","guid":{"rendered":"https:\/\/swisssoftware24.ch\/?post_type=product&#038;p=17860"},"modified":"2025-11-29T23:56:54","modified_gmt":"2025-11-29T22:56:54","slug":"abelssoft-antibrowserspy","status":"publish","type":"product","link":"https:\/\/swisssoftware24.ch\/fr\/products\/abelssoft-antibrowserspy\/","title":{"rendered":"Abelssoft AntiBrowserSpy"},"content":{"rendered":"<h1>Abelssoft AntiBrowserSpy \u2013 fonctions les plus importantes<\/h1>\n<ol>\n<li class=\"translation-block\">Suppression des cookies et nettoyage automatique de l'historique de navigation lors de la fermeture du navigateur, afin de pr\u00e9venir le suivi en ligne.<\/li>\n<li class=\"translation-block\">Protection de la vie priv\u00e9e en ligne gr\u00e2ce au blocage du suivi par les navigateurs.<\/li>\n<li class=\"translation-block\">Suppression des donn\u00e9es de suivi et blocage de la collecte de donn\u00e9es par les r\u00e9seaux publicitaires.<\/li>\n<li>Sauvegarde et restauration des param\u00e8tres du navigateur.<\/li>\n<\/ol>\n<h2>Abelssoft AntiBrowserSpy \u2013 description d\u00e9taill\u00e9e du produit<\/h2>\n<p class=\"translation-block\">Abelssoft AntiBrowserSpy est appr\u00e9ci\u00e9 pour ses mesures efficaces contre diverses menaces en ligne.<\/p>\n<p>Il facilite la suppression des cookies et des historiques de navigation pour une multitude de navigateurs web, notamment Google Chrome, Mozilla Firefox, Microsoft Edge et Safari. Chaque navigateur b\u00e9n\u00e9ficie de fonctions adapt\u00e9es pour une protection optimale. <strong>Protection de la vie priv\u00e9e en ligne<\/strong> und das Vermeiden von Tracking durch Webseiten und Werbung.<\/p>\n<p class=\"translation-block\">En ajustant en permanence vos empreintes num\u00e9riques, le logiciel complique la t\u00e2che des tiers souhaitant analyser votre identit\u00e9 en ligne. Il bloque \u00e9galement les publicit\u00e9s et emp\u00eache la collecte de donn\u00e9es personnelles par des r\u00e9seaux publicitaires, renfor\u00e7ant ainsi la protection de votre vie priv\u00e9e.<\/p>\n<p class=\"translation-block\">Gr\u00e2ce \u00e0 ses mises \u00e0 jour automatiques, AntiBrowserSpy reste toujours \u00e0 jour pour contrer les derni\u00e8res menaces en ligne. En plus de bloquer les fonctions de transmission de donn\u00e9es aux serveurs des fabricants, il vous prot\u00e8ge \u00e9galement contre la revente de vos donn\u00e9es personnelles aux grandes entreprises.<\/p>\n<h3>Abelssoft AntiBrowserSpy \u2013 syst\u00e8mes d'exploitation compatibles<\/h3>\n<p>Windows\u00a011, Windows\u00a010, Windows\u00a08.1, Windows\u00a08, Windows\u00a07<\/p>","protected":false},"excerpt":{"rendered":"<p class=\"translation-block\">Abelssoft AntiBrowserSpy, est un outil anti-espion complet con\u00e7u pour prot\u00e9ger votre vie priv\u00e9e en ligne en d\u00e9tectant et supprimant les logiciels espions tout en bloquant les menaces futures. Gr\u00e2ce \u00e0 son blocage efficace du suivi en ligne, cet outil garantit la s\u00e9curit\u00e9 de vos activit\u00e9s num\u00e9riques et emp\u00eache les tiers de suivre vos mouvements sur le web.<\/p>\n<p class=\"translation-block\">L'achat de ce produit vous donne acc\u00e8s \u00e0 une licence \u00e0 vie sous forme de cl\u00e9 \u00e9lectronique, permettant \u00e0 un utilisateur de profiter de cet outil puissant sur les syst\u00e8mes Windows. Ce programme, qui prend en charge plusieurs langues, est id\u00e9al pour tous ceux qui souhaitent prot\u00e9ger leur vie priv\u00e9e sur Internet.<\/p>\n<p><strong>LIVRAISON PAR E-MAIL EN 5 MINUTES<\/strong><\/p>","protected":false},"featured_media":25545,"template":"","meta":{"_seopress_robots_primary_cat":"none","_seopress_titles_title":"Abelssoft AntiBrowserSpy | Datenschutz online | SwissSoftware24","_seopress_titles_desc":"Abelssoft AntiBrowserSpy: Sch\u00fctzen Sie sich vor Online-Tracking und Spionage. Sicher und einfach zu bedienen. Jetzt bei SwissSoftware24 erh\u00e4ltlich.","_seopress_robots_index":""},"product_brand":[],"product_cat":[93,63],"product_tag":[],"class_list":{"0":"post-17860","1":"product","2":"type-product","3":"status-publish","4":"has-post-thumbnail","6":"product_cat-antivirus","7":"product_cat-antivirus-security","9":"first","10":"outofstock","11":"virtual","12":"taxable","13":"purchasable","14":"product-type-simple"},"_links":{"self":[{"href":"https:\/\/swisssoftware24.ch\/fr\/wp-json\/wp\/v2\/product\/17860","targetHints":{"allow":["GET"]}}],"collection":[{"href":"https:\/\/swisssoftware24.ch\/fr\/wp-json\/wp\/v2\/product"}],"about":[{"href":"https:\/\/swisssoftware24.ch\/fr\/wp-json\/wp\/v2\/types\/product"}],"wp:featuredmedia":[{"embeddable":true,"href":"https:\/\/swisssoftware24.ch\/fr\/wp-json\/wp\/v2\/media\/25545"}],"wp:attachment":[{"href":"https:\/\/swisssoftware24.ch\/fr\/wp-json\/wp\/v2\/media?parent=17860"}],"wp:term":[{"taxonomy":"product_brand","embeddable":true,"href":"https:\/\/swisssoftware24.ch\/fr\/wp-json\/wp\/v2\/product_brand?post=17860"},{"taxonomy":"product_cat","embeddable":true,"href":"https:\/\/swisssoftware24.ch\/fr\/wp-json\/wp\/v2\/product_cat?post=17860"},{"taxonomy":"product_tag","embeddable":true,"href":"https:\/\/swisssoftware24.ch\/fr\/wp-json\/wp\/v2\/product_tag?post=17860"}],"curies":[{"name":"wp","href":"https:\/\/api.w.org\/{rel}","templated":true}]}}