{"id":17862,"date":"2023-07-04T07:20:27","date_gmt":"2023-07-04T05:20:27","guid":{"rendered":"https:\/\/swisssoftware24.ch\/?post_type=product&#038;p=17862"},"modified":"2025-11-29T23:56:54","modified_gmt":"2025-11-29T22:56:54","slug":"abelssoft-antiransomware","status":"publish","type":"product","link":"https:\/\/swisssoftware24.ch\/fr\/products\/abelssoft-antiransomware\/","title":{"rendered":"Abelssoft AntiRansomware"},"content":{"rendered":"<h1>Abelssoft AntiRansomware \u2013 fonctions les plus importantes<\/h1>\n<ol>\n<li class=\"translation-block\">Mesures de s\u00e9curit\u00e9 pr\u00e9ventives contre le chiffrement des fichiers gr\u00e2ce \u00e0 la protection en temps r\u00e9el.<\/li>\n<li>Blocage des processus et applications suspects pour une protection proactive.<\/li>\n<li class=\"translation-block\">Sauvegarde automatique des fichiers pour une r\u00e9cup\u00e9ration apr\u00e8s une attaque par ransomware.<\/li>\n<li>Analyse avanc\u00e9e et scans personnalisables pour une s\u00e9curit\u00e9 compl\u00e8te.<\/li>\n<\/ol>\n<h2>Abelssoft AntiRansomware \u2013 description d\u00e9taill\u00e9e du produit<\/h2>\n<p><strong>Abelssoft AntiRansomware<\/strong> utilise des technologies avanc\u00e9es pour d\u00e9fendre votre syst\u00e8me contre un large \u00e9ventail de ransomwares, que ceux-ci utilisent des m\u00e9thodes de chiffrement sophistiqu\u00e9es ou des techniques de phishing et de spamming pour compromettre votre syst\u00e8me. Ce programme garantit que votre s\u00e9curit\u00e9 num\u00e9rique reste au plus haut niveau sans conflits avec les solutions antivirus existantes.<\/p>\n<p>En cas de menace, l'outil bloque imm\u00e9diatement les processus suspects et offre une protection en temps r\u00e9el, surveillant le syst\u00e8me et intervenant d\u00e8s qu'une activit\u00e9 malveillante est d\u00e9tect\u00e9e. Il permet m\u00eame une restauration s\u00e9curis\u00e9e du syst\u00e8me dans un \u00e9tat prot\u00e9g\u00e9.<\/p>\n<p>Avec une interface conviviale et la possibilit\u00e9 de personnaliser les zones de protection, <strong>Abelssoft AntiRansomware<\/strong> propose une solution sur mesure qui prot\u00e8ge efficacement vos documents, photos et vid\u00e9os pr\u00e9cieux.<\/p>\n<h3>Abelssoft AntiRansomware \u2013 syst\u00e8mes d'exploitation compatibles<\/h3>\n<p>Windows\u00a011, Windows\u00a010, Windows\u00a08.1, Windows\u00a08, Windows\u00a07<\/p>","protected":false},"excerpt":{"rendered":"<div class=\"flex-shrink-0 flex flex-col relative items-end\">\n<div>\n<div class=\"pt-0.5\">\n<div class=\"gizmo-shadow-stroke flex h-6 w-6 items-center justify-center overflow-hidden rounded-full\">\n<div class=\"h-6 w-6\"><\/div>\n<\/div>\n<\/div>\n<\/div>\n<\/div>\n<div class=\"relative flex w-full flex-col agent-turn\">\n<div class=\"font-semibold select-none translation-block\">Abelssoft AntiRansomware offre une protection robuste contre les ransomwares, prot\u00e9geant vos fichiers contre le chiffrement et bloquant les attaques malveillantes qui visent \u00e0 restreindre l'acc\u00e8s \u00e0 vos donn\u00e9es et \u00e0 exiger une ran\u00e7on.<\/div>\n<div class=\"flex-col gap-1 md:gap-3\">\n<div class=\"flex flex-grow flex-col max-w-full\">\n<div class=\"min-h-[20px] text-message flex flex-col items-start gap-3 whitespace-pre-wrap break-words [.text-message+&amp;]:mt-5 overflow-x-auto\" data-message-author-role=\"assistant\" data-message-id=\"5f8f96e5-1d3b-4563-a32b-bc433ede0290\">\n<div class=\"markdown prose w-full break-words dark:prose-invert dark\">\n<p>En achetant ce produit, vous obtenez une licence \u00e0 vie sous forme de cl\u00e9 \u00e9lectronique, permettant l'utilisation de cet outil de protection puissant sur un syst\u00e8me d'exploitation Windows. Le logiciel est con\u00e7u en plusieurs langues pour garantir une port\u00e9e utilisateur \u00e9tendue.<\/p>\n<\/div>\n<\/div>\n<\/div>\n<\/div>\n<\/div>\n<p><strong>LIVRAISON PAR E-MAIL EN 5 MINUTES<\/strong><\/p>","protected":false},"featured_media":25546,"template":"","meta":{"_seopress_robots_primary_cat":"none","_seopress_titles_title":"Abelssoft AntiRansomware | Schutz | SwissSoftware24","_seopress_titles_desc":"Abelssoft AntiRansomware sch\u00fctzt Ihren PC vor Erpressungssoftware. Erkennen und verhindern Sie Angriffe. Jetzt erh\u00e4ltlich bei SwissSoftware24.","_seopress_robots_index":""},"product_brand":[],"product_cat":[63,93],"product_tag":[],"class_list":{"0":"post-17862","1":"product","2":"type-product","3":"status-publish","4":"has-post-thumbnail","6":"product_cat-antivirus-security","7":"product_cat-antivirus","9":"first","10":"outofstock","11":"virtual","12":"taxable","13":"purchasable","14":"product-type-simple"},"_links":{"self":[{"href":"https:\/\/swisssoftware24.ch\/fr\/wp-json\/wp\/v2\/product\/17862","targetHints":{"allow":["GET"]}}],"collection":[{"href":"https:\/\/swisssoftware24.ch\/fr\/wp-json\/wp\/v2\/product"}],"about":[{"href":"https:\/\/swisssoftware24.ch\/fr\/wp-json\/wp\/v2\/types\/product"}],"wp:featuredmedia":[{"embeddable":true,"href":"https:\/\/swisssoftware24.ch\/fr\/wp-json\/wp\/v2\/media\/25546"}],"wp:attachment":[{"href":"https:\/\/swisssoftware24.ch\/fr\/wp-json\/wp\/v2\/media?parent=17862"}],"wp:term":[{"taxonomy":"product_brand","embeddable":true,"href":"https:\/\/swisssoftware24.ch\/fr\/wp-json\/wp\/v2\/product_brand?post=17862"},{"taxonomy":"product_cat","embeddable":true,"href":"https:\/\/swisssoftware24.ch\/fr\/wp-json\/wp\/v2\/product_cat?post=17862"},{"taxonomy":"product_tag","embeddable":true,"href":"https:\/\/swisssoftware24.ch\/fr\/wp-json\/wp\/v2\/product_tag?post=17862"}],"curies":[{"name":"wp","href":"https:\/\/api.w.org\/{rel}","templated":true}]}}