{"id":17865,"date":"2023-07-04T07:23:27","date_gmt":"2023-07-04T05:23:27","guid":{"rendered":"https:\/\/swisssoftware24.ch\/?post_type=product&#038;p=17865"},"modified":"2025-11-29T23:56:54","modified_gmt":"2025-11-29T22:56:54","slug":"abelssoft-cleverprint","status":"publish","type":"product","link":"https:\/\/swisssoftware24.ch\/fr\/products\/abelssoft-cleverprint\/","title":{"rendered":"Abelssoft CleverPrint"},"content":{"rendered":"<p data-start=\"95\" data-end=\"415\">Abelssoft CleverPrint offre une solution intelligente pour optimiser les processus d'impression en aidant \u00e0 \u00e9conomiser du papier, de l'encre et des co\u00fbts. En permettant d'imprimer plusieurs pages sur une seule feuille, la consommation de papier est consid\u00e9rablement r\u00e9duite sans compromettre la lisibilit\u00e9.<\/p>\n<p data-start=\"417\" data-end=\"736\">Gr\u00e2ce \u00e0 l'aper\u00e7u avant impression int\u00e9gr\u00e9, les utilisateurs peuvent v\u00e9rifier et ajuster les documents avant l'impression pour \u00e9viter les erreurs et r\u00e9duire les impressions inutiles. De plus, le logiciel permet d'enregistrer les documents au format PDF, ce qui constitue une alternative \u00e9cologique \u00e0 l'impression physique.<\/p>\n<p data-start=\"738\" data-end=\"1005\" data-is-last-node=\"\" data-is-only-node=\"\">L'int\u00e9gration facile avec toutes les applications courantes fait d'Abelssoft CleverPrint un outil polyvalent pour les bureaux et les utilisateurs \u00e0 domicile. Ceux qui souhaitent r\u00e9duire les co\u00fbts d'impression et travailler de mani\u00e8re plus durable trouveront une solution efficace dans ce logiciel.<\/p>\n<p data-start=\"738\" data-end=\"1005\" data-is-last-node=\"\" data-is-only-node=\"\"><strong>Vous trouverez plus d'informations sur ce produit\u00a0<a href=\"https:\/\/swisssoftware24.ch\/fr\/abelssoft-cleverprint-effiziente-druckverwaltung-fuer-weniger-kosten-und-mehr-nachhaltigkeit\/\">ici<\/a>.<\/strong><\/p>\n<h3>Abelssoft CleverPrint \u2013 syst\u00e8mes d'exploitation compatibles<\/h3>\n<p>Windows\u00a011, Windows\u00a010, Windows\u00a08.1, Windows\u00a08, Windows\u00a07<\/p>","protected":false},"excerpt":{"rendered":"<p class=\"translation-block\">Abelssoft CleverPrint optimise votre processus d'impression, vous aide \u00e0 r\u00e9duire vos co\u00fbts d'impression et encourage l'utilisation efficace des ressources telles que le papier et l'encre, sans compromettre la qualit\u00e9 de vos impressions. Selon le fabricant, cet outil permet d'\u00e9conomiser jusqu'\u00e0 50 % des co\u00fbts d'impression gr\u00e2ce \u00e0 des fonctions intelligentes.<\/p>\n<p class=\"translation-block\">En achetant ce produit, vous obtenez une licence annuelle sous forme de cl\u00e9 \u00e9lectronique, qui permet \u00e0 un utilisateur d\u2019utiliser cet outil d'optimisation de l'impression sur un syst\u00e8me d'exploitation Windows.<\/p>\n<p><strong>LIVRAISON PAR E-MAIL EN 5 MINUTES<\/strong><\/p>","protected":false},"featured_media":25547,"template":"","meta":{"_seopress_robots_primary_cat":"none","_seopress_titles_title":"Abelssoft CleverPrint | Drucken & Sparen | SwissSoftware24","_seopress_titles_desc":"Abelssoft CleverPrint: Sparen Sie Tinte und Papier beim Drucken. Optimieren Sie Ihre Druckauftr\u00e4ge einfach und effizient. Jetzt bei SwissSoftware24.","_seopress_robots_index":""},"product_brand":[],"product_cat":[95,65,77],"product_tag":[],"class_list":{"0":"post-17865","1":"product","2":"type-product","3":"status-publish","4":"has-post-thumbnail","6":"product_cat-buro-software","7":"product_cat-fur-unternehmen","8":"product_cat-office-programme","10":"first","11":"outofstock","12":"virtual","13":"taxable","14":"purchasable","15":"product-type-simple"},"_links":{"self":[{"href":"https:\/\/swisssoftware24.ch\/fr\/wp-json\/wp\/v2\/product\/17865","targetHints":{"allow":["GET"]}}],"collection":[{"href":"https:\/\/swisssoftware24.ch\/fr\/wp-json\/wp\/v2\/product"}],"about":[{"href":"https:\/\/swisssoftware24.ch\/fr\/wp-json\/wp\/v2\/types\/product"}],"wp:featuredmedia":[{"embeddable":true,"href":"https:\/\/swisssoftware24.ch\/fr\/wp-json\/wp\/v2\/media\/25547"}],"wp:attachment":[{"href":"https:\/\/swisssoftware24.ch\/fr\/wp-json\/wp\/v2\/media?parent=17865"}],"wp:term":[{"taxonomy":"product_brand","embeddable":true,"href":"https:\/\/swisssoftware24.ch\/fr\/wp-json\/wp\/v2\/product_brand?post=17865"},{"taxonomy":"product_cat","embeddable":true,"href":"https:\/\/swisssoftware24.ch\/fr\/wp-json\/wp\/v2\/product_cat?post=17865"},{"taxonomy":"product_tag","embeddable":true,"href":"https:\/\/swisssoftware24.ch\/fr\/wp-json\/wp\/v2\/product_tag?post=17865"}],"curies":[{"name":"wp","href":"https:\/\/api.w.org\/{rel}","templated":true}]}}