{"id":17871,"date":"2023-07-04T07:33:31","date_gmt":"2023-07-04T05:33:31","guid":{"rendered":"https:\/\/swisssoftware24.ch\/?post_type=product&#038;p=17871"},"modified":"2025-11-29T23:56:54","modified_gmt":"2025-11-29T22:56:54","slug":"abelssoft-easy-pdf","status":"publish","type":"product","link":"https:\/\/swisssoftware24.ch\/fr\/products\/abelssoft-easy-pdf\/","title":{"rendered":"Abelssoft Easy PDF"},"content":{"rendered":"<p class=\"\" data-start=\"109\" data-end=\"460\">Abelssoft Easy PDF est un logiciel convivial pour la gestion compl\u00e8te des fichiers PDF. Il permet de convertir des PDF en formats tels que Word, Excel, HTML, TXT et JPG, et vice versa \u2013 id\u00e9al pour l'\u00e9change de donn\u00e9es flexible. En quelques clics seulement, le contenu peut \u00eatre converti facilement sans perdre le formatage.<\/p>\n<p class=\"\" data-start=\"462\" data-end=\"825\">Gr\u00e2ce \u00e0 la protection par mot de passe int\u00e9gr\u00e9e, les documents PDF peuvent \u00eatre efficacement prot\u00e9g\u00e9s contre les acc\u00e8s non autoris\u00e9s. De plus, le programme offre une vari\u00e9t\u00e9 de fonctions d'\u00e9dition: les textes, les images, les polices et les couleurs peuvent \u00eatre ajust\u00e9s et personnalis\u00e9s directement dans le PDF. La fusion ou la division des fichiers est \u00e9galement rapide et intuitive.<\/p>\n<p class=\"\" data-start=\"827\" data-end=\"1206\">Abelssoft Easy PDF prend en charge neuf langues, ce qui facilite l'utilisation internationale. Le logiciel est parfait pour les utilisateurs professionnels qui travaillent r\u00e9guli\u00e8rement avec des PDF et impressionne par la connectivit\u00e9 cloud et la possibilit\u00e9 d'ins\u00e9rer des signatures num\u00e9riques. Ainsi, vous gardez toujours le contr\u00f4le total de vos documents \u2013 simplement, en toute s\u00e9curit\u00e9 et efficacement.<\/p>\n<p data-start=\"827\" data-end=\"1206\"><strong>Vous trouverez plus d'informations sur ce produit\u00a0<a href=\"https:\/\/swisssoftware24.ch\/fr\/abelssoft-easy-pdf-ihr-vielseitiges-pdf-werkzeug-fuer-alltag-und-beruf\/\">ici<\/a>.<\/strong><\/p>\n<h3>Abelssoft Easy PDF \u2013 syst\u00e8mes d'exploitation compatibles<\/h3>\n<p>Windows 11, Windows 10, Windows 8.1, Windows 8, Windows 7<\/p>","protected":false},"excerpt":{"rendered":"<p><strong>Abelssoft Easy PDF<\/strong> est votre solution compl\u00e8te pour toutes vos exigences li\u00e9es aux fichiers PDF, allant de la conversion, la fusion et la division, \u00e0 la protection de vos documents. Gr\u00e2ce \u00e0 une licence activ\u00e9e par une cl\u00e9 \u00e9lectronique, ce logiciel offre une gamme compl\u00e8te de fonctionnalit\u00e9s pour l'\u00e9dition et la s\u00e9curisation efficace de vos documents PDF sur des syst\u00e8mes d'exploitation Windows, pendant une dur\u00e9e d'un an.<\/p>\n<p><strong>\u00a0<\/strong><\/p>","protected":false},"featured_media":25550,"template":"","meta":{"_seopress_robots_primary_cat":"none","_seopress_titles_title":"Abelssoft Easy PDF | PDFs bearbeiten | SwissSoftware24","_seopress_titles_desc":"Abelssoft Easy PDF: Erstellen, bearbeiten und konvertieren Sie PDFs m\u00fchelos. Ideal f\u00fcr Ihre Dokumentenverwaltung. Jetzt bei SwissSoftware24 erh\u00e4ltlich.","_seopress_robots_index":""},"product_brand":[],"product_cat":[65,95],"product_tag":[],"class_list":{"0":"post-17871","1":"product","2":"type-product","3":"status-publish","4":"has-post-thumbnail","6":"product_cat-fur-unternehmen","7":"product_cat-buro-software","9":"first","10":"outofstock","11":"virtual","12":"taxable","13":"purchasable","14":"product-type-simple"},"_links":{"self":[{"href":"https:\/\/swisssoftware24.ch\/fr\/wp-json\/wp\/v2\/product\/17871","targetHints":{"allow":["GET"]}}],"collection":[{"href":"https:\/\/swisssoftware24.ch\/fr\/wp-json\/wp\/v2\/product"}],"about":[{"href":"https:\/\/swisssoftware24.ch\/fr\/wp-json\/wp\/v2\/types\/product"}],"wp:featuredmedia":[{"embeddable":true,"href":"https:\/\/swisssoftware24.ch\/fr\/wp-json\/wp\/v2\/media\/25550"}],"wp:attachment":[{"href":"https:\/\/swisssoftware24.ch\/fr\/wp-json\/wp\/v2\/media?parent=17871"}],"wp:term":[{"taxonomy":"product_brand","embeddable":true,"href":"https:\/\/swisssoftware24.ch\/fr\/wp-json\/wp\/v2\/product_brand?post=17871"},{"taxonomy":"product_cat","embeddable":true,"href":"https:\/\/swisssoftware24.ch\/fr\/wp-json\/wp\/v2\/product_cat?post=17871"},{"taxonomy":"product_tag","embeddable":true,"href":"https:\/\/swisssoftware24.ch\/fr\/wp-json\/wp\/v2\/product_tag?post=17871"}],"curies":[{"name":"wp","href":"https:\/\/api.w.org\/{rel}","templated":true}]}}