{"id":17873,"date":"2023-07-04T07:42:21","date_gmt":"2023-07-04T05:42:21","guid":{"rendered":"https:\/\/swisssoftware24.ch\/?post_type=product&#038;p=17873"},"modified":"2025-11-29T23:56:54","modified_gmt":"2025-11-29T22:56:54","slug":"abelssoft-easy-firewall","status":"publish","type":"product","link":"https:\/\/swisssoftware24.ch\/fr\/products\/abelssoft-easy-firewall\/","title":{"rendered":"Abelssoft Easy FireWall"},"content":{"rendered":"<h1>Abelssoft Easy FireWall \u2013 fonctions les plus importantes<\/h1>\n<ol>\n<li><strong>Blocage des adresses IP dangereuses:<\/strong>Renforce la s\u00e9curit\u00e9 de votre r\u00e9seau en filtrant et bloquant les adresses IP ind\u00e9sirables.<\/li>\n<li><strong>Gestion des r\u00e8gles et surveillance du trafic r\u00e9seau:<\/strong>Fournit des informations d\u00e9taill\u00e9es sur votre trafic r\u00e9seau et permet de d\u00e9finir des r\u00e8gles sp\u00e9cifiques pour les applications et services.<\/li>\n<li><strong>D\u00e9tection des Applications R\u00e9seau<\/strong>Identifie les applications qui tentent d'acc\u00e9der au r\u00e9seau et permet de contr\u00f4ler leurs autorisations d'acc\u00e8s.<\/li>\n<li><strong>Configuration Automatique<\/strong>Simplifie la configuration du pare-feu pour les utilisateurs sans connaissances approfondies en r\u00e9seau.<\/li>\n<\/ol>\n<h2>Abelssoft Easy FireWall \u2013 description d\u00e9taill\u00e9e du produit<\/h2>\n<p><strong>Abelssoft Easy FireWall<\/strong> vous permet de prendre le contr\u00f4le de la s\u00e9curit\u00e9 de votre r\u00e9seau en d\u00e9tectant et bloquant les tentatives d'acc\u00e8s non autoris\u00e9es. Le filtrage flexible du trafic r\u00e9seau vous permet de d\u00e9finir pr\u00e9cis\u00e9ment quelles applications et services peuvent acc\u00e9der \u00e0 Internet, renfor\u00e7ant ainsi la s\u00e9curit\u00e9 de vos donn\u00e9es et votre vie priv\u00e9e en ligne.<\/p>\n<p>En plus des configurations de base, le programme propose des options avanc\u00e9es comme le blocage automatique des programmes tentant de se connecter \u00e0 Internet sans votre autorisation. Gr\u00e2ce \u00e0 une interface utilisateur intuitive et \u00e0 la gestion des r\u00e8gles, il est facile de personnaliser et d'optimiser vos param\u00e8tres de s\u00e9curit\u00e9.<\/p>\n<p>La fonction de planification vous permet de d\u00e9finir des plages horaires pendant lesquelles votre pare-feu est actif, maximisant ainsi la protection tout en offrant une flexibilit\u00e9 d'utilisation de votre ordinateur. La protection contre les attaques DDoS et la mise \u00e0 jour r\u00e9guli\u00e8re des bases de donn\u00e9es des menaces garantissent que vous \u00eates toujours prot\u00e9g\u00e9 contre les derni\u00e8res menaces r\u00e9seau.<\/p>\n<h3>Abelssoft Easy FireWall\u00a0<strong>&#8211; kompatible Betriebssysteme<\/strong><\/h3>\n<p>Windows\u00a011, Windows\u00a010<\/p>","protected":false},"excerpt":{"rendered":"<p><strong>Abelssoft Easy FireWall<\/strong> est un logiciel de pare-feu avanc\u00e9 con\u00e7u pour renforcer la s\u00e9curit\u00e9 de votre syst\u00e8me Windows en vous offrant une protection suppl\u00e9mentaire contre les acc\u00e8s non autoris\u00e9s et en am\u00e9liorant les fonctionnalit\u00e9s de la pare-feu syst\u00e8me par d\u00e9faut. Cette application puissante vous permet de surveiller et de g\u00e9rer le trafic r\u00e9seau afin d'accro\u00eetre la confidentialit\u00e9 de vos activit\u00e9s en ligne.<\/p>\n<p>En choisissant ce produit, vous obtenez une licence permanente sous forme de cl\u00e9 \u00e9lectronique, vous permettant d'utiliser cette solution compl\u00e8te de surveillance du trafic r\u00e9seau. Ce logiciel, con\u00e7u pour les syst\u00e8mes d'exploitation Windows, prend en charge 14 langues, le rendant accessible \u00e0 l\u2019\u00e9chelle mondiale.<\/p>\n<p><strong>LIVRAISON PAR E-MAIL EN 5 MINUTES<\/strong><\/p>","protected":false},"featured_media":25551,"template":"","meta":{"_seopress_robots_primary_cat":"none","_seopress_titles_title":"Abelssoft Easy FireWall | Kontrolle | SwissSoftware24","_seopress_titles_desc":"Abelssoft Easy FireWall bietet effektiven Schutz gegen Hacker und unerw\u00fcnschte Verbindungen. Einfache Einrichtung. Jetzt erh\u00e4ltlich bei SwissSoftware24.","_seopress_robots_index":""},"product_brand":[],"product_cat":[63,93,65,94],"product_tag":[],"class_list":{"0":"post-17873","1":"product","2":"type-product","3":"status-publish","4":"has-post-thumbnail","6":"product_cat-antivirus-security","7":"product_cat-antivirus","8":"product_cat-fur-unternehmen","9":"product_cat-antivirus-security-fur-unternehmen","11":"first","12":"outofstock","13":"virtual","14":"taxable","15":"purchasable","16":"product-type-simple"},"_links":{"self":[{"href":"https:\/\/swisssoftware24.ch\/fr\/wp-json\/wp\/v2\/product\/17873","targetHints":{"allow":["GET"]}}],"collection":[{"href":"https:\/\/swisssoftware24.ch\/fr\/wp-json\/wp\/v2\/product"}],"about":[{"href":"https:\/\/swisssoftware24.ch\/fr\/wp-json\/wp\/v2\/types\/product"}],"wp:featuredmedia":[{"embeddable":true,"href":"https:\/\/swisssoftware24.ch\/fr\/wp-json\/wp\/v2\/media\/25551"}],"wp:attachment":[{"href":"https:\/\/swisssoftware24.ch\/fr\/wp-json\/wp\/v2\/media?parent=17873"}],"wp:term":[{"taxonomy":"product_brand","embeddable":true,"href":"https:\/\/swisssoftware24.ch\/fr\/wp-json\/wp\/v2\/product_brand?post=17873"},{"taxonomy":"product_cat","embeddable":true,"href":"https:\/\/swisssoftware24.ch\/fr\/wp-json\/wp\/v2\/product_cat?post=17873"},{"taxonomy":"product_tag","embeddable":true,"href":"https:\/\/swisssoftware24.ch\/fr\/wp-json\/wp\/v2\/product_tag?post=17873"}],"curies":[{"name":"wp","href":"https:\/\/api.w.org\/{rel}","templated":true}]}}