{"id":17877,"date":"2023-07-04T07:50:51","date_gmt":"2023-07-04T05:50:51","guid":{"rendered":"https:\/\/swisssoftware24.ch\/?post_type=product&#038;p=17877"},"modified":"2025-11-29T23:56:54","modified_gmt":"2025-11-29T22:56:54","slug":"abelssoft-filefusion","status":"publish","type":"product","link":"https:\/\/swisssoftware24.ch\/fr\/products\/abelssoft-filefusion\/","title":{"rendered":"Abelssoft FileFusion"},"content":{"rendered":"<p class=\"\" data-start=\"321\" data-end=\"682\">Abelssoft FileFusion est la solution id\u00e9ale pour tous ceux qui souhaitent lib\u00e9rer de l'espace de stockage et organiser efficacement leurs fichiers. Gr\u00e2ce \u00e0 des algorithmes intelligents, le programme identifie les fichiers en double et similaires qui occupent inutilement de l'espace. Le mode de pr\u00e9visualisation de fichiers int\u00e9gr\u00e9 garantit que vous ne supprimez que ce dont vous n'avez vraiment plus besoin.<\/p>\n<p class=\"\" data-start=\"684\" data-end=\"1038\">Le logiciel offre de nombreuses options de configuration pour le processus de suppression. Les utilisateurs peuvent scanner des types de fichiers sp\u00e9cifiques, d\u00e9finir leurs propres crit\u00e8res de comparaison et d\u00e9cider de supprimer les fichiers directement ou de les archiver en premier. Des copies de s\u00e9curit\u00e9 sont cr\u00e9\u00e9es avant chaque action pour \u00e9viter la perte de donn\u00e9es importantes.<\/p>\n<p class=\"\" data-start=\"1040\" data-end=\"1369\">Un avantage significatif est la possibilit\u00e9 de s\u00e9lectionner des dossiers sp\u00e9cifiques \u00e0 scanner, ce qui acc\u00e9l\u00e8re consid\u00e9rablement le processus. L'interface conviviale convient m\u00eame aux utilisateurs moins avertis techniquement. FileFusion prot\u00e8ge \u00e9galement contre la suppression accidentelle de fichiers syst\u00e8me, garantissant ainsi un fonctionnement s\u00fbr.<\/p>\n<p data-start=\"1040\" data-end=\"1369\"><strong>Vous trouverez plus d'informations sur ce produit\u00a0<a href=\"https:\/\/swisssoftware24.ch\/fr\/abelssoft-filefusion-intelligentes-festplatten-cleanup-fuer-mehr-speicherplatz\/\">ici<\/a>.<\/strong><\/p>\n<h3>Abelssoft FileFusion \u2013 syst\u00e8mes d'exploitation compatibles<\/h3>\n<p>Windows 11, Windows 10, Windows 8.1, Windows 8, Windows 7<\/p>","protected":false},"excerpt":{"rendered":"<div class=\"flex-shrink-0 flex flex-col relative items-end\">\n<div>\n<div class=\"pt-0.5\">\n<div class=\"gizmo-shadow-stroke flex h-6 w-6 items-center justify-center overflow-hidden rounded-full\">\n<div class=\"h-6 w-6\">\n<div class=\"gizmo-shadow-stroke overflow-hidden rounded-full translation-block\">Abelssoft FileFusion a \u00e9t\u00e9 sp\u00e9cialement con\u00e7u pour vous aider \u00e0 am\u00e9liorer l'efficacit\u00e9 de votre disque dur. Il \u00e9limine efficacement les doublons, am\u00e9liore l'organisation des fichiers et augmente l'espace de stockage disponible sur votre ordinateur.<\/div>\n<\/div>\n<\/div>\n<\/div>\n<\/div>\n<\/div>\n<div class=\"relative flex w-full flex-col agent-turn\">\n<div class=\"flex-col gap-1 md:gap-3\">\n<div class=\"flex flex-grow flex-col max-w-full\">\n<div class=\"min-h-[20px] text-message flex flex-col items-start gap-3 whitespace-pre-wrap break-words [.text-message+&amp;]:mt-5 overflow-x-auto\" data-message-author-role=\"assistant\" data-message-id=\"fe6ff1da-4f26-4298-ba98-f4093f2d74b9\">\n<div class=\"result-streaming markdown prose w-full break-words dark:prose-invert light\">\n<p class=\"translation-block\">En achetant ce programme de recherche de doublons, vous recevrez une licence par e-mail, vous donnant acc\u00e8s \u00e0 une cl\u00e9 num\u00e9rique. Cette licence permet d'utiliser l'outil pendant une ann\u00e9e enti\u00e8re et est id\u00e9ale pour les ordinateurs fonctionnant sous syst\u00e8mes d'exploitation Windows.<\/p>\n<\/div>\n<\/div>\n<\/div>\n<\/div>\n<\/div>\n<p><strong>LIVRAISON PAR E-MAIL EN 5 MINUTES<\/strong><\/p>","protected":false},"featured_media":25555,"template":"","meta":{"_seopress_robots_primary_cat":"none","_seopress_titles_title":"Abelssoft FileFusion | Datenfusion | SwissSoftware24","_seopress_titles_desc":"Abelssoft FileFusion: Sparen Sie Speicherplatz durch das Finden und Zusammenf\u00fchren doppelter Dateien. Jetzt bei SwissSoftware24 erh\u00e4ltlich.","_seopress_robots_index":""},"product_brand":[],"product_cat":[95,77],"product_tag":[],"class_list":{"0":"post-17877","1":"product","2":"type-product","3":"status-publish","4":"has-post-thumbnail","6":"product_cat-buro-software","7":"product_cat-office-programme","9":"first","10":"outofstock","11":"virtual","12":"taxable","13":"purchasable","14":"product-type-simple"},"_links":{"self":[{"href":"https:\/\/swisssoftware24.ch\/fr\/wp-json\/wp\/v2\/product\/17877","targetHints":{"allow":["GET"]}}],"collection":[{"href":"https:\/\/swisssoftware24.ch\/fr\/wp-json\/wp\/v2\/product"}],"about":[{"href":"https:\/\/swisssoftware24.ch\/fr\/wp-json\/wp\/v2\/types\/product"}],"wp:featuredmedia":[{"embeddable":true,"href":"https:\/\/swisssoftware24.ch\/fr\/wp-json\/wp\/v2\/media\/25555"}],"wp:attachment":[{"href":"https:\/\/swisssoftware24.ch\/fr\/wp-json\/wp\/v2\/media?parent=17877"}],"wp:term":[{"taxonomy":"product_brand","embeddable":true,"href":"https:\/\/swisssoftware24.ch\/fr\/wp-json\/wp\/v2\/product_brand?post=17877"},{"taxonomy":"product_cat","embeddable":true,"href":"https:\/\/swisssoftware24.ch\/fr\/wp-json\/wp\/v2\/product_cat?post=17877"},{"taxonomy":"product_tag","embeddable":true,"href":"https:\/\/swisssoftware24.ch\/fr\/wp-json\/wp\/v2\/product_tag?post=17877"}],"curies":[{"name":"wp","href":"https:\/\/api.w.org\/{rel}","templated":true}]}}