{"id":17879,"date":"2023-07-04T07:54:09","date_gmt":"2023-07-04T05:54:09","guid":{"rendered":"https:\/\/swisssoftware24.ch\/?post_type=product&#038;p=17879"},"modified":"2025-11-29T23:56:54","modified_gmt":"2025-11-29T22:56:54","slug":"abelssoft-file-organizer","status":"publish","type":"product","link":"https:\/\/swisssoftware24.ch\/fr\/products\/abelssoft-file-organizer\/","title":{"rendered":"Organisateur de fichiers Abelssoft"},"content":{"rendered":"<p class=\"\" data-start=\"196\" data-end=\"511\">Abelssoft File Organizer est une solution intelligente pour le tri automatique des fichiers en temps r\u00e9el. Les utilisateurs peuvent d\u00e9finir des r\u00e8gles individuelles pour organiser les fichiers par format, nom, date ou mot-cl\u00e9. Ainsi, chaque fichier atterrit exactement l\u00e0 o\u00f9 il doit aller \u2013 sans aucun d\u00e9placement manuel.<\/p>\n<p class=\"\" data-start=\"513\" data-end=\"898\">Le programme d\u00e9tecte les doublons de mani\u00e8re fiable et offre des options pour une gestion ou une suppression cibl\u00e9e. Gr\u00e2ce \u00e0 la prise en charge de nombreux types et formats de fichiers, les documents, les images, les fichiers musicaux et les vid\u00e9os peuvent \u00eatre structur\u00e9s efficacement. De plus, une fonction d'archivage int\u00e9gr\u00e9e garantit que des copies de sauvegarde sont cr\u00e9\u00e9es avant le d\u00e9placement des fichiers.<\/p>\n<p class=\"\" data-start=\"900\" data-end=\"1120\">L'interface intuitive permet une utilisation facile, m\u00eame pour les utilisateurs moins exp\u00e9riment\u00e9s. Une fonction de pr\u00e9visualisation donne un aper\u00e7u clair avant le processus de tri, afin qu'aucun fichier ne soit perdu accidentellement.<\/p>\n<p data-start=\"900\" data-end=\"1120\"><strong>Vous trouverez plus d'informations sur ce produit\u00a0<a href=\"https:\/\/swisssoftware24.ch\/fr\/abelssoft-file-organizer-mehr-ordnung-weniger-chaos\/\">ici<\/a>.<\/strong><\/p>\n<h3>Abelssoft File Organizer \u2013 syst\u00e8mes d'exploitation compatibles<\/h3>\n<p>Windows 11, Windows 10, Windows 8.1, Windows 8, Windows 7<\/p>","protected":false},"excerpt":{"rendered":"<p class=\"translation-block\">Abelssoft File Organizer a \u00e9t\u00e9 con\u00e7u pour offrir un confort optimal \u00e0 l\u2019utilisateur. Cet outil propose une organisation efficace et pr\u00e9cise des fichiers sur votre ordinateur. Il scanne votre disque dur \u00e0 la recherche de fichiers et dossiers, puis les organise automatiquement selon vos pr\u00e9f\u00e9rences.<\/p>\n<p class=\"translation-block\">En achetant ce produit, vous obtenez une licence \u00e0 vie sous forme de cl\u00e9 \u00e9lectronique, vous permettant d\u2019utiliser ce programme pour organiser vos fichiers sous Windows.<\/p>\n<p><strong>LIVRAISON PAR E-MAIL EN 5 MINUTES<\/strong><\/p>","protected":false},"featured_media":25554,"template":"","meta":{"_seopress_robots_primary_cat":"none","_seopress_titles_title":"Abelssoft File Organizer | Dateien ordnen | SwissSoftware24","_seopress_titles_desc":"Abelssoft File Organizer hilft Ihnen, Dateien zu ordnen und den \u00dcberblick zu behalten. Perfekt f\u00fcr bessere Organisation. Jetzt bei SwissSoftware24.","_seopress_robots_index":""},"product_brand":[],"product_cat":[95],"product_tag":[],"class_list":{"0":"post-17879","1":"product","2":"type-product","3":"status-publish","4":"has-post-thumbnail","6":"product_cat-buro-software","8":"first","9":"outofstock","10":"virtual","11":"taxable","12":"purchasable","13":"product-type-simple"},"_links":{"self":[{"href":"https:\/\/swisssoftware24.ch\/fr\/wp-json\/wp\/v2\/product\/17879","targetHints":{"allow":["GET"]}}],"collection":[{"href":"https:\/\/swisssoftware24.ch\/fr\/wp-json\/wp\/v2\/product"}],"about":[{"href":"https:\/\/swisssoftware24.ch\/fr\/wp-json\/wp\/v2\/types\/product"}],"wp:featuredmedia":[{"embeddable":true,"href":"https:\/\/swisssoftware24.ch\/fr\/wp-json\/wp\/v2\/media\/25554"}],"wp:attachment":[{"href":"https:\/\/swisssoftware24.ch\/fr\/wp-json\/wp\/v2\/media?parent=17879"}],"wp:term":[{"taxonomy":"product_brand","embeddable":true,"href":"https:\/\/swisssoftware24.ch\/fr\/wp-json\/wp\/v2\/product_brand?post=17879"},{"taxonomy":"product_cat","embeddable":true,"href":"https:\/\/swisssoftware24.ch\/fr\/wp-json\/wp\/v2\/product_cat?post=17879"},{"taxonomy":"product_tag","embeddable":true,"href":"https:\/\/swisssoftware24.ch\/fr\/wp-json\/wp\/v2\/product_tag?post=17879"}],"curies":[{"name":"wp","href":"https:\/\/api.w.org\/{rel}","templated":true}]}}