{"id":17887,"date":"2023-07-04T08:31:34","date_gmt":"2023-07-04T06:31:34","guid":{"rendered":"https:\/\/swisssoftware24.ch\/?post_type=product&#038;p=17887"},"modified":"2025-11-29T23:56:54","modified_gmt":"2025-11-29T22:56:54","slug":"abelssoft-recordify","status":"publish","type":"product","link":"https:\/\/swisssoftware24.ch\/fr\/products\/abelssoft-recordify\/","title":{"rendered":"Abelssoft Recordify"},"content":{"rendered":"<p data-start=\"70\" data-end=\"485\">Avec Abelssoft Recordify, vous pouvez enregistrer des flux musicaux d'une excellente qualit\u00e9 et les enregistrer directement en tant que fichiers distincts. Le logiciel reconna\u00eet automatiquement les chansons, les s\u00e9pare en pistes individuelles et ajoute des tags ID3 tels que l'artiste, l'album et le titre. Gr\u00e2ce \u00e0 la fonction de reconnaissance des publicit\u00e9s, les interruptions g\u00eanantes sont supprim\u00e9es lors de l'enregistrement \u00e0 partir de plateformes telles que Spotify, Deezer ou Amazon Music.<\/p>\n<p data-start=\"487\" data-end=\"857\">Recordify offre une qualit\u00e9 d'enregistrement jusqu'\u00e0 320 kbps et vous permet d'enregistrer des listes de lecture enti\u00e8res. La normalisation automatique du volume assure une exp\u00e9rience sonore uniforme, tandis que les chansons \u00e9dit\u00e9es peuvent \u00eatre import\u00e9es directement dans les lecteurs de musique populaires. Un lecteur int\u00e9gr\u00e9 est \u00e9galement disponible pour l'\u00e9coute hors ligne.<\/p>\n<p data-start=\"859\" data-end=\"1231\" data-is-last-node=\"\">Le logiciel se caract\u00e9rise par une interface utilisateur intuitive qui permet une utilisation facile tant pour les d\u00e9butants que pour les utilisateurs exp\u00e9riment\u00e9s. Windows 11, 10, 8.1 et 7 sont pris en charge, Recordify fonctionne donc sans probl\u00e8me sur la plupart des syst\u00e8mes. Parfait pour tous ceux qui souhaitent enregistrer et g\u00e9rer leur musique pr\u00e9f\u00e9r\u00e9e de mani\u00e8re pratique et sans publicit\u00e9.<\/p>\n<p data-start=\"859\" data-end=\"1231\" data-is-last-node=\"\"><strong>Vous trouverez plus d'informations sur ce produit\u00a0<a href=\"https:\/\/swisssoftware24.ch\/fr\/abelssoft-recordify-die-beste-loesung-zum-aufnehmen-und-speichern-von-musikstreams\/\">ici<\/a>.<\/strong><\/p>\n<h3>Abelssoft Recordify \u2013 syst\u00e8mes d'exploitation compatible<\/h3>\n<p>Windows\u00a011, Windows\u00a010, Windows\u00a08.1, Windows\u00a07<\/p>","protected":false},"excerpt":{"rendered":"<p class=\"translation-block\">Abelssoft Recordify est un outil avanc\u00e9 con\u00e7u pour l'enregistrement de musique \u00e0 partir de plateformes de streaming populaires telles que Spotify, YouTube, Deezer et Amazon Music. Il permet de capturer et d'enregistrer facilement des flux de musique en haute qualit\u00e9 au format MP3 ou FLAC pour une \u00e9coute hors ligne.<\/p>\n<p class=\"translation-block\">Lors de l'achat de ce produit, vous recevrez une licence annuelle sous forme de cl\u00e9 \u00e9lectronique, permettant l'utilisation de cet outil d'enregistrement sur des ordinateurs \u00e9quip\u00e9s de Windows.<\/p>\n<p><strong>LIVRAISON PAR E-MAIL EN 5 MINUTES<\/strong><\/p>","protected":false},"featured_media":25560,"template":"","meta":{"_seopress_robots_primary_cat":"none","_seopress_titles_title":"Abelssoft Recordify: Musik aufnehmen | SwissSoftware24","_seopress_titles_desc":"Nehmen Sie Ihre Lieblingsmusik von Streaming-Diensten mit Abelssoft Recordify auf. Speichern Sie Songs als MP3. Jetzt bei SwissSoftware24 erh\u00e4ltlich.","_seopress_robots_index":""},"product_brand":[],"product_cat":[131,83],"product_tag":[],"class_list":{"0":"post-17887","1":"product","2":"type-product","3":"status-publish","4":"has-post-thumbnail","6":"product_cat-andere","7":"product_cat-video-grafik-andere","9":"first","10":"outofstock","11":"virtual","12":"taxable","13":"purchasable","14":"product-type-simple"},"_links":{"self":[{"href":"https:\/\/swisssoftware24.ch\/fr\/wp-json\/wp\/v2\/product\/17887","targetHints":{"allow":["GET"]}}],"collection":[{"href":"https:\/\/swisssoftware24.ch\/fr\/wp-json\/wp\/v2\/product"}],"about":[{"href":"https:\/\/swisssoftware24.ch\/fr\/wp-json\/wp\/v2\/types\/product"}],"wp:featuredmedia":[{"embeddable":true,"href":"https:\/\/swisssoftware24.ch\/fr\/wp-json\/wp\/v2\/media\/25560"}],"wp:attachment":[{"href":"https:\/\/swisssoftware24.ch\/fr\/wp-json\/wp\/v2\/media?parent=17887"}],"wp:term":[{"taxonomy":"product_brand","embeddable":true,"href":"https:\/\/swisssoftware24.ch\/fr\/wp-json\/wp\/v2\/product_brand?post=17887"},{"taxonomy":"product_cat","embeddable":true,"href":"https:\/\/swisssoftware24.ch\/fr\/wp-json\/wp\/v2\/product_cat?post=17887"},{"taxonomy":"product_tag","embeddable":true,"href":"https:\/\/swisssoftware24.ch\/fr\/wp-json\/wp\/v2\/product_tag?post=17887"}],"curies":[{"name":"wp","href":"https:\/\/api.w.org\/{rel}","templated":true}]}}