{"id":18296,"date":"2023-02-25T15:42:53","date_gmt":"2023-02-25T14:42:53","guid":{"rendered":"https:\/\/swisssoftware24.ch\/?post_type=product&#038;p=18296"},"modified":"2026-04-06T15:24:06","modified_gmt":"2026-04-06T13:24:06","slug":"microsoft-365-family-multilingual","status":"publish","type":"product","link":"https:\/\/swisssoftware24.ch\/fr\/products\/microsoft-365-family-multilingual\/","title":{"rendered":"Microsoft 365 Family"},"content":{"rendered":"<p>Vous recevrez ce produit par e-mail. Cet e-mail contiendra la cl\u00e9 produit, un lien de t\u00e9l\u00e9chargement et une facture conforme \u00e0 la TVA. Nous vendons exclusivement des produits authentiques et offrons une garantie de 2 ans. Nous serons ravis de vous assister pour l'installation.<\/p>\n<h2><a href=\"https:\/\/swisssoftware24.ch\/fr\/products\/office-2024-standard-5-user\/\"><strong>Achtung: Als preisg\u00fcnstige Alternative bieten wir <\/strong><strong>Office 2024 Standard f\u00fcr 5 Benutzer<\/strong><strong> an. Keine J\u00e4hrliche kosten f\u00fcr nur 59.\u2013 Franken. Klicke hier!<\/strong><\/a><\/h2>\n<p>&nbsp;<\/p>\n<p><img loading=\"lazy\" decoding=\"async\" class=\"aligncenter wp-image-13484 size-full\" src=\"https:\/\/swisssoftware24.ch\/wp-content\/uploads\/2023\/02\/auf_the_nutzer.jpg\" alt=\"\" width=\"1200\" height=\"100\" srcset=\"https:\/\/swisssoftware24.ch\/wp-content\/uploads\/2023\/02\/auf_the_nutzer.jpg 1200w, https:\/\/swisssoftware24.ch\/wp-content\/uploads\/2023\/02\/auf_the_nutzer-600x50.jpg 600w, https:\/\/swisssoftware24.ch\/wp-content\/uploads\/2023\/02\/auf_the_nutzer-64x5.jpg 64w, https:\/\/swisssoftware24.ch\/wp-content\/uploads\/2023\/02\/auf_the_nutzer-300x25.jpg 300w, https:\/\/swisssoftware24.ch\/wp-content\/uploads\/2023\/02\/auf_the_nutzer-1024x85.jpg 1024w, https:\/\/swisssoftware24.ch\/wp-content\/uploads\/2023\/02\/auf_the_nutzer-768x64.jpg 768w\" sizes=\"auto, (max-width: 1200px) 100vw, 1200px\" \/><\/p>\n<p data-sourcepos=\"3:1-3:344\">Microsoft 365 Family est la solution id\u00e9ale pour les familles modernes qui valorisent le confort, l'efficacit\u00e9 et la s\u00e9curit\u00e9. Avec ce pack, votre famille a acc\u00e8s aux derni\u00e8res versions des applications Microsoft Office les plus populaires telles que Word, Excel, PowerPoint et Outlook. Tout ce dont vous avez besoin pour travailler, \u00e9tudier et r\u00e9aliser des projets cr\u00e9atifs.<\/p>\n<p data-sourcepos=\"5:1-5:330\">Avec Microsoft 365 Family, chaque membre de la famille peut travailler sur ses appareils pr\u00e9f\u00e9r\u00e9s. Que vous utilisiez un PC, un Mac, un iPad ou un smartphone, vous aurez acc\u00e8s \u00e0 vos documents, feuilles de calcul et pr\u00e9sentations o\u00f9 que vous soyez et \u00e0 tout moment. Gr\u00e2ce \u00e0 la synchronisation dans le cloud, tous vos fichiers sont stock\u00e9s en toute s\u00e9curit\u00e9 et toujours accessibles.<\/p>\n<p data-sourcepos=\"7:1-7:390\">Microsoft 365 Family n'est pas seulement con\u00e7u pour le travail, mais est \u00e9galement une excellente plateforme pour l'apprentissage et le d\u00e9veloppement. Des applications comme OneNote vous permettent de cr\u00e9er des notes, des dessins et des croquis, ce qui est id\u00e9al pour les \u00e9tudiants. Et gr\u00e2ce \u00e0 l'int\u00e9gration de Teams, vous pouvez facilement organiser des r\u00e9unions familiales en ligne et collaborer sur des projets communs.<\/p>\n<p data-sourcepos=\"9:1-9:270\">Offrez \u00e0 votre famille l'acc\u00e8s aux meilleurs outils Microsoft \u00e0 un prix abordable. Microsoft 365 Family est un investissement dans l'avenir de votre famille, qui augmentera votre productivit\u00e9, am\u00e9liorera votre organisation et cr\u00e9era des souvenirs inoubliables.<\/p>\n<p data-sourcepos=\"9:1-9:270\"><strong>Vous trouverez plus d'informations sur ce produit\u00a0<a href=\"https:\/\/swisssoftware24.ch\/fr\/microsoft-365-family-die-perfekte-loesung-fuer-ihre-familie\/\">ici<\/a>.<\/strong><\/p>\n<p><img loading=\"lazy\" decoding=\"async\" class=\"aligncenter wp-image-13485 size-full\" src=\"https:\/\/swisssoftware24.ch\/wp-content\/uploads\/2023\/02\/bis-zu-6.jpg\" alt=\"\" width=\"1200\" height=\"100\" srcset=\"https:\/\/swisssoftware24.ch\/wp-content\/uploads\/2023\/02\/bis-zu-6.jpg 1200w, https:\/\/swisssoftware24.ch\/wp-content\/uploads\/2023\/02\/bis-zu-6-600x50.jpg 600w, https:\/\/swisssoftware24.ch\/wp-content\/uploads\/2023\/02\/bis-zu-6-64x5.jpg 64w, https:\/\/swisssoftware24.ch\/wp-content\/uploads\/2023\/02\/bis-zu-6-300x25.jpg 300w, https:\/\/swisssoftware24.ch\/wp-content\/uploads\/2023\/02\/bis-zu-6-1024x85.jpg 1024w, https:\/\/swisssoftware24.ch\/wp-content\/uploads\/2023\/02\/bis-zu-6-768x64.jpg 768w\" sizes=\"auto, (max-width: 1200px) 100vw, 1200px\" \/><\/p>\n<h3>Microsoft 365 Family &#8211; Systemvoraussetzungen<\/h3>\n<ul>\n<li>Syst\u00e8me d&#039;exploitation \u2013 Windows 10 et 11, Windows 8.1 ; Mac - les trois derni\u00e8res versions de macOS<\/li>\n<li>Mobile Android - 4 derni\u00e8res versions majeures\u00a0; iOS \u2013 les deux derni\u00e8res versions<\/li>\n<li>RAM PC - 4 Go de RAM, 2 Go de RAM (32 bits); Mac - 4 Go de RAM<\/li>\n<li>Ordinateur avec processeur - 1,6 GHz ou plus rapide (double c\u0153ur)\u00a0; Mac - Processeur Intel<\/li>\n<li>Disque dur PC - 4 Go ; Mac - 10 Go<\/li>\n<li>L&#039;acc\u00e9l\u00e9ration mat\u00e9rielle graphique n\u00e9cessite DirectX 9 ou version ult\u00e9rieure avec WDDM 2.0 ou version ult\u00e9rieure pour Windows 10 (ou WDDM 1.3 ou version ult\u00e9rieure pour Windows 10 Fall Creators Update).<\/li>\n<\/ul>","protected":false},"excerpt":{"rendered":"<p><span style=\"font-weight: 400;\">Microsoft 365 Family ist, wie der Name schon sagt, ein gro\u00dfartiges Paket f\u00fcr Familien. Innerhalb einer Lizenz erhalten Sie Zugriff auf Microsoft-Programme f\u00fcr bis zu 6 Benutzer! Wenn Sie sich f\u00fcr dieses Paket entscheiden, sparen Sie Geld, gewinnen aber dank der in der Cloud betriebenen Anwendung auch viel Freiheit und Arbeitskomfort. <\/span>Gut zu wissen! Dieses Produkt l\u00e4sst sich stapeln. Das bedeutet 1 Produktschl\u00fcssel = plus 365 Tage Lauftzeit. Sie k\u00f6nnen max. 5 Schl\u00fcssel verwenden um die Laufzeit f\u00fcr 5 Jahre zu verl\u00e4ngern.<\/p>\n<p><strong>Exp\u00e9dition: Par e-mail en 5 minutes<br \/>\n<\/strong><\/p>\n<p><strong>Licence: 6 utilisateurs pour 1 an<\/strong><\/p>\n<p><strong>Version linguistique: Toutes les langues<\/strong><\/p>","protected":false},"featured_media":13487,"template":"","meta":{"_seopress_robots_primary_cat":"none","_seopress_titles_title":"Microsoft 365 Family | Ideal f\u00fcr Familien | SwissSoftware24","_seopress_titles_desc":"Microsoft 365 Family bietet Premium-Apps und 1 TB Cloudspeicher pro Person. Ideal f\u00fcr die ganze Familie! Jetzt bei SwissSoftware24 kaufen.","_seopress_robots_index":""},"product_brand":[],"product_cat":[77],"product_tag":[],"class_list":{"0":"post-18296","1":"product","2":"type-product","3":"status-publish","4":"has-post-thumbnail","6":"product_cat-office-programme","8":"first","9":"instock","10":"sale","11":"taxable","12":"shipping-taxable","13":"purchasable","14":"product-type-simple"},"_links":{"self":[{"href":"https:\/\/swisssoftware24.ch\/fr\/wp-json\/wp\/v2\/product\/18296","targetHints":{"allow":["GET"]}}],"collection":[{"href":"https:\/\/swisssoftware24.ch\/fr\/wp-json\/wp\/v2\/product"}],"about":[{"href":"https:\/\/swisssoftware24.ch\/fr\/wp-json\/wp\/v2\/types\/product"}],"wp:featuredmedia":[{"embeddable":true,"href":"https:\/\/swisssoftware24.ch\/fr\/wp-json\/wp\/v2\/media\/13487"}],"wp:attachment":[{"href":"https:\/\/swisssoftware24.ch\/fr\/wp-json\/wp\/v2\/media?parent=18296"}],"wp:term":[{"taxonomy":"product_brand","embeddable":true,"href":"https:\/\/swisssoftware24.ch\/fr\/wp-json\/wp\/v2\/product_brand?post=18296"},{"taxonomy":"product_cat","embeddable":true,"href":"https:\/\/swisssoftware24.ch\/fr\/wp-json\/wp\/v2\/product_cat?post=18296"},{"taxonomy":"product_tag","embeddable":true,"href":"https:\/\/swisssoftware24.ch\/fr\/wp-json\/wp\/v2\/product_tag?post=18296"}],"curies":[{"name":"wp","href":"https:\/\/api.w.org\/{rel}","templated":true}]}}