{"id":19141,"date":"2023-08-30T12:38:08","date_gmt":"2023-08-30T10:38:08","guid":{"rendered":"https:\/\/swisssoftware24.ch\/?post_type=product&#038;p=19141"},"modified":"2025-11-30T00:17:25","modified_gmt":"2025-11-29T23:17:25","slug":"parallels-desktop-18-standard-mac","status":"publish","type":"product","link":"https:\/\/swisssoftware24.ch\/fr\/products\/parallels-desktop-18-standard-mac\/","title":{"rendered":"Parallels Desktop 18 Standard MAC 1 Appareil \u2013 Licence Perp\u00e9tuelle (ESD)"},"content":{"rendered":"<p data-start=\"40\" data-end=\"264\">Parallels Desktop 18 Standard MAC 1 Appareil \u2013 Licence Perp\u00e9tuelle (ESD) permet d\u2019utiliser Windows 11 sur Mac rapidement. L\u2019installation est guid\u00e9e, Coherence affiche les applications Windows comme des fen\u00eatres macOS natives, et les fichiers se d\u00e9placent par glisser-d\u00e9poser.<\/p>\n<p data-start=\"266\" data-end=\"484\">Sur les appareils Apple Silicon, Parallels 18 profite de chemins graphiques optimis\u00e9s. Les p\u00e9riph\u00e9riques USB, imprimantes et scanners peuvent \u00eatre attribu\u00e9s librement \u00e0 la VM. Les dossiers partag\u00e9s et le presse-papiers acc\u00e9l\u00e8rent le travail quotidien.<\/p>\n<p data-start=\"486\" data-end=\"709\">Cette licence perp\u00e9tuelle s\u2019applique \u00e0 1 appareil Mac et est fournie en ESD (t\u00e9l\u00e9chargement \u00e9lectronique). La cl\u00e9 et le t\u00e9l\u00e9chargement sont fournis num\u00e9riquement et l\u2019activation se fait via le compte Parallels.<\/p>\n<p data-start=\"486\" data-end=\"709\"><strong>Vous trouverez plus d'informations sur ce produit\u00a0<a href=\"https:\/\/swisssoftware24.ch\/fr\/parallels-desktop-18-standard-windows-na-dem-rechner-ohne-grenzen-nutzen\/\">ici<\/a>.<\/strong><\/p>\n<p><strong>Parallels Desktop Standard 18 (1 an) \u2013 Exigences Syst\u00e8me<\/strong><\/p>\n<ul>\n<li data-start=\"363\" data-end=\"476\">Processeur: Apple Silicon (s\u00e9rie M) ou Intel Core i5\/i7\/i9\/Xeon.<\/li>\n<li data-start=\"363\" data-end=\"476\">M\u00e9moire vive: au moins 4\u00a0Go (16\u00a0Go ou plus pour des performances optimales).<\/li>\n<li data-start=\"604\" data-end=\"840\">Espace de stockage: environ 600\u00a0Mo pour l\u2019installation de Parallels, plus de l\u2019espace suppl\u00e9mentaire pour la machine virtuelle\u00a0; au moins 16\u00a0Go sont requis pour Windows (davantage est possible, selon la machine virtuelle).<\/li>\n<li data-start=\"843\" data-end=\"1096\">Syst\u00e8me d\u2019exploitation (macOS h\u00f4te): macOS 10.14.6 Mojave ou version ult\u00e9rieure (PD18 est compatible avec Mojave jusqu\u2019\u00e0 Sonoma\u00a0; les versions les plus r\u00e9centes de macOS peuvent b\u00e9n\u00e9ficier d\u2019une prise en charge optimis\u00e9e uniquement dans les versions plus r\u00e9centes de Parallels).<\/li>\n<li data-start=\"1099\" data-end=\"1214\">Connexion Internet: requise pour l\u2019activation, les mises \u00e0 jour et certaines fonctionnalit\u00e9s.<\/li>\n<\/ul>","protected":false},"excerpt":{"rendered":"<p>ESD 1 appareil \u2013 permanent<br \/>\nVersion de base\/compl\u00e8te uniquement pour MAC<\/p>\n<p><strong>LIVRAISON PAR E-MAIL EN 5 MINUTES<\/strong><\/p>","protected":false},"featured_media":19142,"template":"","meta":{"_seopress_robots_primary_cat":"none","_seopress_titles_title":"Parallels Desktop 18 Standard Mac | SwissSoftware24","_seopress_titles_desc":"Parallels Desktop 18 Standard Mac: Nutzen Sie Windows-Anwendungen auf Ihrem Mac. Einfache Installation und nahtlose Integration. Jetzt bei SwissSoftware24.","_seopress_robots_index":""},"product_brand":[],"product_cat":[65,77,83,95],"product_tag":[],"class_list":{"0":"post-19141","1":"product","2":"type-product","3":"status-publish","4":"has-post-thumbnail","6":"product_cat-fur-unternehmen","7":"product_cat-office-programme","8":"product_cat-video-grafik-andere","9":"product_cat-buro-software","11":"first","12":"onbackorder","13":"taxable","14":"shipping-taxable","15":"purchasable","16":"product-type-simple"},"_links":{"self":[{"href":"https:\/\/swisssoftware24.ch\/fr\/wp-json\/wp\/v2\/product\/19141","targetHints":{"allow":["GET"]}}],"collection":[{"href":"https:\/\/swisssoftware24.ch\/fr\/wp-json\/wp\/v2\/product"}],"about":[{"href":"https:\/\/swisssoftware24.ch\/fr\/wp-json\/wp\/v2\/types\/product"}],"wp:featuredmedia":[{"embeddable":true,"href":"https:\/\/swisssoftware24.ch\/fr\/wp-json\/wp\/v2\/media\/19142"}],"wp:attachment":[{"href":"https:\/\/swisssoftware24.ch\/fr\/wp-json\/wp\/v2\/media?parent=19141"}],"wp:term":[{"taxonomy":"product_brand","embeddable":true,"href":"https:\/\/swisssoftware24.ch\/fr\/wp-json\/wp\/v2\/product_brand?post=19141"},{"taxonomy":"product_cat","embeddable":true,"href":"https:\/\/swisssoftware24.ch\/fr\/wp-json\/wp\/v2\/product_cat?post=19141"},{"taxonomy":"product_tag","embeddable":true,"href":"https:\/\/swisssoftware24.ch\/fr\/wp-json\/wp\/v2\/product_tag?post=19141"}],"curies":[{"name":"wp","href":"https:\/\/api.w.org\/{rel}","templated":true}]}}