{"id":19197,"date":"2023-09-01T14:01:21","date_gmt":"2023-09-01T12:01:21","guid":{"rendered":"https:\/\/swisssoftware24.ch\/?post_type=product&#038;p=19197"},"modified":"2025-11-29T23:56:54","modified_gmt":"2025-11-29T22:56:54","slug":"microsofths-2021-2","status":"publish","type":"product","link":"https:\/\/swisssoftware24.ch\/fr\/products\/microsofths-2021-2\/","title":{"rendered":"Microsoft Office Home &amp;Student 2021"},"content":{"rendered":"<p><img loading=\"lazy\" decoding=\"async\" class=\"alignnone wp-image-13751 size-full\" src=\"https:\/\/swisssoftware24.ch\/wp-content\/uploads\/2023\/02\/office-21_1.jpeg\" alt=\"\" width=\"2000\" height=\"300\" srcset=\"https:\/\/swisssoftware24.ch\/wp-content\/uploads\/2023\/02\/office-21_1.jpeg 2000w, https:\/\/swisssoftware24.ch\/wp-content\/uploads\/2023\/02\/office-21_1-600x90.jpeg 600w, https:\/\/swisssoftware24.ch\/wp-content\/uploads\/2023\/02\/office-21_1-64x10.jpeg 64w, https:\/\/swisssoftware24.ch\/wp-content\/uploads\/2023\/02\/office-21_1-300x45.jpeg 300w, https:\/\/swisssoftware24.ch\/wp-content\/uploads\/2023\/02\/office-21_1-1024x154.jpeg 1024w, https:\/\/swisssoftware24.ch\/wp-content\/uploads\/2023\/02\/office-21_1-768x115.jpeg 768w, https:\/\/swisssoftware24.ch\/wp-content\/uploads\/2023\/02\/office-21_1-1536x230.jpeg 1536w\" sizes=\"auto, (max-width: 2000px) 100vw, 2000px\" \/><\/p>\n<h1>Microsoft Office Home&amp;Student 2021<\/h1>\n<h2>&#8211; ausf\u00fchrliche Produktbeschreibung<\/h2>\n<ul>\n<li style=\"font-weight: 400;\"><span style=\"font-weight: 400;\">Avec la licence \u00e0 vie, vous pouvez utiliser Word, Excel, PowerPoint et OneNote* \u00e0 tout moment sans frais suppl\u00e9mentaires.<\/span><\/li>\n<li style=\"font-weight: 400;\"><span style=\"font-weight: 400;\">Possibilit\u00e9 de choisir la version linguistique \u2013 pack multilingue.<\/span><\/li>\n<li style=\"font-weight: 400;\"><span style=\"font-weight: 400;\">Acc\u00e9dez au th\u00e8me noir pour prendre soin de votre vue.<\/span><\/li>\n<li style=\"font-weight: 400;\"><span style=\"font-weight: 400;\">Analyse de donn\u00e9es simplifi\u00e9e avec de nouvelles formules et graphiques dans Excel.<\/span><\/li>\n<li style=\"font-weight: 400;\"><span style=\"font-weight: 400;\">Une large gamme d&#039;\u00e9l\u00e9ments \u00e0 utiliser dans les documents, par ex. B. : Mod\u00e8les, photos, ic\u00f4nes et polices dans Word, Excel et PowerPoint.<\/span><\/li>\n<\/ul>\n<p><span style=\"font-weight: 400;\">*OneNote - Application en ligne pouvant \u00eatre t\u00e9l\u00e9charg\u00e9e apr\u00e8s l&#039;installation<\/span><\/p>\n<p>&nbsp;<\/p>\n<h2><strong>Remarque: ce produit alternatif est moins cher et ne n\u00e9cessite pas d'abonnement (seulement 59\u00a0CHF).\u00a0 <\/strong><\/h2>\n<h2><strong><a href=\"https:\/\/swisssoftware24.ch\/fr\/products\/office-2024-standard-5-user\/\">Office 2024 pour 5 utilisateurs<\/a><\/strong><\/h2>\n<p>&nbsp;<\/p>\n<h2>Microsoft Office Home&amp;Student 2021 &#8211; ausf\u00fchrliche Produktbeschreibung<\/h2>\n<p><span style=\"font-weight: 400;\">Le package Office est familier \u00e0 pratiquement tous les utilisateurs d&#039;ordinateurs. La derni\u00e8re version de 2021 se caract\u00e9rise par une interface utilisateur mise \u00e0 jour ou la possibilit\u00e9 d&#039;ex\u00e9cuter un th\u00e8me noir, qui est choisi par de plus en plus de personnes dans de nombreux syst\u00e8mes et applications. Il existe de nombreuses am\u00e9liorations de performances qui acc\u00e9l\u00e8rent le travail sur les fichiers et des am\u00e9liorations des fonctionnalit\u00e9s d\u00e9j\u00e0 disponibles afin qu&#039;elles puissent \u00eatre utilis\u00e9es plus fr\u00e9quemment et plus activement.<\/span><\/p>\n<p><span style=\"font-weight: 400;\">D\u00e9sormais, il est \u00e9galement possible d&#039;enregistrer des pr\u00e9sentations dans PowerPoint (y compris la voix du mod\u00e9rateur). Ceci est particuli\u00e8rement important si vous B. anime une s\u00e9ance d&#039;entra\u00eenement qui est \u00e0 r\u00e9server pour plus tard, m\u00eame pour les personnes qui n&#039;ont pas pu assister \u00e0 la le\u00e7on \u00e0 la date pr\u00e9vue. Les diaporamas cr\u00e9\u00e9s dans le programme Microsoft peuvent \u00e9galement \u00eatre am\u00e9lior\u00e9s avec de nouveaux \u00e9l\u00e9ments pr\u00e9d\u00e9finis qui sont ajout\u00e9s \u00e0 la base de donn\u00e9es Premium Creative Content. Et lorsque de nouvelles id\u00e9es vous viennent \u00e0 l&#039;esprit que vous souhaitez utiliser plus tard, vous pouvez facilement les noter dans OneNote, o\u00f9 vous pouvez organiser vos pens\u00e9es dans des blocs-notes de pages et de sections.<\/span><\/p>\n<p><span style=\"font-weight: 400;\">Encore une fois, Excel a une option pour prendre en charge les tableaux dynamiques et la fonction XMATCH prend en charge la correspondance et la recherche am\u00e9lior\u00e9es. Une autre nouveaut\u00e9, LET, permet d&#039;attribuer des noms aux r\u00e9sultats des calculs. Dans le cadre du forfait Office Home &amp; Student 2021, il est \u00e9galement possible d&#039;enregistrer des fichiers au format ODF 1.3. C&#039;est un grand avantage pour ceux qui partagent des fichiers avec des personnes qui n&#039;ont pas de licence Office et qui n&#039;utilisent que des logiciels libres. Word a ajout\u00e9 \u00e0 l&#039;onglet Dessin des fonctionnalit\u00e9s bien connues des utilisateurs de programmes graphiques professionnels tels que Photoshop (LINK). C&#039;est une gomme, un lasso et une r\u00e8gle. Travailler sur des documents prend une nouvelle dimension !<\/span><\/p>\n<p><span style=\"font-weight: 400;\">Bien s\u00fbr, Office Home &amp; Student 2021 poss\u00e8de \u00e9galement toutes les fonctions qui \u00e9taient nouvelles dans l&#039;\u00e9dition pr\u00e9c\u00e9dente, c&#039;est-\u00e0-dire \u00e0 partir de 2019. Il s&#039;agit notamment des outils d&#039;\u00e9dition et de traduction de texte et des outils d&#039;\u00e9criture manuscrite. Qu&#039;est-ce que cela signifie? Vous pouvez utiliser votre doigt, votre stylet ou votre souris pour \u00e9crire du texte, souligner ou saisir divers types de motifs, ce qui est particuli\u00e8rement important dans les industries li\u00e9es aux sciences exactes. Le package comprend \u00e9galement Microsoft Translator, qui est un dictionnaire int\u00e9gr\u00e9 qui sugg\u00e8re des mots dans la langue souhait\u00e9e.<\/span><\/p>\n<p><span style=\"font-weight: 400;\">Microsoft est une entreprise qui se soucie beaucoup de cr\u00e9er des solutions qui r\u00e9pondent aux besoins de la soci\u00e9t\u00e9 qui surviennent avec le d\u00e9veloppement de la num\u00e9risation. En plus de faire fonctionner Microsoft 365 dans le cloud, les packages Office classiques disposent de fonctions de partage de documents qui facilitent par exemple le travail de groupe pour les classes scolaires. Vous pouvez facilement modifier des documents en temps r\u00e9el et les partager avec d&#039;autres utilisateurs. La recherche d&#039;informations suppl\u00e9mentaires est \u00e9galement simplifi\u00e9e car, gr\u00e2ce \u00e0 la fonction de recherche intelligente, vous pouvez trouver ce que vous cherchez sans basculer entre les fen\u00eatres. Microsoft Office Home &amp; Student 2021 fournit \u00e9galement des conseils audio pour les erreurs. Cette fonctionnalit\u00e9 est particuli\u00e8rement utile pour les personnes qui \u00e9crivent beaucoup et qui sont press\u00e9es en m\u00eame temps.<\/span><\/p>\n<p><span style=\"font-weight: 400;\">Microsoft s&#039;est \u00e9galement occup\u00e9 de l&#039;inclusion via le v\u00e9rificateur d&#039;accessibilit\u00e9. D\u00e9sormais, avant d&#039;envoyer un fichier texte ou graphique, vous pouvez v\u00e9rifier s&#039;il est lisible par les personnes handicap\u00e9es. Apprendre ensemble et partager des documents ensemble est \u00e9galement possible sans aucun probl\u00e8me, car avec l&#039;aide du programme gratuit Microsoft Teams, par exemple, vous pouvez partager l&#039;\u00e9cran et discuter et expliquer les t\u00e2ches les uns avec les autres plus facilement.<\/span><\/p>\n<p><a href=\"https:\/\/www.microsoft.com\/en-us\/Useterms\/Retail\/Office\/OfficeHomeandStudent2021\/Useterms_Retail_Office_OfficeHomeandStudent2021_GermancountriesotherthanGermany.htm\"><img loading=\"lazy\" decoding=\"async\" class=\"alignnone size-full wp-image-13691\" src=\"https:\/\/swisssoftware24.ch\/wp-content\/uploads\/2023\/02\/license_term-1.jpg\" alt=\"\" width=\"227\" height=\"40\" srcset=\"https:\/\/swisssoftware24.ch\/wp-content\/uploads\/2023\/02\/license_term-1.jpg 227w, https:\/\/swisssoftware24.ch\/wp-content\/uploads\/2023\/02\/license_term-1-64x11.jpg 64w\" sizes=\"auto, (max-width: 227px) 100vw, 227px\" \/><\/a><\/p>\n<h3>Microsoft Office Home&amp;Student 2021 &#8211; anforderungen<\/h3>\n<ul>\n<li><strong>Syst\u00e8me d'exploitation <\/strong>\u00c0 partir de Windows 10 et 11 \/ Mac - les trois derni\u00e8res versions de macOS<\/li>\n<li><strong>Processeur<\/strong>\u00a0Windows 11 ou Windows 10 avec processeur 2 c\u0153urs 1,6 GHz<\/li>\n<li><strong>RAM.<\/strong>\u00a04 Go (64 bits), 2 Go (32 bits) de RAM pour PC\u00a0;<\/li>\n<li><strong>Espace disque<\/strong>4 Go d&#039;espace disque disponible pour PC,<\/li>\n<li><strong>\u00c9cran<\/strong>R\u00e9solution : 1024 \u00d7 768 pour PC,<\/li>\n<\/ul>","protected":false},"excerpt":{"rendered":"<p><span style=\"font-weight: 400;\">\u00c0 qui s&#039;adresse Microsoft Office Famille et \u00c9tudiant 2021 ? Cette solution est principalement con\u00e7ue pour les utilisateurs individuels \u00e0 domicile ainsi que pour les \u00e9l\u00e8ves et les \u00e9tudiants. Les t\u00e2ches quotidiennes deviendront beaucoup plus rapides et, en m\u00eame temps, le confort de travail augmentera consid\u00e9rablement.<\/span><\/p>\n<p><strong>LIVRAISON PAR E-MAIL EN 5 MINUTES<\/strong><\/p>\n<div id=\"gtx-trans\" style=\"position: absolute; left: -41px; top: 102px;\">\n<div class=\"gtx-trans-icon\"><\/div>\n<\/div>","protected":false},"featured_media":15177,"template":"","meta":{"_seopress_robots_primary_cat":"none","_seopress_titles_title":"Microsoft Office Home&Student 2021 | SwissSoftware24","_seopress_titles_desc":"Microsoft Office Home&Student 2021: Die perfekte L\u00f6sung f\u00fcr Studierende und Haushalte. Enth\u00e4lt Word, Excel und PowerPoint. Jetzt bei SwissSoftware24.","_seopress_robots_index":""},"product_brand":[],"product_cat":[15],"product_tag":[],"class_list":{"0":"post-19197","1":"product","2":"type-product","3":"status-publish","4":"has-post-thumbnail","6":"product_cat-uncategorised","8":"first","9":"instock","10":"sale","11":"taxable","12":"shipping-taxable","13":"purchasable","14":"product-type-variable","15":"has-default-attributes"},"_links":{"self":[{"href":"https:\/\/swisssoftware24.ch\/fr\/wp-json\/wp\/v2\/product\/19197","targetHints":{"allow":["GET"]}}],"collection":[{"href":"https:\/\/swisssoftware24.ch\/fr\/wp-json\/wp\/v2\/product"}],"about":[{"href":"https:\/\/swisssoftware24.ch\/fr\/wp-json\/wp\/v2\/types\/product"}],"wp:featuredmedia":[{"embeddable":true,"href":"https:\/\/swisssoftware24.ch\/fr\/wp-json\/wp\/v2\/media\/15177"}],"wp:attachment":[{"href":"https:\/\/swisssoftware24.ch\/fr\/wp-json\/wp\/v2\/media?parent=19197"}],"wp:term":[{"taxonomy":"product_brand","embeddable":true,"href":"https:\/\/swisssoftware24.ch\/fr\/wp-json\/wp\/v2\/product_brand?post=19197"},{"taxonomy":"product_cat","embeddable":true,"href":"https:\/\/swisssoftware24.ch\/fr\/wp-json\/wp\/v2\/product_cat?post=19197"},{"taxonomy":"product_tag","embeddable":true,"href":"https:\/\/swisssoftware24.ch\/fr\/wp-json\/wp\/v2\/product_tag?post=19197"}],"curies":[{"name":"wp","href":"https:\/\/api.w.org\/{rel}","templated":true}]}}