{"id":19262,"date":"2023-09-04T18:29:55","date_gmt":"2023-09-04T16:29:55","guid":{"rendered":"https:\/\/swisssoftware24.ch\/?post_type=product&#038;p=19262"},"modified":"2025-11-29T23:56:54","modified_gmt":"2025-11-29T22:56:54","slug":"microsoft-office-home-business-2021-2","status":"publish","type":"product","link":"https:\/\/swisssoftware24.ch\/fr\/products\/microsoft-office-home-business-2021-2\/","title":{"rendered":"Microsoft Office Home &amp; Business 2021"},"content":{"rendered":"<p><img loading=\"lazy\" decoding=\"async\" class=\"alignnone wp-image-13751 size-full\" src=\"https:\/\/swisssoftware24.ch\/wp-content\/uploads\/2023\/02\/office-21_1.jpeg\" alt=\"\" width=\"2000\" height=\"300\" srcset=\"https:\/\/swisssoftware24.ch\/wp-content\/uploads\/2023\/02\/office-21_1.jpeg 2000w, https:\/\/swisssoftware24.ch\/wp-content\/uploads\/2023\/02\/office-21_1-600x90.jpeg 600w, https:\/\/swisssoftware24.ch\/wp-content\/uploads\/2023\/02\/office-21_1-64x10.jpeg 64w, https:\/\/swisssoftware24.ch\/wp-content\/uploads\/2023\/02\/office-21_1-300x45.jpeg 300w, https:\/\/swisssoftware24.ch\/wp-content\/uploads\/2023\/02\/office-21_1-1024x154.jpeg 1024w, https:\/\/swisssoftware24.ch\/wp-content\/uploads\/2023\/02\/office-21_1-768x115.jpeg 768w, https:\/\/swisssoftware24.ch\/wp-content\/uploads\/2023\/02\/office-21_1-1536x230.jpeg 1536w\" sizes=\"auto, (max-width: 2000px) 100vw, 2000px\" \/><\/p>\n<p data-start=\"283\" data-end=\"705\">Microsoft Office Home &amp; Business 2021 s\u2019adresse aux professionnels et aux petites entreprises \u00e0 la recherche d\u2019une solution puissante mais simple pour leur travail quotidien. Avec des programmes \u00e9prouv\u00e9s comme Word, Excel, PowerPoint, Outlook et OneNote*, ce pack offre tous les outils n\u00e9cessaires pour travailler efficacement. Gr\u00e2ce \u00e0 la licence perp\u00e9tuelle, aucun co\u00fbt suppl\u00e9mentaire ou abonnement n\u2019est requis.<\/p>\n<p data-start=\"707\" data-end=\"1038\">La version 2021 apporte de nombreuses nouveaut\u00e9s : une interface retravaill\u00e9e avec le mode sombre, de nouvelles fonctions Excel comme LET et XMATCH, ainsi que du contenu cr\u00e9atif enrichi dans PowerPoint. L\u2019int\u00e9gration avec OneNote permet de noter rapidement les id\u00e9es et Outlook reste la plateforme centrale de communication professionnelle.<\/p>\n<p data-start=\"1040\" data-end=\"1299\">Une meilleure accessibilit\u00e9, une collaboration en temps r\u00e9el et des outils int\u00e9gr\u00e9s de reconnaissance de texte et d\u2019\u00e9criture manuscrite font de cette version d\u2019Office une solution moderne, inclusive et performante.<\/p>\n<p data-start=\"1101\" data-end=\"1310\"><strong>Vous trouverez plus d'informations sur ce produit\u00a0<a href=\"https:\/\/swisssoftware24.ch\/fr\/microsoft-office-home-business-2021-zeitgemaess-leistungsstark-zuverlaessig\/\">ici<\/a>.<\/strong><\/p>\n<p><a href=\"\/\/www.microsoft.com\/en-us\/Useterms\/Retail\/Office\/OfficeHomeandBusiness2021\/Useterms_Retail_Office_OfficeHomeandBusiness2021_GermancountriesotherthanGermany.html\"><img loading=\"lazy\" decoding=\"async\" class=\"alignnone size-full wp-image-13691\" src=\"https:\/\/swisssoftware24.ch\/wp-content\/uploads\/2023\/02\/license_term-1.jpg\" alt=\"\" width=\"227\" height=\"40\" srcset=\"https:\/\/swisssoftware24.ch\/wp-content\/uploads\/2023\/02\/license_term-1.jpg 227w, https:\/\/swisssoftware24.ch\/wp-content\/uploads\/2023\/02\/license_term-1-64x11.jpg 64w\" sizes=\"auto, (max-width: 227px) 100vw, 227px\" \/><\/a><\/p>\n<h3>Microsoft Office Home &amp; Business 2021 \u2013 configuration syst\u00e8me requise<\/h3>\n<ul>\n<li><strong>Syst\u00e8me d'exploitation<\/strong>Depuis Windows 10 et 11 \/ depuis macOS Big Sur<\/li>\n<li><strong>Processeur<\/strong>\u00a0Windows 11 ou Windows 10 avec 1,6 GHz, processeur 2 c\u0153urs\/dernier macOS<\/li>\n<li><strong>RAM.<\/strong>\u00a04 Go (64 bits), 2 Go (32 bits) de RAM pour PC\u00a0; 4 Go de RAM pour Mac<\/li>\n<li><strong>Espace disque<\/strong>4 Go d&#039;espace disque disponible pour PC, 10 Go pour Mac<\/li>\n<li><strong>\u00c9cran<\/strong>R\u00e9solution : 1024\u00d7768 pour PC, 1280\u00d7800 pour Mac<\/li>\n<\/ul>","protected":false},"excerpt":{"rendered":"<p><span style=\"font-weight: 400;\">Microsoft Office Home &amp; Business 2021 est un ensemble des outils Office les plus populaires qui sont utilis\u00e9s quotidiennement dans les entreprises. Que gagnez-vous en choisissant ce forfait ? La plus grande valeur, le TEMPS, car d\u00e9sormais l&#039;ex\u00e9cution des t\u00e2ches quotidiennes est bien mieux optimis\u00e9e et le confort de travail est augment\u00e9. Et en outre\u2026<\/span><\/p>\n<p><strong>VERSAND IN 5 Minuten PER E-MAIL<\/strong><\/p>","protected":false},"featured_media":13750,"template":"","meta":{"_seopress_robots_primary_cat":"none","_seopress_titles_title":"Microsoft Office Home & Business 2021 | SwissSoftware24","_seopress_titles_desc":"Microsoft Office Home & Business 2021: Ideal f\u00fcr kleine Unternehmen und Selbstst\u00e4ndige. Enth\u00e4lt Word, Excel und Outlook. Jetzt bei SwissSoftware24 erh\u00e4ltlich.","_seopress_robots_index":""},"product_brand":[],"product_cat":[71,74,122,76],"product_tag":[],"class_list":{"0":"post-19262","1":"product","2":"type-product","3":"status-publish","4":"has-post-thumbnail","6":"product_cat-office","7":"product_cat-office-2021","8":"product_cat-office-bestseller","9":"product_cat-office-fur-mac","11":"first","12":"onbackorder","13":"sale","14":"taxable","15":"shipping-taxable","16":"purchasable","17":"product-type-variable"},"_links":{"self":[{"href":"https:\/\/swisssoftware24.ch\/fr\/wp-json\/wp\/v2\/product\/19262","targetHints":{"allow":["GET"]}}],"collection":[{"href":"https:\/\/swisssoftware24.ch\/fr\/wp-json\/wp\/v2\/product"}],"about":[{"href":"https:\/\/swisssoftware24.ch\/fr\/wp-json\/wp\/v2\/types\/product"}],"wp:featuredmedia":[{"embeddable":true,"href":"https:\/\/swisssoftware24.ch\/fr\/wp-json\/wp\/v2\/media\/13750"}],"wp:attachment":[{"href":"https:\/\/swisssoftware24.ch\/fr\/wp-json\/wp\/v2\/media?parent=19262"}],"wp:term":[{"taxonomy":"product_brand","embeddable":true,"href":"https:\/\/swisssoftware24.ch\/fr\/wp-json\/wp\/v2\/product_brand?post=19262"},{"taxonomy":"product_cat","embeddable":true,"href":"https:\/\/swisssoftware24.ch\/fr\/wp-json\/wp\/v2\/product_cat?post=19262"},{"taxonomy":"product_tag","embeddable":true,"href":"https:\/\/swisssoftware24.ch\/fr\/wp-json\/wp\/v2\/product_tag?post=19262"}],"curies":[{"name":"wp","href":"https:\/\/api.w.org\/{rel}","templated":true}]}}