{"id":19283,"date":"2023-09-05T10:37:23","date_gmt":"2023-09-05T08:37:23","guid":{"rendered":"https:\/\/swisssoftware24.ch\/?post_type=product&#038;p=19283"},"modified":"2025-11-30T00:17:25","modified_gmt":"2025-11-29T23:17:25","slug":"parallels-desktop-19-pro","status":"publish","type":"product","link":"https:\/\/swisssoftware24.ch\/fr\/products\/parallels-desktop-19-pro\/","title":{"rendered":"Parallels Desktop 19 PRO"},"content":{"rendered":"<p data-start=\"0\" data-end=\"322\">Parallels Desktop 19 Pro est l\u2019\u00e9dition pour d\u00e9veloppeurs, pens\u00e9e pour plus de performances, de contr\u00f4le et de profondeur sur Mac. Optimis\u00e9 pour macOS Sonoma &amp; Apple Silicon, il offre allocation flexible CPU\/RAM\/VRAM, r\u00e9seau avanc\u00e9 et workflows pro.<\/p>\n<p data-start=\"324\" data-end=\"576\">Windows 11 s\u2019installe en quelques clics, macOS et Windows cohabitent sans couture : glisser-d\u00e9poser, presse-papiers partag\u00e9, dossiers communs et pass-through USB. Faites tourner les apps Windows \u00e0 c\u00f4t\u00e9 de Xcode, Figma ou Final Cut\u2014sans red\u00e9marrer.<\/p>\n<p data-start=\"578\" data-end=\"819\">Pour \u00e9quipes &amp; pros: snapshots, clones, automatisation CI\/CD (CLI\/headless), int\u00e9gration Docker, Vagrant &amp; PowerShell, et support pro. Parfait pour tests, debugging et Windows sur Mac au quotidien.<\/p>\n<p><strong>Vous trouverez plus d'informations sur ce produit\u00a0<a href=\"https:\/\/swisssoftware24.ch\/fr\/parallels-desktop-19-pro-mehr-leistung-mehr-kontrolle-mehr-workflow\/\">ici<\/a>.<\/strong><\/p>\n<h3>Parallels Desktop 19 PRO \u2013 configuration syst\u00e8me requise<\/h3>\n<ul>\n<li>Processeur : Puces Apple M2, M1 Ultra, M1 Pro, M1 Max et M1, processeurs Intel Core 2 Duo, Core i3, Core i5, Core i7, Core i9, Intel Core M ou Xeon.<\/li>\n<li>RAM : 4 Go de RAM.<\/li>\n<li>Disque dur : 600 Mo pour l'installation de Parallels Desktop.<\/li>\n<li>Espace de stockage suppl\u00e9mentaire pour le syst\u00e8me d'exploitation invit\u00e9 (au moins 16 Go n\u00e9cessaires pour Windows 10).<\/li>\n<li>Carte graphique : Apple M2, M1 Ultra, M1 Pro, M1 Max et puces M1, cartes graphiques Intel, AMD Radeon ou NVIDIA.<\/li>\n<li>Syst\u00e8me d'exploitation : macOS Ventura 13.0 (lors de sa sortie), macOS Monterey 12.4 ou plus r\u00e9cent, macOS Big Sur 11.6.7 ou plus r\u00e9cent, macOS Catalina 10.15.7 ou plus r\u00e9cent, macOS Mojave 10.14.6 ou plus r\u00e9cent.<\/li>\n<\/ul>\n<div id=\"gtx-trans\" style=\"position: absolute; left: -39px; top: 9.4375px;\">\n<div class=\"gtx-trans-icon\"><\/div>\n<\/div>","protected":false},"excerpt":{"rendered":"<p>1 MAC \u2013 1 an ESD<\/p>\n<p><strong>LIVRAISON PAR E-MAIL EN 5 MINUTES<\/strong><\/p>","protected":false},"featured_media":19332,"template":"","meta":{"_seopress_robots_primary_cat":"none","_seopress_titles_title":"Parallels Desktop 19 PRO | SwissSoftware24","_seopress_titles_desc":"Parallels Desktop 19 PRO: Leistungsstarke Virtualisierung f\u00fcr Mac-Benutzer. Unterst\u00fctzt Windows-Apps und -Entwicklungstools. Jetzt bei SwissSoftware24.","_seopress_robots_index":""},"product_brand":[],"product_cat":[77,95,99],"product_tag":[],"class_list":{"0":"post-19283","1":"product","2":"type-product","3":"status-publish","4":"has-post-thumbnail","6":"product_cat-office-programme","7":"product_cat-buro-software","8":"product_cat-pc-tuning","10":"first","11":"onbackorder","12":"taxable","13":"shipping-taxable","14":"purchasable","15":"product-type-simple"},"_links":{"self":[{"href":"https:\/\/swisssoftware24.ch\/fr\/wp-json\/wp\/v2\/product\/19283","targetHints":{"allow":["GET"]}}],"collection":[{"href":"https:\/\/swisssoftware24.ch\/fr\/wp-json\/wp\/v2\/product"}],"about":[{"href":"https:\/\/swisssoftware24.ch\/fr\/wp-json\/wp\/v2\/types\/product"}],"wp:featuredmedia":[{"embeddable":true,"href":"https:\/\/swisssoftware24.ch\/fr\/wp-json\/wp\/v2\/media\/19332"}],"wp:attachment":[{"href":"https:\/\/swisssoftware24.ch\/fr\/wp-json\/wp\/v2\/media?parent=19283"}],"wp:term":[{"taxonomy":"product_brand","embeddable":true,"href":"https:\/\/swisssoftware24.ch\/fr\/wp-json\/wp\/v2\/product_brand?post=19283"},{"taxonomy":"product_cat","embeddable":true,"href":"https:\/\/swisssoftware24.ch\/fr\/wp-json\/wp\/v2\/product_cat?post=19283"},{"taxonomy":"product_tag","embeddable":true,"href":"https:\/\/swisssoftware24.ch\/fr\/wp-json\/wp\/v2\/product_tag?post=19283"}],"curies":[{"name":"wp","href":"https:\/\/api.w.org\/{rel}","templated":true}]}}