{"id":19330,"date":"2023-09-06T12:07:38","date_gmt":"2023-09-06T10:07:38","guid":{"rendered":"https:\/\/swisssoftware24.ch\/?post_type=product&#038;p=19330"},"modified":"2026-03-02T10:09:53","modified_gmt":"2026-03-02T09:09:53","slug":"parallels-desktop-19-standard","status":"publish","type":"product","link":"https:\/\/swisssoftware24.ch\/fr\/products\/parallels-desktop-19-standard\/","title":{"rendered":"Parallels Desktop 19 Standard"},"content":{"rendered":"<p data-start=\"40\" data-end=\"239\">Parallels Desktop 19 Standard apporte Windows 11 sur votre Mac en deux clics\u2014optimis\u00e9 pour macOS Sonoma avec impression IPP am\u00e9lior\u00e9e et meilleur partage d\u2019imprimantes sur Apple Silicon.<\/p>\n<p data-start=\"241\" data-end=\"485\">L\u2019int\u00e9gration est fluide: utilisez la cam\u00e9ra, le micro, le trackpad, l\u2019\u00e9cran, le clavier et la souris du Mac dans Windows. Glissez-d\u00e9posez des fichiers entre macOS et Windows et acc\u00e9dez aux dossiers Mac depuis les apps Windows.<\/p>\n<p data-start=\"487\" data-end=\"717\">Connectez des p\u00e9riph\u00e9riques USB propres \u00e0 Windows (imprimantes, scanners) ou branchez des t\u00e9l\u00e9phones Android et autres appareils. Une interface revue, de bonnes performances, Parallels Toolbox\u00ae (avec abonnement) et un support 24\/7 compl\u00e8tent le tout.<\/p>\n<p data-start=\"487\" data-end=\"717\"><strong>Vous trouverez plus d'informations sur ce produit\u00a0<a href=\"https:\/\/swisssoftware24.ch\/fr\/parallels-desktop-19-standard-windows-apps-nahtlos-auf-dem-mac\/\">ici<\/a>.<\/strong><\/p>\n<h3>Parallels Desktop 19 Standard \u2013 configuration syst\u00e8me requise<\/h3>\n<ul>\n<li>Processeur : Puces Apple M2, M1 Ultra, M1 Pro, M1 Max et M1, processeurs Intel Core 2 Duo, Core i3, Core i5, Core i7, Core i9, Intel Core M ou Xeon.<\/li>\n<li>RAM : 4 Go de RAM.<\/li>\n<li>Disque dur : 600 Mo pour l'installation de Parallels Desktop.<\/li>\n<li>Espace de stockage suppl\u00e9mentaire pour le syst\u00e8me d'exploitation invit\u00e9 (au moins 16 Go n\u00e9cessaires pour Windows 10).<\/li>\n<li>Carte graphique : Apple M2, M1 Ultra, M1 Pro, M1 Max et puces M1, cartes graphiques Intel, AMD Radeon ou NVIDIA.<\/li>\n<li>Syst\u00e8me d'exploitation : macOS Ventura 13.0 (lors de sa sortie), macOS Monterey 12.4 ou plus r\u00e9cent, macOS Big Sur 11.6.7 ou plus r\u00e9cent, macOS Catalina 10.15.7 ou plus r\u00e9cent, macOS Mojave 10.14.6 ou plus r\u00e9cent.<\/li>\n<\/ul>\n<div id=\"gtx-trans\" style=\"position: absolute; left: -39px; top: 9.4375px;\">\n<div class=\"gtx-trans-icon\"><\/div>\n<\/div>","protected":false},"excerpt":{"rendered":"<p>1 MAC \u2013 1 an ESD<\/p>\n<p><strong>LIVRAISON PAR E-MAIL EN 5 MINUTES<\/strong><\/p>","protected":false},"featured_media":19331,"template":"","meta":{"_seopress_robots_primary_cat":"none","_seopress_titles_title":"Parallels Desktop 19 Standard | SwissSoftware24","_seopress_titles_desc":"Parallels Desktop 19 Standard: F\u00fchren Sie Windows-Programme auf Ihrem Mac aus. Einfache Installation und nahtlose Integration. Jetzt bei SwissSoftware24.","_seopress_robots_index":""},"product_brand":[],"product_cat":[77,95,99],"product_tag":[],"class_list":{"0":"post-19330","1":"product","2":"type-product","3":"status-publish","4":"has-post-thumbnail","6":"product_cat-office-programme","7":"product_cat-buro-software","8":"product_cat-pc-tuning","10":"first","11":"instock","12":"taxable","13":"shipping-taxable","14":"purchasable","15":"product-type-simple"},"_links":{"self":[{"href":"https:\/\/swisssoftware24.ch\/fr\/wp-json\/wp\/v2\/product\/19330","targetHints":{"allow":["GET"]}}],"collection":[{"href":"https:\/\/swisssoftware24.ch\/fr\/wp-json\/wp\/v2\/product"}],"about":[{"href":"https:\/\/swisssoftware24.ch\/fr\/wp-json\/wp\/v2\/types\/product"}],"wp:featuredmedia":[{"embeddable":true,"href":"https:\/\/swisssoftware24.ch\/fr\/wp-json\/wp\/v2\/media\/19331"}],"wp:attachment":[{"href":"https:\/\/swisssoftware24.ch\/fr\/wp-json\/wp\/v2\/media?parent=19330"}],"wp:term":[{"taxonomy":"product_brand","embeddable":true,"href":"https:\/\/swisssoftware24.ch\/fr\/wp-json\/wp\/v2\/product_brand?post=19330"},{"taxonomy":"product_cat","embeddable":true,"href":"https:\/\/swisssoftware24.ch\/fr\/wp-json\/wp\/v2\/product_cat?post=19330"},{"taxonomy":"product_tag","embeddable":true,"href":"https:\/\/swisssoftware24.ch\/fr\/wp-json\/wp\/v2\/product_tag?post=19330"}],"curies":[{"name":"wp","href":"https:\/\/api.w.org\/{rel}","templated":true}]}}