{"id":19333,"date":"2023-09-06T12:49:27","date_gmt":"2023-09-06T10:49:27","guid":{"rendered":"https:\/\/swisssoftware24.ch\/?post_type=product&#038;p=19333"},"modified":"2025-11-30T00:17:25","modified_gmt":"2025-11-29T23:17:25","slug":"mcafee-safe-connect","status":"publish","type":"product","link":"https:\/\/swisssoftware24.ch\/fr\/products\/mcafee-safe-connect\/","title":{"rendered":"McAfee Safe Connect"},"content":{"rendered":"<div class=\"richtext text aem-GridColumn--default--none aem-GridColumn--phone--none aem-GridColumn--phone--12 aem-GridColumn aem-GridColumn--offset--phone--0 aem-GridColumn--default--4 aem-GridColumn--offset--default--1\">\n<div class=\"cmp-text mb-3 pr-1 lh-normal justify-hero-text mt-5 cmp__richtext--color cmp__richtext--color-default\">\n<div class=\"flex flex-grow flex-col max-w-full\">\n<div class=\"min-h-[20px] text-message flex w-full flex-col items-end gap-2 whitespace-pre-wrap break-words [.text-message+&amp;]:mt-5 overflow-x-auto\" dir=\"auto\" data-message-author-role=\"assistant\" data-message-id=\"1394c1ad-ac86-48b9-ada7-b0811fb9b55c\">\n<div class=\"flex w-full flex-col gap-1 empty:hidden first:pt-[3px]\">\n<div class=\"markdown prose w-full break-words dark:prose-invert light\">\n<p data-start=\"330\" data-end=\"727\">McAfee Safe Connect est un outil VPN convivial qui renforce votre s\u00e9curit\u00e9 en ligne sur tous vos appareils. Le logiciel s\u2019active automatiquement d\u00e8s que vous vous connectez \u00e0 un r\u00e9seau public ou non s\u00e9curis\u00e9, garantissant une transmission de donn\u00e9es chiffr\u00e9e. Id\u00e9al pour les voyageurs, \u00e9tudiants ou ceux qui utilisent fr\u00e9quemment les hotspots Wi-Fi.<\/p>\n<p data-start=\"729\" data-end=\"1039\">Gr\u00e2ce \u00e0 une couverture mondiale dans pr\u00e8s de 50 pays, McAfee Safe Connect propose des connexions rapides et permet d'acc\u00e9der \u00e0 des contenus g\u00e9o-bloqu\u00e9s. Votre vie priv\u00e9e est primordiale: aucune activit\u00e9 n\u2019est enregistr\u00e9e ou suivie, vous pouvez donc naviguer en toute anonymat.<\/p>\n<p data-start=\"1041\" data-end=\"1363\">L'application est disponible sur toutes les grandes plateformes, y compris Windows, macOS, Android, iOS et m\u00eame ChromeOS. Son interface intuitive permet m\u00eame aux d\u00e9butants de configurer un tunnel VPN s\u00e9curis\u00e9 en quelques clics.<\/p>\n<p><strong>Vous trouverez plus d'informations sur ce produit\u00a0<a href=\"https:\/\/swisssoftware24.ch\/fr\/sicher-surfen-mit-mcafee-safe-connect-einfach-schnell-weltweit\/\">ici<\/a>.<\/strong><\/p>\n<h3>McAfee Safe Connect \u2013 configuration syst\u00e8me requise<\/h3>\n<ul>\n<li>Syst\u00e8mes d'exploitation: Microsoft Windows 11, 10, 8.1, 8, et 7 (versions 32 et 64 bits) \u2013 pas de support pour Windows Enterprise ; smartphones et tablettes sous Google Android 8 ou sup\u00e9rieur ; Apple iOS version 13 ou sup\u00e9rieur ; ChromeOS.<\/li>\n<li>Connexion Internet requise: Une connexion rapide est recommand\u00e9e pour des performances optimales.<\/li>\n<\/ul>\n<\/div>\n<\/div>\n<\/div>\n<\/div>\n<\/div>\n<\/div>","protected":false},"excerpt":{"rendered":"<p><strong>EXP\u00c9DI\u00c9 EN 1 JOUR PAR EMAIL<\/strong><\/p>","protected":false},"featured_media":25712,"template":"","meta":{"_seopress_robots_primary_cat":"none","_seopress_titles_title":"McAfee Safe Connect | SwissSoftware24","_seopress_titles_desc":"McAfee Safe Connect: Sch\u00fctzen Sie Ihre Privatsph\u00e4re mit einer sicheren VPN-Verbindung. Ideal f\u00fcr \u00f6ffentliches WLAN. Jetzt bei SwissSoftware24 erh\u00e4ltlich.","_seopress_robots_index":""},"product_brand":[],"product_cat":[63,110,84],"product_tag":[125,128,127,126,124,85],"class_list":{"0":"post-19333","1":"product","2":"type-product","3":"status-publish","4":"has-post-thumbnail","6":"product_cat-antivirus-security","7":"product_cat-mcafee","8":"product_cat-vpn","9":"product_tag-android","10":"product_tag-chromeos","11":"product_tag-ios","12":"product_tag-macos","13":"product_tag-vpn","14":"product_tag-windows","16":"first","17":"onbackorder","18":"downloadable","19":"virtual","20":"taxable","21":"purchasable","22":"product-type-simple"},"_links":{"self":[{"href":"https:\/\/swisssoftware24.ch\/fr\/wp-json\/wp\/v2\/product\/19333","targetHints":{"allow":["GET"]}}],"collection":[{"href":"https:\/\/swisssoftware24.ch\/fr\/wp-json\/wp\/v2\/product"}],"about":[{"href":"https:\/\/swisssoftware24.ch\/fr\/wp-json\/wp\/v2\/types\/product"}],"wp:featuredmedia":[{"embeddable":true,"href":"https:\/\/swisssoftware24.ch\/fr\/wp-json\/wp\/v2\/media\/25712"}],"wp:attachment":[{"href":"https:\/\/swisssoftware24.ch\/fr\/wp-json\/wp\/v2\/media?parent=19333"}],"wp:term":[{"taxonomy":"product_brand","embeddable":true,"href":"https:\/\/swisssoftware24.ch\/fr\/wp-json\/wp\/v2\/product_brand?post=19333"},{"taxonomy":"product_cat","embeddable":true,"href":"https:\/\/swisssoftware24.ch\/fr\/wp-json\/wp\/v2\/product_cat?post=19333"},{"taxonomy":"product_tag","embeddable":true,"href":"https:\/\/swisssoftware24.ch\/fr\/wp-json\/wp\/v2\/product_tag?post=19333"}],"curies":[{"name":"wp","href":"https:\/\/api.w.org\/{rel}","templated":true}]}}