{"id":19428,"date":"2023-09-11T10:10:49","date_gmt":"2023-09-11T08:10:49","guid":{"rendered":"https:\/\/swisssoftware24.ch\/?post_type=product&#038;p=19428"},"modified":"2025-11-29T23:56:54","modified_gmt":"2025-11-29T22:56:54","slug":"kaspersky-standard-mobile-edition","status":"publish","type":"product","link":"https:\/\/swisssoftware24.ch\/fr\/products\/kaspersky-standard-mobile-edition\/","title":{"rendered":"Kaspersky Standard Mobile Edition"},"content":{"rendered":"<p data-start=\"457\" data-end=\"825\">Kaspersky Standard \u2013 Mobile Edition prot\u00e8ge votre smartphone ou votre tablette avec les m\u00eames technologies fiables auxquelles des millions d'utilisateurs \u00e0 travers le monde font confiance. Qu'il s'agisse de virus, d'attaques de phishing ou de sites web dangereux, vous \u00eates prot\u00e9g\u00e9 24h\/24 et 7j\/7. La protection en temps r\u00e9el analyse toutes les activit\u00e9s sur votre appareil, bloque imm\u00e9diatement les menaces et prot\u00e8ge vos donn\u00e9es.<\/p>\n<p data-start=\"827\" data-end=\"1142\">De plus, Kaspersky optimise les performances de votre appareil Android gr\u00e2ce \u00e0 un nettoyage intelligent des applications. Les applications inutilis\u00e9es sont d\u00e9tect\u00e9es et peuvent \u00eatre supprim\u00e9es pour \u00e9conomiser de l'espace de stockage et augmenter la vitesse. Cela garantit une exp\u00e9rience utilisateur fluide \u2013 le tout sans intervention manuelle.<\/p>\n<p data-start=\"1144\" data-end=\"1433\">our plus de confidentialit\u00e9, l'\u00e9dition mobile offre des couches de protection suppl\u00e9mentaires : les cam\u00e9ras et les microphones peuvent \u00eatre sp\u00e9cifiquement bloqu\u00e9s, les fuites de donn\u00e9es sont automatiquement d\u00e9tect\u00e9es et les applications espionnes sont imm\u00e9diatement signal\u00e9es. Le logiciel est compatible avec Android et iOS et est intuitif \u00e0 utiliser<\/p>\n<p data-start=\"1144\" data-end=\"1433\"><strong>Vous trouverez plus d'informations sur ce produit\u00a0<a href=\"https:\/\/swisssoftware24.ch\/fr\/rundumschutz-fuer-unterwegs-mit-kaspersky-standard-mobile-edition\/\">ici<\/a>.<\/strong><\/p>\n<h3>Kaspersky Standard Mobile Edition \u2013 configuration syst\u00e8me requise<\/h3>\n<ul>\n<li>\u00a0\u00a0\u00a0\u00a0 iOS 15.0+<\/li>\n<li>\u00a0\u00a0\u00a0 Android 8+<\/li>\n<\/ul>","protected":false},"excerpt":{"rendered":"<div class=\"message-2CShn3 cozyMessage-1DWF9U wrapper-30-Nkg cozy-VmLDNB zalgo-26OfGz\" role=\"article\" data-list-item-id=\"chat-messages___chat-messages-1075103057983045703-1149640234691207218\" aria-labelledby=\"message-username-1149640003790577704 uid_1 message-content-1149640234691207218 uid_2 message-timestamp-1149640234691207218\">\n<div class=\"contents-2MsGLg\">\n<div id=\"message-content-1149640234691207218\" class=\"markup-eYLPri messageContent-2t3eCI\">\n<p><strong>LIVRAISON PAR E-MAIL EN 5 MINUTES<\/strong><\/p>\n<\/div>\n<\/div>\n<\/div>","protected":false},"featured_media":25830,"template":"","meta":{"_seopress_robots_primary_cat":"none","_seopress_titles_title":"Kaspersky Standard Mobile Edition | SwissSoftware24","_seopress_titles_desc":"Kaspersky Standard Mobile Edition: Sch\u00fctzen Sie Ihr Smartphone vor Viren und Malware. Zuverl\u00e4ssige Sicherheit f\u00fcr unterwegs. Jetzt bei SwissSoftware24.","_seopress_robots_index":""},"product_brand":[],"product_cat":[63,108],"product_tag":[],"class_list":{"0":"post-19428","1":"product","2":"type-product","3":"status-publish","4":"has-post-thumbnail","6":"product_cat-antivirus-security","7":"product_cat-kaspersky","9":"first","10":"instock","11":"taxable","12":"shipping-taxable","13":"purchasable","14":"product-type-variable"},"_links":{"self":[{"href":"https:\/\/swisssoftware24.ch\/fr\/wp-json\/wp\/v2\/product\/19428","targetHints":{"allow":["GET"]}}],"collection":[{"href":"https:\/\/swisssoftware24.ch\/fr\/wp-json\/wp\/v2\/product"}],"about":[{"href":"https:\/\/swisssoftware24.ch\/fr\/wp-json\/wp\/v2\/types\/product"}],"wp:featuredmedia":[{"embeddable":true,"href":"https:\/\/swisssoftware24.ch\/fr\/wp-json\/wp\/v2\/media\/25830"}],"wp:attachment":[{"href":"https:\/\/swisssoftware24.ch\/fr\/wp-json\/wp\/v2\/media?parent=19428"}],"wp:term":[{"taxonomy":"product_brand","embeddable":true,"href":"https:\/\/swisssoftware24.ch\/fr\/wp-json\/wp\/v2\/product_brand?post=19428"},{"taxonomy":"product_cat","embeddable":true,"href":"https:\/\/swisssoftware24.ch\/fr\/wp-json\/wp\/v2\/product_cat?post=19428"},{"taxonomy":"product_tag","embeddable":true,"href":"https:\/\/swisssoftware24.ch\/fr\/wp-json\/wp\/v2\/product_tag?post=19428"}],"curies":[{"name":"wp","href":"https:\/\/api.w.org\/{rel}","templated":true}]}}