{"id":19520,"date":"2023-09-13T14:37:01","date_gmt":"2023-09-13T12:37:01","guid":{"rendered":"https:\/\/swisssoftware24.ch\/?post_type=product&#038;p=19520"},"modified":"2025-11-29T23:56:54","modified_gmt":"2025-11-29T22:56:54","slug":"adobe-photoshop-premiere-elements-2023-windows-mac-vollversion-deutsch","status":"publish","type":"product","link":"https:\/\/swisssoftware24.ch\/fr\/products\/adobe-photoshop-premiere-elements-2023-windows-mac-vollversion-deutsch\/","title":{"rendered":"Adobe Photoshop + Premiere Elements 2023 Windows\/Mac, Vollversion, Deutsch"},"content":{"rendered":"<h1>Adobe Photoshop&amp;Premiere Elements 2023 \u2013 fonctions les plus importantes<\/h1>\n<ul>\n<li style=\"font-weight: 400\"><span style=\"font-weight: 400\">Outils de montage vid\u00e9o, y compris la d\u00e9tection automatique des images-cl\u00e9s et des outils intelligents pour la d\u00e9coupe et la modification des arri\u00e8re-plans.<\/span><\/li>\n<li style=\"font-weight: 400\"><span style=\"font-weight: 400\">Effet Matrice ou Effet Bokeh, qui permettent de cr\u00e9er des effets visuels int\u00e9ressants dans les projets.<\/span><\/li>\n<li style=\"font-weight: 400\"><span style=\"font-weight: 400\">Mode de modification de texte am\u00e9lior\u00e9 facilitant les modifications et l'ajout de contenu aux projets.<\/span><\/li>\n<li style=\"font-weight: 400\"><span style=\"font-weight: 400\">Des outils d'organisation de projet optimis\u00e9s permettent une recherche et un tri plus rapides des photos et simplifient le stockage de projets dans le cloud.<\/span><\/li>\n<li style=\"font-weight: 400\"><span style=\"font-weight: 400\">Compatibilit\u00e9 avec les formats de fichiers courants tels que JPEG, PNG, RAW et AVI.<\/span><\/li>\n<li style=\"font-weight: 400\"><span style=\"font-weight: 400\">La possibilit\u00e9 de travailler en couches, ce qui permet une \u00e9dition graphique avanc\u00e9e.<\/span><\/li>\n<\/ul>\n<h2>Adobe Photoshop&amp;Premiere Elements 2023 \u2013 description d\u00e9taill\u00e9e du produit<\/h2>\n<p><span style=\"font-weight: 400\">Compar\u00e9 aux versions pr\u00e9c\u00e9dentes, cette \u00e9dition a \u00e9t\u00e9 am\u00e9lior\u00e9e \u00e0 divers \u00e9gards et pr\u00e9sente plusieurs nouvelles fonctionnalit\u00e9s. Cela inclut des am\u00e9liorations dans les outils de montage vid\u00e9o, notamment la d\u00e9tection automatique des images-cl\u00e9s et des outils intelligents pour la d\u00e9coupe et la modification des arri\u00e8re-plans. La premi\u00e8re de ces am\u00e9liorations permet de d\u00e9couper facilement des \u00e9l\u00e9ments sp\u00e9cifiques de la sc\u00e8ne, tels que des personnages ou des objets. Le programme d\u00e9tecte automatiquement les images-cl\u00e9s, c'est-\u00e0-dire les moments o\u00f9 ils apparaissent ou disparaissent de la sc\u00e8ne, et les d\u00e9coupe automatiquement du reste du clip vid\u00e9o. Cela simplifie grandement et acc\u00e9l\u00e8re le processus de montage.<\/span><\/p>\n<p><span style=\"font-weight: 400\">Les outils intelligents pour la d\u00e9coupe et la modification des arri\u00e8re-plans offrent encore plus de contr\u00f4le sur le montage vid\u00e9o. Vous pouvez choisir quels \u00e9l\u00e9ments d\u00e9couper et lesquels conserver en arri\u00e8re-plan, puis supprimer ou modifier facilement l'arri\u00e8re-plan dans les images s\u00e9lectionn\u00e9es. Ces outils utilisent des algorithmes d'intelligence artificielle avanc\u00e9s pour d\u00e9couper et modifier l'arri\u00e8re-plan de mani\u00e8re pr\u00e9cise, et le r\u00e9sultat final est tr\u00e8s r\u00e9aliste.<\/span><\/p>\n<p><span style=\"font-weight: 400\">Avec de nouveaux effets sp\u00e9ciaux tels que l'effet Matrice ou l'effet Bokeh, vous pouvez ajouter des accents visuels int\u00e9ressants \u00e0 vos projets. L'effet Matrice rappelle les graphismes pixelis\u00e9s des jeux vid\u00e9o des ann\u00e9es 80 et 90, ce qui donne \u00e0 vos projets un aspect r\u00e9tro distinctif. Il peut \u00eatre utilis\u00e9 pour des \u0153uvres d'art enti\u00e8res ou pour leurs fragments, ce qui permet des compositions int\u00e9ressantes.<\/span><\/p>\n<p><span style=\"font-weight: 400\">L'effet Bokeh reproduit l'effet de flou lumineux \u00e0 l'arri\u00e8re-plan des photos. Cela cr\u00e9e un effet de douceur et de profondeur, donnant aux photos un aspect unique. Dans Adobe Photoshop Elements, cet effet est disponible comme un outil s\u00e9par\u00e9, ce qui vous permet de l'ajuster facilement pour obtenir l'effet souhait\u00e9.<\/span><\/p>\n<p><span style=\"font-weight: 400\">Dans le mode d'\u00e9dition de texte d'Adobe Photoshop Elements, il est d\u00e9sormais possible de modifier le texte directement dans la pr\u00e9visualisation du design, sans avoir besoin d'ouvrir un panneau s\u00e9par\u00e9. L'utilisateur peut d\u00e9sormais afficher le design tout en \u00e9ditant le texte, acc\u00e9l\u00e9rant ainsi consid\u00e9rablement le processus d'\u00e9dition.<\/span><\/p>\n<p><span style=\"font-weight: 400\">De plus, le programme propose une s\u00e9rie de nouveaux outils de mise en forme du texte, tels que diff\u00e9rents types d'alignement, des options de texte dans des formes, des styles suppl\u00e9mentaires et des effets de texte. Cela permet d'harmoniser parfaitement le contenu avec l'image. De plus, de nouvelles fonctionnalit\u00e9s typographiques sont disponibles, telles que la correction d'alignement, qui aide \u00e0 \u00e9quilibrer les lettres et les lignes, ainsi que l'alignement automatique des lignes, contribuant \u00e0 am\u00e9liorer la lisibilit\u00e9 du texte.<\/span><\/p>\n<p><span style=\"font-weight: 400\">Les am\u00e9liorations apport\u00e9es au mode d'\u00e9dition de texte facilitent la modification et l'ajout de texte aux projets. De nouveaux outils permettent une mise en forme plus rapide et plus pr\u00e9cise du texte, ainsi qu'un meilleur contr\u00f4le de son apparence et de sa position dans le projet.<\/span><\/p>\n<p><span style=\"font-weight: 400\">L'une des am\u00e9liorations majeures dans ce contexte est la fonction am\u00e9lior\u00e9e d'affichage du texte, qui permet d\u00e9sormais de r\u00e9gler plus pr\u00e9cis\u00e9ment la position et la taille du texte. Gr\u00e2ce \u00e0 cela, les utilisateurs peuvent apporter des modifications plus rapides et plus faciles au texte, ainsi que mieux contr\u00f4ler son apparence et sa position dans la conception.<\/span><\/p>\n<p><span style=\"font-weight: 400\">Cependant, ce n'est pas la fin des am\u00e9liorations ! Les outils d'organisation de projets ont \u00e9galement \u00e9t\u00e9 am\u00e9lior\u00e9s, facilitant la recherche et le tri rapides des photos. Les utilisateurs peuvent trouver plus facilement des photos sp\u00e9cifiques, ce qui acc\u00e9l\u00e8re leur travail et am\u00e9liore l'efficacit\u00e9 des projets.<\/span><\/p>\n<p><span style=\"font-weight: 400\">Les nouveaux outils d'organisation de projets dans Adobe Photoshop Elements disposent \u00e9galement d'une fonction de recherche am\u00e9lior\u00e9e, qui permet de rechercher des projets selon divers crit\u00e8res tels que la date de cr\u00e9ation, le nom du fichier ou les balises. Cela permet de trouver plus rapidement les photos et les ressources n\u00e9cessaires.<\/span><\/p>\n<p><span style=\"font-weight: 400\">De plus, le programme propose d\u00e9sormais un tri plus simple des photos et des projets, ce qui facilite l'organisation. Les utilisateurs peuvent d\u00e9sormais trier les photos selon diff\u00e9rents crit\u00e8res tels que la date, le nom ou la taille du fichier. Il est d\u00e9sormais plus facile d'ajouter des balises ou des \u00e9tiquettes aux photos, ce qui simplifie l'organisation des projets et acc\u00e9l\u00e8re la recherche.<\/span><\/p>\n<p><span style=\"font-weight: 400\">Adobe Photoshop Elements propose \u00e9galement des outils conviviaux pour stocker des projets dans le cloud. Cela permet de partager facilement les projets avec d'autres utilisateurs et de stocker les donn\u00e9es en toute s\u00e9curit\u00e9. Les utilisateurs peuvent d\u00e9sormais stocker leurs projets en toute s\u00e9curit\u00e9 dans le cloud, ce qui facilite l'acc\u00e8s depuis divers appareils et garantit la s\u00e9curit\u00e9 et la protection contre la perte de donn\u00e9es.<\/span><\/p>\n<p><span style=\"font-weight: 400\">Adobe Photoshop Elements propose de nouveaux outils d'organisation de projets qui simplifient le stockage et le partage des projets dans le cloud. Ainsi, les utilisateurs peuvent d\u00e9sormais stocker leurs projets dans le cloud, ce qui facilite l'acc\u00e8s depuis divers appareils et la collaboration avec d'autres utilisateurs.<\/span><\/p>\n<p><span style=\"font-weight: 400\">Il est \u00e9galement int\u00e9ressant de noter qu'il est possible d'utiliser une version simplifi\u00e9e du programme d\u00e9crit, qui permet de retoucher rapidement des photos, y compris sur des appareils mobiles. L'application de base est gratuite, et des fonctionnalit\u00e9s suppl\u00e9mentaires sont disponibles moyennant un abonnement mensuel.<\/span><\/p>\n<p><iframe loading=\"lazy\" title=\"Premiere Elements 2023: Press play for creativity.\" width=\"800\" height=\"450\" src=\"https:\/\/www.youtube.com\/embed\/ptFPEc7fQMo?feature=oembed\" frameborder=\"0\" allow=\"accelerometer; autoplay; clipboard-write; encrypted-media; gyroscope; picture-in-picture; web-share\" referrerpolicy=\"strict-origin-when-cross-origin\" allowfullscreen><\/iframe><\/p>\n<h3>Adobe Photoshop&amp;Premiere Elements 2023 \u2013 configuration syst\u00e8me requise<\/h3>\n<p>Windows:<\/p>\n<ul>\n<li><strong>Processeur\u00a0<\/strong>Processeur Intel de 6e g\u00e9n\u00e9ration ou sup\u00e9rieur, ou processeur AMD \u00e9quivalent avec prise en charge de SSE4.1<\/li>\n<li><strong>M\u00e9moire vive\u00a0<\/strong>8 Go de RAM<\/li>\n<li><strong>M\u00e9moire\u00a0<\/strong>5,8 Go d'espace disque libre pour l'installation ; espace suppl\u00e9mentaire pour le t\u00e9l\u00e9chargement de contenu en ligne ; jusqu'\u00e0 20 Go d'espace suppl\u00e9mentaire pour les fichiers temporaires pendant l'installation et l'utilisation (non compatible avec les syst\u00e8mes de fichiers sensibles \u00e0 la casse ou les supports de stockage flash portables)<\/li>\n<li><strong>syst\u00e8me\u00a0<\/strong>Microsoft Windows 10 Version 2004 ou sup\u00e9rieure (Version 21H1 recommand\u00e9e) ; Microsoft Windows 11 (Version 21H2) ; uniquement les versions 64 bits ; Windows 7 et Windows 8.1 ne sont pas pris en charge<\/li>\n<li><strong>\u00c9cran\u00a0<\/strong>R\u00e9solution de l'\u00e9cran de 1280 x 800 pixels \u00e0 une \u00e9chelle de 100 %<\/li>\n<li><strong>Connexion Internet<\/strong>: requise pour l'activation du produit et le t\u00e9l\u00e9chargement de contenu<\/li>\n<\/ul>\n<p>macOS:<\/p>\n<ul>\n<li><strong>Processeur\u00a0<\/strong>Processeur Intel de 6e g\u00e9n\u00e9ration ou sup\u00e9rieur, processeur Apple M1 (avec Rosetta 2)<\/li>\n<li><strong>M\u00e9moire vive\u00a0<\/strong>8 Go de RAM<\/li>\n<li><strong>M\u00e9moire\u00a0<\/strong>6 Go d'espace disque libre pour l'installation ; espace suppl\u00e9mentaire pour le t\u00e9l\u00e9chargement de contenu en ligne ; jusqu'\u00e0 20 Go d'espace suppl\u00e9mentaire pour les fichiers temporaires pendant l'installation et l'utilisation (non compatible avec les syst\u00e8mes de fichiers sensibles \u00e0 la casse ou les supports de stockage flash portables)<\/li>\n<li><strong>syst\u00e8me\u00a0<\/strong>macOS Version 10.15 ou macOS 11<\/li>\n<li><strong>\u00c9cran\u00a0<\/strong>R\u00e9solution de l'\u00e9cran de 1280 x 800 pixels \u00e0 une \u00e9chelle de 100 %<\/li>\n<li><strong>Connexion Internet<\/strong>: requise pour l'activation du produit et le t\u00e9l\u00e9chargement de contenu<\/li>\n<\/ul>","protected":false},"excerpt":{"rendered":"<p><span style=\"font-weight: 400\">Adobe Photoshop Elements + Premiere Elements est un ensemble de programmes offrant de nombreuses fonctionnalit\u00e9s avanc\u00e9es pour la retouche de photos et la cr\u00e9ation de vid\u00e9os. Il permet de cr\u00e9er et de modifier facilement des images. Il propose de nombreux outils pour la retouche, la correction des couleurs, la suppression d'\u00e9l\u00e9ments ind\u00e9sirables, la cr\u00e9ation d'effets sp\u00e9ciaux, et bien plus encore. Ainsi, vous pouvez donner \u00e0 vos projets un aspect professionnel sans n\u00e9cessiter des comp\u00e9tences techniques avanc\u00e9es.<\/span><\/p>\n<p>ESD Windiws\/Mac<\/p>\n<p><b>Langues disponibles<\/b>: allemand, fran\u00e7ais, anglais, italien, tch\u00e8que, n\u00e9erlandais, japonais, polonais, su\u00e9dois et espagnol.<\/p>\n<p>Lien de t\u00e9l\u00e9chargement + cl\u00e9 de produit (ESD) pour 1 PC<\/p>\n<p><strong>LIVRAISON PAR E-MAIL EN 5 MINUTES<\/strong><\/p>\n<div id=\"gtx-trans\" style=\"position: absolute;left: -35px;top: 254px\">\n<div class=\"gtx-trans-icon\"><\/div>\n<\/div>","protected":false},"featured_media":25684,"template":"","meta":{"_seopress_robots_primary_cat":"none","_seopress_titles_title":"Adobe Photoshop&Premiere Elements 2023 | SwissSoftware24","_seopress_titles_desc":"Adobe Photoshop&Premiere Elements 2023: Bearbeiten Sie Fotos und Videos m\u00fchelos. Kreative Tools f\u00fcr atemberaubende Projekte. Jetzt bei SwissSoftware24.","_seopress_robots_index":""},"product_brand":[],"product_cat":[91,92,97,100,83],"product_tag":[],"class_list":{"0":"post-19520","1":"product","2":"type-product","3":"status-publish","4":"has-post-thumbnail","6":"product_cat-adobe","7":"product_cat-animation","8":"product_cat-grafik-design","9":"product_cat-video","10":"product_cat-video-grafik-andere","12":"first","13":"outofstock","14":"sale","15":"taxable","16":"shipping-taxable","17":"purchasable","18":"product-type-simple"},"_links":{"self":[{"href":"https:\/\/swisssoftware24.ch\/fr\/wp-json\/wp\/v2\/product\/19520","targetHints":{"allow":["GET"]}}],"collection":[{"href":"https:\/\/swisssoftware24.ch\/fr\/wp-json\/wp\/v2\/product"}],"about":[{"href":"https:\/\/swisssoftware24.ch\/fr\/wp-json\/wp\/v2\/types\/product"}],"wp:featuredmedia":[{"embeddable":true,"href":"https:\/\/swisssoftware24.ch\/fr\/wp-json\/wp\/v2\/media\/25684"}],"wp:attachment":[{"href":"https:\/\/swisssoftware24.ch\/fr\/wp-json\/wp\/v2\/media?parent=19520"}],"wp:term":[{"taxonomy":"product_brand","embeddable":true,"href":"https:\/\/swisssoftware24.ch\/fr\/wp-json\/wp\/v2\/product_brand?post=19520"},{"taxonomy":"product_cat","embeddable":true,"href":"https:\/\/swisssoftware24.ch\/fr\/wp-json\/wp\/v2\/product_cat?post=19520"},{"taxonomy":"product_tag","embeddable":true,"href":"https:\/\/swisssoftware24.ch\/fr\/wp-json\/wp\/v2\/product_tag?post=19520"}],"curies":[{"name":"wp","href":"https:\/\/api.w.org\/{rel}","templated":true}]}}