{"id":19699,"date":"2023-10-10T11:21:41","date_gmt":"2023-10-10T09:21:41","guid":{"rendered":"https:\/\/swisssoftware24.ch\/?post_type=product&#038;p=19699"},"modified":"2025-11-29T23:56:54","modified_gmt":"2025-11-29T22:56:54","slug":"bitdefender-family-pack","status":"publish","type":"product","link":"https:\/\/swisssoftware24.ch\/fr\/products\/bitdefender-family-pack\/","title":{"rendered":"Bitdefender Family Pack"},"content":{"rendered":"<p data-start=\"248\" data-end=\"522\">Bitdefender Family Pack est la solution de s\u00e9curit\u00e9 id\u00e9ale pour les familles souhaitant prot\u00e9ger plusieurs appareils. Il combine des technologies anti-phishing puissantes, des fonctionnalit\u00e9s de confidentialit\u00e9 avanc\u00e9es, une gestion centralis\u00e9e et un contr\u00f4le parental facile \u00e0 utiliser.<\/p>\n<p data-start=\"524\" data-end=\"796\">Gr\u00e2ce \u00e0 une s\u00e9curit\u00e9 multiplateforme pour Windows, macOS, Android et iOS, tous les membres de la famille peuvent naviguer, communiquer et travailler en ligne en toute s\u00e9curit\u00e9. Que ce soit sur l\u2019ordinateur des parents ou le smartphone des enfants \u2013 Bitdefender prot\u00e8ge votre foyer num\u00e9rique.<\/p>\n<p data-start=\"798\" data-end=\"945\">Le portail de gestion centralis\u00e9e permet de suivre facilement le statut de s\u00e9curit\u00e9 de tous les appareils \u2013 depuis un seul compte.<\/p>\n<p><strong>Vous trouverez plus d'informations sur ce produit\u00a0<a href=\"https:\/\/swisssoftware24.ch\/fr\/bitdefender-family-pack-familienfreundlicher-rundumschutz\/\">ici<\/a>.<\/strong><\/p>\n<h3>Bitdefender Family Pack \u2013 configuration syst\u00e8me requise<\/h3>\n<ul>\n<li>Syst\u00e8me d'exploitation: Windows 7 avec Service Pack 1, Windows 8.1, Windows 10 et Windows 11<\/li>\n<li>Processeur: Intel Core 2 Duo ou \u00e9quivalent AMD<\/li>\n<li>M\u00e9moire (RAM): 2 Go<\/li>\n<li>Espace disque disponible: 2,5 Go d'espace libre<\/li>\n<\/ul>","protected":false},"excerpt":{"rendered":"<p>Bitdefender Family Pack a \u00e9t\u00e9 con\u00e7u pour les familles qui ont besoin d'une protection compl\u00e8te pour plusieurs appareils. Il offre des technologies avanc\u00e9es pour se prot\u00e9ger contre les virus, malwares, phishing et autres menaces tout en garantissant la s\u00e9curit\u00e9 des ordinateurs, smartphones et tablettes. Le programme est convivial et n\u2019alourdit pas le syst\u00e8me, ce qui le rend id\u00e9al pour les adultes et les enfants.<\/p>\n<p>En commandant ce produit, vous obtenez une licence d'un ou deux ans sous forme de cl\u00e9 \u00e9lectronique, permettant d'utiliser le logiciel antivirus sur jusqu'\u00e0 15 appareils. Cette version est compatible avec les syst\u00e8mes d'exploitation Windows, MacOS, Android et iOS. Le logiciel est disponible en plusieurs langues.<\/p>","protected":false},"featured_media":33973,"template":"","meta":{"_seopress_robots_primary_cat":"none","_seopress_titles_title":"Bitdefender Family Pack | SwissSoftware24","_seopress_titles_desc":"Bitdefender Family Pack bietet Sicherheit f\u00fcr die ganze Familie. Schutz vor Viren, Malware und Online-Bedrohungen. Jetzt bei SwissSoftware24 erh\u00e4ltlich.","_seopress_robots_index":""},"product_brand":[],"product_cat":[93,63,112],"product_tag":[],"class_list":{"0":"post-19699","1":"product","2":"type-product","3":"status-publish","4":"has-post-thumbnail","6":"product_cat-antivirus","7":"product_cat-antivirus-security","8":"product_cat-bitdefender","10":"first","11":"instock","12":"taxable","13":"shipping-taxable","14":"purchasable","15":"product-type-variable"},"_links":{"self":[{"href":"https:\/\/swisssoftware24.ch\/fr\/wp-json\/wp\/v2\/product\/19699","targetHints":{"allow":["GET"]}}],"collection":[{"href":"https:\/\/swisssoftware24.ch\/fr\/wp-json\/wp\/v2\/product"}],"about":[{"href":"https:\/\/swisssoftware24.ch\/fr\/wp-json\/wp\/v2\/types\/product"}],"wp:featuredmedia":[{"embeddable":true,"href":"https:\/\/swisssoftware24.ch\/fr\/wp-json\/wp\/v2\/media\/33973"}],"wp:attachment":[{"href":"https:\/\/swisssoftware24.ch\/fr\/wp-json\/wp\/v2\/media?parent=19699"}],"wp:term":[{"taxonomy":"product_brand","embeddable":true,"href":"https:\/\/swisssoftware24.ch\/fr\/wp-json\/wp\/v2\/product_brand?post=19699"},{"taxonomy":"product_cat","embeddable":true,"href":"https:\/\/swisssoftware24.ch\/fr\/wp-json\/wp\/v2\/product_cat?post=19699"},{"taxonomy":"product_tag","embeddable":true,"href":"https:\/\/swisssoftware24.ch\/fr\/wp-json\/wp\/v2\/product_tag?post=19699"}],"curies":[{"name":"wp","href":"https:\/\/api.w.org\/{rel}","templated":true}]}}