{"id":20250,"date":"2023-10-09T11:59:46","date_gmt":"2023-10-09T09:59:46","guid":{"rendered":"https:\/\/swisssoftware24.ch\/?post_type=product&#038;p=20250"},"modified":"2025-11-29T23:56:54","modified_gmt":"2025-11-29T22:56:54","slug":"acronis-cyber-protect-home-office-advanced","status":"publish","type":"product","link":"https:\/\/swisssoftware24.ch\/fr\/products\/acronis-cyber-protect-home-office-advanced\/","title":{"rendered":"Acronis Cyber Protect Home Office Advanced\u00a0"},"content":{"rendered":"<p data-start=\"353\" data-end=\"704\">Acronis Cyber Protect Home Office Advanced est la solution id\u00e9ale pour tous ceux qui souhaitent prot\u00e9ger au mieux leurs donn\u00e9es personnelles. Le logiciel combine une protection puissante contre les ransomwares avec des fonctions de sauvegarde flexibles \u2013 locales et cloud. Gr\u00e2ce \u00e0 des algorithmes intelligents, vos fichiers sont efficacement prot\u00e9g\u00e9s contre le chiffrement non autoris\u00e9.<\/p>\n<p data-start=\"706\" data-end=\"1078\">Avec des sauvegardes automatis\u00e9es et programm\u00e9es, ainsi que la possibilit\u00e9 de stockage cloud, le programme offre une s\u00e9curit\u00e9 maximale pour vos contenus num\u00e9riques. M\u00eame en cas de perte physique, vos sauvegardes restent accessibles \u00e0 tout moment en ligne. Un vrai plus: l'int\u00e9gration de Microsoft 365 pour les sauvegardes automatiques des e-mails, calendriers et fichiers OneDrive.<\/p>\n<p data-start=\"1080\" data-end=\"1342\">Des mises \u00e0 jour gratuites vous assurent une protection continue contre les nouvelles menaces. Acronis Cyber Protect Home Office Advanced est ainsi bien plus qu\u2019un simple logiciel de sauvegarde \u2013 c\u2019est un filet de s\u00e9curit\u00e9 complet pour votre univers num\u00e9rique.<\/p>\n<p data-start=\"1080\" data-end=\"1342\"><strong>Vous trouverez plus d'informations sur ce produit\u00a0<a href=\"https:\/\/swisssoftware24.ch\/fr\/acronis-cyber-protect-home-office-advanced-ihre-daten-sicher-jederzeit-verfuegbar\/\">ici<\/a>.<\/strong><\/p>\n<h3>Acronis Cyber Protect Home Office Advanced \u2013 configuration syst\u00e8me requise<\/h3>\n<ul>\n<li>Plateformes mat\u00e9rielles : Windows, macOS, Android, iOS<\/li>\n<li>Syst\u00e8mes d'exploitation:\nWindows : 7 SP1, 8\/8.1, 10, 11\nmacOS : 10.11 (El Capitan) ou sup\u00e9rieur\nAndroid : 5.0 ou sup\u00e9rieur\niOS : 10.3 ou sup\u00e9rieur<\/li>\n<\/ul>","protected":false},"excerpt":{"rendered":"<p class=\"translation-block\">Acronis Cyber Protect Home Office Advanced offre une protection compl\u00e8te pour vos donn\u00e9es num\u00e9riques. Ce programme de sauvegarde est compatible avec les syst\u00e8mes Windows, macOS, Android et iOS.<\/p>\n<p><strong>EXP\u00c9DI\u00c9 EN 1 JOUR PAR EMAIL<\/strong><\/p>","protected":false},"featured_media":25670,"template":"","meta":{"_seopress_robots_primary_cat":"none","_seopress_titles_title":"Acronis Cyber Protect Home Office Advanced | SwissSoftware24","_seopress_titles_desc":"Acronis Cyber Protect Home Office Advanced bietet erweiterten Schutz und Backup f\u00fcr kritische Daten. Ideal f\u00fcr anspruchsvolle Benutzer. Jetzt bei SwissSoftware.","_seopress_robots_index":""},"product_brand":[],"product_cat":[129,93,63],"product_tag":[],"class_list":{"0":"post-20250","1":"product","2":"type-product","3":"status-publish","4":"has-post-thumbnail","6":"product_cat-acronis","7":"product_cat-antivirus","8":"product_cat-antivirus-security","10":"first","11":"instock","12":"taxable","13":"shipping-taxable","14":"purchasable","15":"product-type-variable"},"_links":{"self":[{"href":"https:\/\/swisssoftware24.ch\/fr\/wp-json\/wp\/v2\/product\/20250","targetHints":{"allow":["GET"]}}],"collection":[{"href":"https:\/\/swisssoftware24.ch\/fr\/wp-json\/wp\/v2\/product"}],"about":[{"href":"https:\/\/swisssoftware24.ch\/fr\/wp-json\/wp\/v2\/types\/product"}],"wp:featuredmedia":[{"embeddable":true,"href":"https:\/\/swisssoftware24.ch\/fr\/wp-json\/wp\/v2\/media\/25670"}],"wp:attachment":[{"href":"https:\/\/swisssoftware24.ch\/fr\/wp-json\/wp\/v2\/media?parent=20250"}],"wp:term":[{"taxonomy":"product_brand","embeddable":true,"href":"https:\/\/swisssoftware24.ch\/fr\/wp-json\/wp\/v2\/product_brand?post=20250"},{"taxonomy":"product_cat","embeddable":true,"href":"https:\/\/swisssoftware24.ch\/fr\/wp-json\/wp\/v2\/product_cat?post=20250"},{"taxonomy":"product_tag","embeddable":true,"href":"https:\/\/swisssoftware24.ch\/fr\/wp-json\/wp\/v2\/product_tag?post=20250"}],"curies":[{"name":"wp","href":"https:\/\/api.w.org\/{rel}","templated":true}]}}