{"id":20271,"date":"2023-10-10T09:46:27","date_gmt":"2023-10-10T07:46:27","guid":{"rendered":"https:\/\/swisssoftware24.ch\/?post_type=product&#038;p=20271"},"modified":"2025-11-29T23:56:54","modified_gmt":"2025-11-29T22:56:54","slug":"acronis-cyber-protect-home-office-essentials","status":"publish","type":"product","link":"https:\/\/swisssoftware24.ch\/fr\/products\/acronis-cyber-protect-home-office-essentials\/","title":{"rendered":"Acronis Cyber Protect Home Office Essentials"},"content":{"rendered":"<h1>Acronis Cyber Protect Home Office Essentials \u2013 fonctions les plus importantes<\/h1>\n<ol>\n<li><strong>Protection contre les ransomwares<\/strong><\/li>\n<li>Cr\u00e9ation fiable de <strong>sauvegardes<\/strong><\/li>\n<li><strong>Contr\u00f4le sur les donn\u00e9es priv\u00e9es<\/strong><\/li>\n<li><strong>Mises \u00e0 jour<\/strong> gratuites vers la derni\u00e8re version<\/li>\n<\/ol>\n<h2>Acronis Cyber Protect Home Office Essentials \u2013 description d\u00e9taill\u00e9e du produit<\/h2>\n<p><strong>Acronis Cyber Protect Home Office Essentials<\/strong> est une solution logicielle avanc\u00e9e qui combine s\u00e9curit\u00e9 et sauvegarde de donn\u00e9es en un seul outil. Gr\u00e2ce \u00e0 ses technologies de scan de pointe, il offre une protection robuste contre les virus, chevaux de Troie et, en particulier, les ransomwares, en prot\u00e9geant vos fichiers contre le chiffrement non autoris\u00e9.<\/p>\n<p>La fonction de sauvegarde r\u00e9guli\u00e8re et automatique minimise consid\u00e9rablement les risques de perte de donn\u00e9es. Elle vous permet d'utiliser votre ordinateur sans craindre les pannes de syst\u00e8me ou les cyberattaques qui pourraient compromettre vos informations.<\/p>\n<p>Un autre avantage essentiel d'Acronis Cyber Protect Home Office Essentials est la disponibilit\u00e9 de mises \u00e0 jour gratuites. Cela vous garantit une protection continue contre les menaces cybern\u00e9tiques les plus r\u00e9centes, sans avoir \u00e0 chercher constamment de nouvelles versions.<\/p>\n<h3>Acronis Cyber Protect Home Office Essentials \u2013 \n configuration syst\u00e8me requise<\/h3>\n<ul>\n<li>Plateformes mat\u00e9rielles : Windows, macOS, Android, iOS<\/li>\n<li>Syst\u00e8mes d'exploitation:\nWindows : 7 SP1, 8\/8.1, 10, 11\nmacOS : 10.11 (El Capitan) ou sup\u00e9rieur\nAndroid : 5.0 ou sup\u00e9rieur\niOS : 10.3 ou sup\u00e9rieur<\/li>\n<\/ul>","protected":false},"excerpt":{"rendered":"<p class=\"translation-block\">Acronis Cyber Protect Home Office Essentials est un programme indispensable pour assurer la s\u00e9curit\u00e9 de vos donn\u00e9es num\u00e9riques. Il ne se limite pas \u00e0 une protection antivirus compl\u00e8te, mais s\u00e9curise \u00e9galement vos donn\u00e9es les plus pr\u00e9cieuses \u2013 photos, vid\u00e9os, documents \u2013 gr\u00e2ce \u00e0 des sauvegardes fiables. Avec ce logiciel \u00e0 vos c\u00f4t\u00e9s, la perte de souvenirs familiaux en raison de suppressions accidentelles ou de pannes de disque dur peut \u00eatre \u00e9vit\u00e9e.<\/p>\n<p>Lors de l'achat, vous recevez une licence annuelle sous forme de cl\u00e9 \u00e9lectronique pour 1, 3 ou 5 appareils. Ce programme multilingue est compatible avec Windows, macOS ainsi que les syst\u00e8mes Android et iOS.<\/p>\n<p><strong>LIVRAISON PAR E-MAIL EN 5 MINUTES<\/strong><\/p>","protected":false},"featured_media":25671,"template":"","meta":{"_seopress_robots_primary_cat":"none","_seopress_titles_title":"Acronis Cyber Protect Home Office Essentials | SwissSoftware24","_seopress_titles_desc":"Acronis Cyber Protect Home Office Essentials: Grundlegende Datensicherung und Schutz vor Cyberbedrohungen. Jetzt bei SwissSoftware24 erh\u00e4ltlich.","_seopress_robots_index":""},"product_brand":[],"product_cat":[129,93,63],"product_tag":[],"class_list":{"0":"post-20271","1":"product","2":"type-product","3":"status-publish","4":"has-post-thumbnail","6":"product_cat-acronis","7":"product_cat-antivirus","8":"product_cat-antivirus-security","10":"first","11":"outofstock","12":"taxable","13":"shipping-taxable","14":"product-type-variable"},"_links":{"self":[{"href":"https:\/\/swisssoftware24.ch\/fr\/wp-json\/wp\/v2\/product\/20271","targetHints":{"allow":["GET"]}}],"collection":[{"href":"https:\/\/swisssoftware24.ch\/fr\/wp-json\/wp\/v2\/product"}],"about":[{"href":"https:\/\/swisssoftware24.ch\/fr\/wp-json\/wp\/v2\/types\/product"}],"wp:featuredmedia":[{"embeddable":true,"href":"https:\/\/swisssoftware24.ch\/fr\/wp-json\/wp\/v2\/media\/25671"}],"wp:attachment":[{"href":"https:\/\/swisssoftware24.ch\/fr\/wp-json\/wp\/v2\/media?parent=20271"}],"wp:term":[{"taxonomy":"product_brand","embeddable":true,"href":"https:\/\/swisssoftware24.ch\/fr\/wp-json\/wp\/v2\/product_brand?post=20271"},{"taxonomy":"product_cat","embeddable":true,"href":"https:\/\/swisssoftware24.ch\/fr\/wp-json\/wp\/v2\/product_cat?post=20271"},{"taxonomy":"product_tag","embeddable":true,"href":"https:\/\/swisssoftware24.ch\/fr\/wp-json\/wp\/v2\/product_tag?post=20271"}],"curies":[{"name":"wp","href":"https:\/\/api.w.org\/{rel}","templated":true}]}}