{"id":20295,"date":"2023-10-10T11:04:11","date_gmt":"2023-10-10T09:04:11","guid":{"rendered":"https:\/\/swisssoftware24.ch\/?post_type=product&#038;p=20295"},"modified":"2025-11-29T23:56:54","modified_gmt":"2025-11-29T22:56:54","slug":"acronis-cyber-protect-home-office-premium","status":"publish","type":"product","link":"https:\/\/swisssoftware24.ch\/fr\/products\/acronis-cyber-protect-home-office-premium\/","title":{"rendered":"Acronis Cyber Protect Home Office Premium"},"content":{"rendered":"<p data-start=\"311\" data-end=\"652\">Acronis Cyber Protect Home Office Premium combine des fonctions de s\u00e9curit\u00e9 avanc\u00e9es avec des outils antivirus et de sauvegarde puissants. L'accent est mis sur la pr\u00e9vention des ransomwares gr\u00e2ce \u00e0 une surveillance en temps r\u00e9el et \u00e0 la protection intelligente des fichiers contre le chiffrement non autoris\u00e9.<\/p>\n<p data-start=\"654\" data-end=\"884\">Gr\u00e2ce \u00e0 la sauvegarde automatique et s\u00e9curis\u00e9e dans le cloud, le logiciel offre une flexibilit\u00e9 maximale. M\u00eame en cas de perte ou de panne de l\u2019appareil, vous conservez l\u2019acc\u00e8s \u00e0 vos donn\u00e9es \u2013 partout et \u00e0 tout moment.<\/p>\n<p data-start=\"886\" data-end=\"1153\">Le point fort de cette version est l\u2019int\u00e9gration de la certification des fichiers via la blockchain ainsi que des signatures \u00e9lectroniques, id\u00e9ales pour les documents ou contrats sensibles. Acronis fournit ainsi une protection compl\u00e8te pour les particuliers comme pour les professionnels.<\/p>\n<p data-start=\"886\" data-end=\"1153\"><strong>Vous trouverez plus d'informations sur ce produit\u00a0<a href=\"https:\/\/swisssoftware24.ch\/fr\/acronis-cyber-protect-home-office-premium-ihre-daten-in-besten-haenden\/\">ici<\/a>.<\/strong><\/p>\n<h3>Acronis Cyber Protect Home Office Premium \u2013 configuration syst\u00e8me requise<\/h3>\n<ul>\n<li>Plateformes mat\u00e9rielles : Windows, macOS, Android, iOS<\/li>\n<li>Syst\u00e8mes d'exploitation:\nWindows : 7 SP1, 8\/8.1, 10, 11\nmacOS : 10.11 (El Capitan) ou sup\u00e9rieur\nAndroid : 5.0 ou sup\u00e9rieur\niOS : 10.3 ou sup\u00e9rieur<\/li>\n<\/ul>","protected":false},"excerpt":{"rendered":"<p class=\"translation-block\">Acronis Cyber Protect Home Office Premium est une solution tout-en-un qui offre la protection la plus avanc\u00e9e pour vos donn\u00e9es num\u00e9riques. Gr\u00e2ce \u00e0 ce logiciel, vous n'aurez plus \u00e0 vous inqui\u00e9ter de la perte de fichiers importants tels que des photos, des vid\u00e9os ou des documents, que ce soit en raison de pannes de disque dur, de suppressions accidentelles ou d'attaques cybern\u00e9tiques.<\/p>\n<p class=\"translation-block\">En achetant ce produit, vous recevrez une cl\u00e9 \u00e9lectronique pour utiliser le logiciel de sauvegarde sur jusqu'\u00e0 cinq appareils pendant un an, avec 1 To de stockage dans le cloud. Cet outil multilingue est disponible \u00e0 la fois pour les syst\u00e8mes Windows et macOS ainsi que pour les appareils mobiles Android et iOS.<\/p>\n<p><strong>EXP\u00c9DI\u00c9 EN 1 JOUR PAR EMAIL<\/strong><\/p>","protected":false},"featured_media":25672,"template":"","meta":{"_seopress_robots_primary_cat":"none","_seopress_titles_title":"Acronis Cyber Protect Home Office Premium | SwissSoftware24","_seopress_titles_desc":"Acronis Cyber Protect Home Office Premium: Umfassende Datensicherung und Cybersecurity. Sch\u00fctzen Sie Ihre Daten zuverl\u00e4ssig. Jetzt bei SwissSoftware24.","_seopress_robots_index":""},"product_brand":[],"product_cat":[129,93,63],"product_tag":[],"class_list":{"0":"post-20295","1":"product","2":"type-product","3":"status-publish","4":"has-post-thumbnail","6":"product_cat-acronis","7":"product_cat-antivirus","8":"product_cat-antivirus-security","10":"first","11":"instock","12":"taxable","13":"shipping-taxable","14":"purchasable","15":"product-type-variable"},"_links":{"self":[{"href":"https:\/\/swisssoftware24.ch\/fr\/wp-json\/wp\/v2\/product\/20295","targetHints":{"allow":["GET"]}}],"collection":[{"href":"https:\/\/swisssoftware24.ch\/fr\/wp-json\/wp\/v2\/product"}],"about":[{"href":"https:\/\/swisssoftware24.ch\/fr\/wp-json\/wp\/v2\/types\/product"}],"wp:featuredmedia":[{"embeddable":true,"href":"https:\/\/swisssoftware24.ch\/fr\/wp-json\/wp\/v2\/media\/25672"}],"wp:attachment":[{"href":"https:\/\/swisssoftware24.ch\/fr\/wp-json\/wp\/v2\/media?parent=20295"}],"wp:term":[{"taxonomy":"product_brand","embeddable":true,"href":"https:\/\/swisssoftware24.ch\/fr\/wp-json\/wp\/v2\/product_brand?post=20295"},{"taxonomy":"product_cat","embeddable":true,"href":"https:\/\/swisssoftware24.ch\/fr\/wp-json\/wp\/v2\/product_cat?post=20295"},{"taxonomy":"product_tag","embeddable":true,"href":"https:\/\/swisssoftware24.ch\/fr\/wp-json\/wp\/v2\/product_tag?post=20295"}],"curies":[{"name":"wp","href":"https:\/\/api.w.org\/{rel}","templated":true}]}}