{"id":21550,"date":"2023-11-17T12:16:09","date_gmt":"2023-11-17T11:16:09","guid":{"rendered":"https:\/\/swisssoftware24.ch\/?post_type=product&#038;p=21550"},"modified":"2025-11-29T23:56:54","modified_gmt":"2025-11-29T22:56:54","slug":"microsoft-365-single-ricardo","status":"publish","type":"product","link":"https:\/\/swisssoftware24.ch\/fr\/products\/microsoft-365-single-ricardo\/","title":{"rendered":"Microsoft 365 Single (ricardo)"},"content":{"rendered":"<p>Vous recevrez ce produit confortablement \u00e0 votre adresse e-mail. L'envoi par e-mail comprend la cl\u00e9 de produit, un lien de t\u00e9l\u00e9chargement et une facture conforme \u00e0 la TVA. Nous vendons exclusivement des produits originaux et offrons une garantie de 2 ans. Nous serons ravis de vous aider \u00e9galement pour l'installation. Pour toute question concernant la remise quantitative \u00e0 partir de 5 unit\u00e9s, veuillez nous contacter via le formulaire de contact ci-dessous. <a href=\"https:\/\/swisssoftware24.ch\/fr\/kontakt\/\">Formular.<\/a><\/p>\n<p><img loading=\"lazy\" decoding=\"async\" class=\"aligncenter wp-image-13484 size-full\" src=\"https:\/\/swisssoftware24.ch\/wp-content\/uploads\/2023\/02\/auf_the_nutzer.jpg\" alt=\"\" width=\"1200\" height=\"100\" srcset=\"https:\/\/swisssoftware24.ch\/wp-content\/uploads\/2023\/02\/auf_the_nutzer.jpg 1200w, https:\/\/swisssoftware24.ch\/wp-content\/uploads\/2023\/02\/auf_the_nutzer-600x50.jpg 600w, https:\/\/swisssoftware24.ch\/wp-content\/uploads\/2023\/02\/auf_the_nutzer-64x5.jpg 64w, https:\/\/swisssoftware24.ch\/wp-content\/uploads\/2023\/02\/auf_the_nutzer-300x25.jpg 300w, https:\/\/swisssoftware24.ch\/wp-content\/uploads\/2023\/02\/auf_the_nutzer-1024x85.jpg 1024w, https:\/\/swisssoftware24.ch\/wp-content\/uploads\/2023\/02\/auf_the_nutzer-768x64.jpg 768w\" sizes=\"auto, (max-width: 1200px) 100vw, 1200px\" \/><\/p>\n<p data-sourcepos=\"3:1-3:373\">Microsoft 365 Single est la solution id\u00e9ale pour ceux qui recherchent une suite bureautique performante et flexible pour un usage personnel. Avec ce pack, vous avez acc\u00e8s aux derni\u00e8res versions de Word, Excel, PowerPoint et Outlook, que vous pouvez utiliser sur tous vos appareils. Travaillez de mani\u00e8re productive, que vous soyez en d\u00e9placement, dans un caf\u00e9 ou \u00e0 la maison.<\/p>\n<p data-sourcepos=\"5:1-5:230\">Profitez de la libert\u00e9 de modifier vos documents, feuilles de calcul et pr\u00e9sentations o\u00f9 que vous soyez. Gr\u00e2ce \u00e0 la synchronisation dans le cloud avec OneDrive, vous avez acc\u00e8s \u00e0 vos fichiers \u00e0 tout moment, quel que soit l'appareil que vous utilisez.<\/p>\n<p data-sourcepos=\"7:1-7:289\">Microsoft 365 Single vous offre bien plus que des applications bureautiques de base. Avec des fonctionnalit\u00e9s intelligentes telles que la saisie semi-automatique, la traduction en temps r\u00e9el et la collaboration en temps r\u00e9el, vous pouvez augmenter votre productivit\u00e9 et g\u00e9rer facilement des t\u00e2ches complexes.<\/p>\n<p data-sourcepos=\"9:1-9:176\">Investissez dans votre productivit\u00e9 avec Microsoft 365 Single. C'est le choix id\u00e9al pour les \u00e9tudiants, les ind\u00e9pendants et tous ceux qui attachent de l'importance \u00e0 la flexibilit\u00e9 et \u00e0 l'efficacit\u00e9.<\/p>\n<p><strong>Vous trouverez plus d'informations sur ce produit\u00a0<a href=\"https:\/\/swisssoftware24.ch\/fr\/microsoft-365-single-ihr-partner-in-der-digitalen-welt\/\">ici<\/a>.<\/strong><\/p>\n<h3>Microsoft 365 Single \u2013 configuration syst\u00e8me requise<\/h3>\n<ul>\n<li>Syst\u00e8mes d'exploitation: Windows 10 et 11; Mac: les trois derni\u00e8res versions de macOS.<\/li>\n<li>RAM PC - 4 Go de RAM, 2 Go de RAM (32 bits); Mac - 4 Go de RAM<\/li>\n<li>Ordinateur avec processeur - 1,6 GHz ou plus rapide (double c\u0153ur)\u00a0; Mac - Processeur Intel<\/li>\n<li>Disque dur PC - 4 Go ; Mac - 10 Go<\/li>\n<\/ul>","protected":false},"excerpt":{"rendered":"<p><span style=\"font-weight: 400\">Microsoft 365 Personal ist f\u00fcr Sch\u00fcler, Studenten und alle anderen Einzelbenutzer. Was gewinnen Sie, wenn Sie sich f\u00fcr dieses Paket entscheiden? Zuallererst Freiheit und Arbeitskomfort dank der mobilen Office-Anwendung. <\/span>Gut zu wissen! Dieses Produkt l\u00e4sst sich stapeln. Das bedeutet 1 Produktschl\u00fcssel = plus 365 Tage Lauftzeit. Sie k\u00f6nnen max. 5 Schl\u00fcssel verwenden um die Laufzeit f\u00fcr 5 Jahre zu verl\u00e4ngern.<\/p>\n<p><strong>Licence: 1 utilisateur pour 1 an<\/strong><\/p>\n<p><strong>Version linguistique: Toutes les langues<\/strong><\/p>\n<p>LIVRAISON PAR E-MAIL EN 5 MINUTES<\/p>","protected":false},"featured_media":13490,"template":"","meta":{"_seopress_robots_primary_cat":"none","_seopress_titles_title":"Microsoft 365 Single | SwissSoftware24","_seopress_titles_desc":"Microsoft 365 Single: Nutzen Sie Office-Apps wie Word, Excel und mehr auf einem Ger\u00e4t. Perfekt f\u00fcr den pers\u00f6nlichen Gebrauch. Jetzt bei SwissSoftware24.","_seopress_robots_index":""},"product_brand":[],"product_cat":[15],"product_tag":[],"class_list":{"0":"post-21550","1":"product","2":"type-product","3":"status-publish","4":"has-post-thumbnail","6":"product_cat-uncategorised","8":"first","9":"outofstock","10":"featured","11":"taxable","12":"shipping-taxable","13":"purchasable","14":"product-type-simple"},"_links":{"self":[{"href":"https:\/\/swisssoftware24.ch\/fr\/wp-json\/wp\/v2\/product\/21550","targetHints":{"allow":["GET"]}}],"collection":[{"href":"https:\/\/swisssoftware24.ch\/fr\/wp-json\/wp\/v2\/product"}],"about":[{"href":"https:\/\/swisssoftware24.ch\/fr\/wp-json\/wp\/v2\/types\/product"}],"wp:featuredmedia":[{"embeddable":true,"href":"https:\/\/swisssoftware24.ch\/fr\/wp-json\/wp\/v2\/media\/13490"}],"wp:attachment":[{"href":"https:\/\/swisssoftware24.ch\/fr\/wp-json\/wp\/v2\/media?parent=21550"}],"wp:term":[{"taxonomy":"product_brand","embeddable":true,"href":"https:\/\/swisssoftware24.ch\/fr\/wp-json\/wp\/v2\/product_brand?post=21550"},{"taxonomy":"product_cat","embeddable":true,"href":"https:\/\/swisssoftware24.ch\/fr\/wp-json\/wp\/v2\/product_cat?post=21550"},{"taxonomy":"product_tag","embeddable":true,"href":"https:\/\/swisssoftware24.ch\/fr\/wp-json\/wp\/v2\/product_tag?post=21550"}],"curies":[{"name":"wp","href":"https:\/\/api.w.org\/{rel}","templated":true}]}}