{"id":21777,"date":"2023-11-27T10:52:54","date_gmt":"2023-11-27T09:52:54","guid":{"rendered":"https:\/\/swisssoftware24.ch\/?post_type=product&#038;p=21777"},"modified":"2025-11-29T23:56:54","modified_gmt":"2025-11-29T22:56:54","slug":"panda-dome-advanced","status":"publish","type":"product","link":"https:\/\/swisssoftware24.ch\/fr\/products\/panda-dome-advanced\/","title":{"rendered":"Panda Dome Advanced"},"content":{"rendered":"<p data-start=\"0\" data-end=\"326\">Panda Dome Advanced 2023 r\u00e9unit antivirus cloud en temps r\u00e9el, antispyware et d\u00e9tection des zero days pour appareils Windows, macOS, Android et iOS. Qu\u2019il s\u2019agisse d\u2019un ordinateur portable, d\u2019un smartphone ou d\u2019un gadget domotique, vos donn\u00e9es restent prot\u00e9g\u00e9es 24 h\/7<\/p>\n<p data-start=\"328\" data-end=\"754\">La suite mise sur l\u2019antivirus avec protection anti-ransomware: un moteur multicouche bloque les ran\u00e7ongiciels, sites de phishing et failles exploitables, tandis qu\u2019un pare-feu avanc\u00e9 prot\u00e8ge votre Wi-Fi domestique des pirates. Le VPN int\u00e9gr\u00e9 150 Mo par jour crypte le trafic et emp\u00eache le tracking en voyage ou sur hotspots publics<\/p>\n<p data-start=\"756\" data-end=\"1033\">Contr\u00f4le parental, scanner dark web, mode jeu\/multim\u00e9dia et analyse des p\u00e9riph\u00e9riques USB compl\u00e8tent l\u2019ensemble. Naviguez, achetez et streamez sans perte de performance\u2014id\u00e9al pour familles, freelances et grands voyageurs<\/p>\n<p data-start=\"756\" data-end=\"1033\"><strong>Vous trouverez plus d'informations sur ce produit\u00a0<a href=\"https:\/\/swisssoftware24.ch\/fr\/panda-dome-advanced-2023-ihr-digitales-schutzschild\/\">ici<\/a>.<\/strong><\/p>\n<h3>Panda Dome Advanced \u2013 configuration syst\u00e8me requise<\/h3>\n<p>Windows<\/p>\n<p>Syst\u00e8me d'exploitation<br \/>\nWindows 11 (32\/64-Bit)<br \/>\nWindows 10 (32\/64-Bit)<br \/>\nWindows 8\/8.1 (32\/64-Bit)<br \/>\nWindows 7 (32\/64-Bit)<br \/>\nWindows Vista (32\/64-Bit)<br \/>\nWindows XP 32 bits (SP3 ou sup\u00e9rieur)<br \/>\nProcesseur: Pentium 300 MHz ou sup\u00e9rieur<br \/>\nRAM: 256 MB<br \/>\nDisque dur: 240 Mo d'espace libre<br \/>\nRemarque: Le VPN Panda n\u00e9cessite Windows 7 ou sup\u00e9rieur et .NET Framework 4.6 ou sup\u00e9rieur.<\/p>\n<p>Android<\/p>\n<p>Syst\u00e8me d'exploitation: Android 4 ou sup\u00e9rieur<br \/>\niPhone\/iPad<\/p>\n<p>Syst\u00e8me d'exploitation: iOS 7 ou sup\u00e9rieur<\/p>","protected":false},"excerpt":{"rendered":"<p>Panda Dome Advanced ist die neueste Version der Software, der Millionen von Nutzern weltweit vertrauen. Sie gew\u00e4hrleistet maximale Sicherheit f\u00fcr Computer, Laptops, Smartphones, Tablets und sogar Smartwatches.<\/p>\n<p><strong>EXP\u00c9DI\u00c9 EN 1 JOUR PAR EMAIL<\/strong><\/p>","protected":false},"featured_media":25713,"template":"","meta":{"_seopress_robots_primary_cat":"none","_seopress_titles_title":"Panda Dome Advanced | SwissSoftware24","_seopress_titles_desc":"Panda Dome Advanced: Umfassender Schutz vor Viren, Malware und Ransomware. Inklusive Firewall und Kindersicherung. Jetzt bei SwissSoftware24 erh\u00e4ltlich.","_seopress_robots_index":""},"product_brand":[],"product_cat":[93,63,115],"product_tag":[],"class_list":{"0":"post-21777","1":"product","2":"type-product","3":"status-publish","4":"has-post-thumbnail","6":"product_cat-antivirus","7":"product_cat-antivirus-security","8":"product_cat-panda","10":"first","11":"instock","12":"taxable","13":"shipping-taxable","14":"purchasable","15":"product-type-variable"},"_links":{"self":[{"href":"https:\/\/swisssoftware24.ch\/fr\/wp-json\/wp\/v2\/product\/21777","targetHints":{"allow":["GET"]}}],"collection":[{"href":"https:\/\/swisssoftware24.ch\/fr\/wp-json\/wp\/v2\/product"}],"about":[{"href":"https:\/\/swisssoftware24.ch\/fr\/wp-json\/wp\/v2\/types\/product"}],"wp:featuredmedia":[{"embeddable":true,"href":"https:\/\/swisssoftware24.ch\/fr\/wp-json\/wp\/v2\/media\/25713"}],"wp:attachment":[{"href":"https:\/\/swisssoftware24.ch\/fr\/wp-json\/wp\/v2\/media?parent=21777"}],"wp:term":[{"taxonomy":"product_brand","embeddable":true,"href":"https:\/\/swisssoftware24.ch\/fr\/wp-json\/wp\/v2\/product_brand?post=21777"},{"taxonomy":"product_cat","embeddable":true,"href":"https:\/\/swisssoftware24.ch\/fr\/wp-json\/wp\/v2\/product_cat?post=21777"},{"taxonomy":"product_tag","embeddable":true,"href":"https:\/\/swisssoftware24.ch\/fr\/wp-json\/wp\/v2\/product_tag?post=21777"}],"curies":[{"name":"wp","href":"https:\/\/api.w.org\/{rel}","templated":true}]}}