{"id":22033,"date":"2023-12-04T13:11:23","date_gmt":"2023-12-04T12:11:23","guid":{"rendered":"https:\/\/swisssoftware24.ch\/?post_type=product&#038;p=22033"},"modified":"2026-04-09T15:41:22","modified_gmt":"2026-04-09T13:41:22","slug":"adobe-photoshop-elements-2024-2","status":"publish","type":"product","link":"https:\/\/swisssoftware24.ch\/fr\/products\/adobe-photoshop-elements-2024-2\/","title":{"rendered":"Adobe Premiere Elements 2024"},"content":{"rendered":"<div class=\"text NoMargin dx-text-mobile--center dx-text-tablet--right dx-text-desktop--center heading-XXL aem-GridColumn--tablet--12 aem-GridColumn--offset--tablet--0 aem-GridColumn--phone--hide aem-GridColumn--phone--12 aem-GridColumn aem-GridColumn--default--12 aem-GridColumn--offset--phone--0 aem-GridColumn--tablet--hide\">\n<div class=\"cmp-text mobile-padding-top-100 mobile-padding-bottom-20 tablet-padding-top-100 tablet-padding-bottom-0 tablet-padding-left-44 desktop-padding-top-28 NoMargin heading-XXL\"><\/div>\n<\/div>\n<div class=\"text NoMargin heading-M aem-GridColumn aem-GridColumn--default--12\">\n<div class=\"cmp-text desktop-padding-left-44 NoMargin heading-S\">\n<div class=\"text aem-GridColumn aem-GridColumn--default--12\">\n<div class=\"cmp-text mobile-padding-top-16 NoMargin body-XL\">\n<div class=\"text aem-GridColumn aem-GridColumn--default--12\">\n<div class=\"cmp-text mobile-padding-top-16 NoMargin body-XL\">\n<div class=\"text aem-GridColumn aem-GridColumn--default--12\">\n<div class=\"cmp-text mobile-padding-top-16 NoMargin body-XL\">\n<div class=\"text aem-GridColumn aem-GridColumn--default--12\">\n<div class=\"cmp-text mobile-padding-top-16 NoMargin body-XL\">\n<div class=\"text aem-GridColumn aem-GridColumn--default--12\">\n<div class=\"cmp-text mobile-padding-top-16 NoMargin body-XL\">\n<p data-start=\"0\" data-end=\"345\">Adobe Premiere Elements 2024 est le logiciel de montage vid\u00e9o pour ceux qui veulent cr\u00e9er des clips de qualit\u00e9 sans interfaces professionnelles complexes. Trois modes de montage (Rapide, Guid\u00e9 et Avanc\u00e9) aident \u00e0 progresser \u00e9tape par \u00e9tape, du premier cut jusqu\u2019\u00e0 une timeline finement ajust\u00e9e.<\/p>\n<p data-start=\"347\" data-end=\"695\">La version 2024 apporte une interface modernis\u00e9e avec th\u00e8mes clair et sombre, de nouveaux graphismes, des d\u00e9marrages plus rapides et des fonctions pilot\u00e9es par l\u2019IA comme les Highlight Reels et Color Match. Les clips peuvent \u00eatre harmonis\u00e9s en couleur en un clic, automatiquement pr\u00e9s\u00e9lectionn\u00e9s et am\u00e9lior\u00e9s avec de nouveaux effets audio.<\/p>\n<p data-start=\"697\" data-end=\"1045\">Qu\u2019il s\u2019agisse de vid\u00e9os pour les r\u00e9seaux sociaux, de vlogs de voyage ou de films de famille, Adobe Premiere Elements 2024 combine automatisation et outils pr\u00e9cis. Le montage vid\u00e9o devient accessible aux d\u00e9butants, tandis que les utilisateurs avanc\u00e9s conservent suffisamment de contr\u00f4le pour un \u00e9talonnage propre, un mixage audio soign\u00e9 et l\u2019export dans les formats courants.<\/p>\n<p><strong>Vous trouverez plus d'informations sur ce produit\u00a0<a href=\"https:\/\/swisssoftware24.ch\/fr\/adobe-premiere-elements-2024-schneller-zum-fertigen-video\/\">ici<\/a>.<\/strong><\/p>\n<div class=\"text aem-GridColumn aem-GridColumn--default--12\">\n<div class=\"cmp-text mobile-padding-top-16 NoMargin body-XL\">\n<div class=\"text aem-GridColumn aem-GridColumn--default--12\">\n<div class=\"cmp-text mobile-padding-top-16 NoMargin body-XL\">\n<h2>Adobe Premiere Elements 2024 \u2013 configuration syst\u00e8me requise<\/h2>\n<h3>Windows \u2013 configuration syst\u00e8me requise<\/h3>\n<ul>\n<li>Processeur Intel de 6e g\u00e9n\u00e9ration ou sup\u00e9rieur (ou \u00e9quivalent AMD) avec prise en charge des instructions SSE 4.1<\/li>\n<li>Microsoft Windows 10 (version 21H1, version 21H2 recommand\u00e9e) ; Windows 11 (version 21H2) ; versions 64 bits uniquement ; pas de prise en charge de Windows 7 et Windows 8.1<\/li>\n<li>8 Go de RAM<\/li>\n<li>5 Go d'espace disponible pour l'installation des applications ; espace suppl\u00e9mentaire pour le contenu en ligne t\u00e9l\u00e9chargeable ; espace suppl\u00e9mentaire pour les fichiers temporaires lors de l'installation et de l'utilisation du produit ; ne peut pas \u00eatre install\u00e9 sur un syst\u00e8me de fichiers sensible \u00e0 la casse ou sur des p\u00e9riph\u00e9riques de stockage amovibles<\/li>\n<li>Affichage avec une r\u00e9solution de 1280 x 800 (facteur de mise \u00e0 l'\u00e9chelle \u00e0 100 %)<\/li>\n<li>Pilotes audio et vid\u00e9o compatibles avec Microsoft DirectX 12<\/li>\n<li>Windows Media Player (pour l'importation de fichiers Windows Media)<\/li>\n<\/ul>\n<h3>macOS \u2013 configuration syst\u00e8me requise<\/h3>\n<ul>\n<li>Processeur Intel de 6e g\u00e9n\u00e9ration ou plus r\u00e9cent, ou processeur Apple M1<\/li>\n<li>macOS 11, macOS 12 (version 12.4 ou plus)<\/li>\n<li>8 Go de RAM<\/li>\n<li>6 Go d'espace disponible pour l'installation des applications ; espace suppl\u00e9mentaire pour le contenu en ligne t\u00e9l\u00e9chargeable ; espace suppl\u00e9mentaire pour les fichiers temporaires lors de l'installation et de l'utilisation du produit ; ne peut pas \u00eatre install\u00e9 sur un syst\u00e8me de fichiers sensible \u00e0 la casse ou sur des p\u00e9riph\u00e9riques de stockage amovibles<\/li>\n<li>Affichage avec une r\u00e9solution de 1280 x 800 (facteur de mise \u00e0 l'\u00e9chelle \u00e0 100 %)<\/li>\n<\/ul>\n<\/div>\n<\/div>\n<\/div>\n<\/div>\n<\/div>\n<\/div>\n<\/div>\n<\/div>\n<\/div>\n<\/div>\n<\/div>\n<\/div>\n<\/div>\n<\/div>\n<\/div>\n<\/div>","protected":false},"excerpt":{"rendered":"<div class=\"text NoMargin dx-text-mobile--center dx-text-tablet--right dx-text-desktop--center heading-XXL aem-GridColumn--tablet--12 aem-GridColumn--offset--tablet--0 aem-GridColumn--phone--hide aem-GridColumn--phone--12 aem-GridColumn aem-GridColumn--default--12 aem-GridColumn--offset--phone--0 aem-GridColumn--tablet--hide\">\n<div class=\"cmp-text mobile-padding-top-100 mobile-padding-bottom-20 tablet-padding-top-100 tablet-padding-bottom-0 tablet-padding-left-44 desktop-padding-top-28 NoMargin heading-XXL\">\n<p><strong>Des vid\u00e9os sensationnelles en quelques secondes.<\/strong><\/p>\n<\/div>\n<\/div>\n<div class=\"text NoMargin heading-M aem-GridColumn aem-GridColumn--default--12\">\n<div class=\"cmp-text desktop-padding-left-44 NoMargin heading-S\">\n<p><span class=\"type-light\">L'IA, l'automatisation et une interface rafra\u00eechie facilitent le montage vid\u00e9o.<\/span><\/p>\n<p><strong>EXP\u00c9DI\u00c9 EN 1 JOUR PAR EMAIL<\/strong><\/p>\n<\/div>\n<\/div>","protected":false},"featured_media":25688,"template":"","meta":{"_seopress_robots_primary_cat":"none","_seopress_titles_title":"Adobe Premiere Elements 2024 | Video-Editor | SwissSoftware24","_seopress_titles_desc":"Adobe Premiere Elements 2024: Erstellen und bearbeiten Sie beeindruckende Videos. Einfach zu bedienende Tools f\u00fcr jeden Anlass. Jetzt bei SwissSoftware24.","_seopress_robots_index":""},"product_brand":[],"product_cat":[91,92,97,100,82,83],"product_tag":[],"class_list":{"0":"post-22033","1":"product","2":"type-product","3":"status-publish","4":"has-post-thumbnail","6":"product_cat-adobe","7":"product_cat-animation","8":"product_cat-grafik-design","9":"product_cat-video","10":"product_cat-video-grafik","11":"product_cat-video-grafik-andere","13":"first","14":"outofstock","15":"taxable","16":"shipping-taxable","17":"purchasable","18":"product-type-simple"},"_links":{"self":[{"href":"https:\/\/swisssoftware24.ch\/fr\/wp-json\/wp\/v2\/product\/22033","targetHints":{"allow":["GET"]}}],"collection":[{"href":"https:\/\/swisssoftware24.ch\/fr\/wp-json\/wp\/v2\/product"}],"about":[{"href":"https:\/\/swisssoftware24.ch\/fr\/wp-json\/wp\/v2\/types\/product"}],"wp:featuredmedia":[{"embeddable":true,"href":"https:\/\/swisssoftware24.ch\/fr\/wp-json\/wp\/v2\/media\/25688"}],"wp:attachment":[{"href":"https:\/\/swisssoftware24.ch\/fr\/wp-json\/wp\/v2\/media?parent=22033"}],"wp:term":[{"taxonomy":"product_brand","embeddable":true,"href":"https:\/\/swisssoftware24.ch\/fr\/wp-json\/wp\/v2\/product_brand?post=22033"},{"taxonomy":"product_cat","embeddable":true,"href":"https:\/\/swisssoftware24.ch\/fr\/wp-json\/wp\/v2\/product_cat?post=22033"},{"taxonomy":"product_tag","embeddable":true,"href":"https:\/\/swisssoftware24.ch\/fr\/wp-json\/wp\/v2\/product_tag?post=22033"}],"curies":[{"name":"wp","href":"https:\/\/api.w.org\/{rel}","templated":true}]}}