{"id":22211,"date":"2023-12-11T12:00:06","date_gmt":"2023-12-11T11:00:06","guid":{"rendered":"https:\/\/swisssoftware24.ch\/?post_type=product&#038;p=22211"},"modified":"2025-11-29T23:56:54","modified_gmt":"2025-11-29T22:56:54","slug":"adobe-photoshop-elements-2024-premiere-elements-2024","status":"publish","type":"product","link":"https:\/\/swisssoftware24.ch\/fr\/products\/adobe-photoshop-elements-2024-premiere-elements-2024\/","title":{"rendered":"Adobe Photoshop Elements 2024 + Premiere Elements 2024"},"content":{"rendered":"<div class=\"text aem-GridColumn--tablet--12 aem-GridColumn--offset--tablet--0 aem-GridColumn--phone--hide aem-GridColumn--phone--12 aem-GridColumn aem-GridColumn--default--12 aem-GridColumn--offset--phone--0 aem-GridColumn--tablet--hide\">\n<div class=\"cmp-text mobile-padding-top-100 mobile-padding-bottom-20 tablet-padding-top-100 tablet-padding-bottom-0 tablet-padding-left-44 desktop-padding-top-28 NoMargin heading-XXL\">\n<h1><strong>Adobe Photoshop &amp; Premiere Elements 2024 \u2013 de la retouche rapide \u00e0 la transformation compl\u00e8te<\/strong><\/h1>\n<\/div>\n<\/div>\n<div class=\"text aem-GridColumn aem-GridColumn--default--12\">\n<div class=\"cmp-text desktop-padding-left-44 NoMargin heading-S\">\n<p><span class=\"type-light\">L'IA, l'automatisation et une interface rafra\u00eechie simplifient l'\u00e9dition de photos.<\/span><\/p>\n<div class=\"text aem-GridColumn aem-GridColumn--default--12\">\n<div class=\"cmp-text NoMargin heading-XL\">\n<p><b>Plus frais. Mieux. Plus cr\u00e9atif.<\/b><\/p>\n<\/div>\n<\/div>\n<div class=\"text aem-GridColumn aem-GridColumn--default--12\">\n<div class=\"cmp-text mobile-padding-top-16 NoMargin body-XL\">\n<p>Adaptez automatiquement les couleurs et les tons des images. Choisissez un ciel ou un arri\u00e8re-plan pour vos photos \u2013 en un seul clic gr\u00e2ce \u00e0 l'IA d'Adobe Sensei.<\/p>\n<div class=\"text aem-GridColumn aem-GridColumn--default--12\">\n<div class=\"cmp-text NoMargin heading-XL\">\n<p><b>Fonctionnalit\u00e9s populaires.<\/b><\/p>\n<\/div>\n<\/div>\n<div class=\"text aem-GridColumn aem-GridColumn--default--12\">\n<div class=\"cmp-text mobile-padding-top-16 NoMargin body-XL\">\n<p>Avec les fonctionnalit\u00e9s suivantes, vous pouvez ajuster les d\u00e9tails ou donner un tout nouveau style \u00e0 vos photos.<\/p>\n<div class=\"text aem-GridColumn aem-GridColumn--default--12\">\n<div class=\"cmp-text NoMargin heading-XL\">\n<p><b>\u00c9ditez vos images avec la puissance de l'IA.<\/b><\/p>\n<\/div>\n<\/div>\n<div class=\"text aem-GridColumn aem-GridColumn--default--12\">\n<div class=\"cmp-text mobile-padding-top-16 NoMargin body-XL\">\n<p>La technologie IA d'Adobe Sensei* et les options automatis\u00e9es vous d\u00e9chargent du travail. Vous pouvez ainsi vous concentrer enti\u00e8rement sur la r\u00e9alisation de vos id\u00e9es.<\/p>\n<div class=\"text aem-GridColumn aem-GridColumn--default--12\">\n<div class=\"cmp-text NoMargin heading-XL\">\n<p><b>D\u00e9veloppez vos comp\u00e9tences avec des tutoriels.<\/b><\/p>\n<\/div>\n<\/div>\n<div class=\"text aem-GridColumn aem-GridColumn--default--12\">\n<div class=\"cmp-text mobile-padding-top-16 NoMargin body-XL\">\n<p>62 tutoriels vous montrent \u00e9tape par \u00e9tape comment effectuer des ajustements simples, cr\u00e9er vos propres compositions ou produire des effets fascinants.<\/p>\n<div class=\"text aem-GridColumn aem-GridColumn--default--12\">\n<div class=\"cmp-text NoMargin heading-XL\">\n<p><b>Gagnez du temps avec les mod\u00e8les.<\/b><\/p>\n<\/div>\n<\/div>\n<div class=\"text aem-GridColumn aem-GridColumn--default--12\">\n<div class=\"cmp-text mobile-padding-top-16 NoMargin body-XL\">\n<p>Pr\u00e9sentez vos meilleures images dans des montages photo, des collages, des diaporamas ou des graphiques avec des citations cr\u00e9\u00e9s automatiquement.<\/p>\n<div class=\"text aem-GridColumn aem-GridColumn--default--12\">\n<div class=\"cmp-text NoMargin heading-XL\">\n<p><b>Laissez libre cours \u00e0 votre cr\u00e9ativit\u00e9 m\u00eame en d\u00e9placement.<\/b><\/p>\n<\/div>\n<\/div>\n<div class=\"text aem-GridColumn aem-GridColumn--default--12\">\n<div class=\"cmp-text mobile-padding-top-16 NoMargin body-XL\">\n<p>Ouvrez, modifiez et partagez vos photos avec Elements sur le web ou sur votre smartphone ou tablette. Ajoutez des superpositions cr\u00e9atives dans le navigateur ou appliquez des corrections en un clic dans l'application mobile. (VERSIONS B\u00caTA POUR LES UTILISATEURS DE LICENCES PHOTOSHOP ELEMENTS ET\/OU PREMIERE ELEMENTS, UNIQUEMENT EN ANGLAIS)<\/p>\n<div class=\"text aem-GridColumn aem-GridColumn--default--12\">\n<div class=\"cmp-text NoMargin heading-XL\">\n<p><b>Gestion facile de vos photos.<\/b><\/p>\n<\/div>\n<\/div>\n<div class=\"text aem-GridColumn aem-GridColumn--default--12\">\n<div class=\"cmp-text mobile-padding-top-16 NoMargin body-XL\">\n<p>Organisez vos collections de photos gr\u00e2ce \u00e0 un classement et \u00e0 une sauvegarde automatiques. Acc\u00e9l\u00e9rez vos recherches avec le balisage automatique et la curation automatique.<\/p>\n<div class=\"text NoMargin dx-text-mobile--center dx-text-tablet--right dx-text-desktop--center heading-XXL aem-GridColumn--tablet--12 aem-GridColumn--offset--tablet--0 aem-GridColumn--phone--hide aem-GridColumn--phone--12 aem-GridColumn aem-GridColumn--default--12 aem-GridColumn--offset--phone--0 aem-GridColumn--tablet--hide\">\n<div class=\"cmp-text mobile-padding-top-100 mobile-padding-bottom-20 tablet-padding-top-100 tablet-padding-bottom-0 tablet-padding-left-44 desktop-padding-top-28 NoMargin heading-XXL\">\n<h2>Adobe Photoshop Elements 2024 + Premiere Elements 2024 &#8211; weitere Funktionen<\/h2>\n<p><strong>Des vid\u00e9os sensationnelles en quelques secondes.<\/strong><\/p>\n<\/div>\n<\/div>\n<div class=\"text NoMargin heading-M aem-GridColumn aem-GridColumn--default--12\">\n<div class=\"cmp-text desktop-padding-left-44 NoMargin heading-S\">\n<p><span class=\"type-light\">L'IA, l'automatisation et une interface rafra\u00eechie facilitent le montage vid\u00e9o.<\/span><\/p>\n<div class=\"text aem-GridColumn aem-GridColumn--default--12\">\n<div class=\"cmp-text heading-XL\">\n<p><b>Plus frais. Mieux. Plus cr\u00e9atif.<\/b><\/p>\n<\/div>\n<\/div>\n<div class=\"text aem-GridColumn aem-GridColumn--default--12\">\n<div class=\"cmp-text mobile-padding-top-16 NoMargin body-XL\">\n<p>Adaptez automatiquement les couleurs et les tons des images ou des vid\u00e9os. Ou cr\u00e9ez des montages \u00e0 partir de vos meilleures prises.<\/p>\n<div class=\"text aem-GridColumn aem-GridColumn--default--12\">\n<div class=\"cmp-text heading-XL\">\n<p><b>Fonctionnalit\u00e9s populaires.<\/b><\/p>\n<\/div>\n<\/div>\n<div class=\"text aem-GridColumn aem-GridColumn--default--12\">\n<div class=\"cmp-text mobile-padding-top-16 NoMargin body-XL\">\n<p>Avec les fonctionnalit\u00e9s suivantes, vous pouvez ajuster les d\u00e9tails ou donner un tout nouveau style \u00e0 vos vid\u00e9os.<\/p>\n<div class=\"text aem-GridColumn aem-GridColumn--default--12\">\n<div class=\"cmp-text heading-XL\">\n<p><b>Montez vos vid\u00e9os avec la puissance de l'IA.<\/b><\/p>\n<\/div>\n<\/div>\n<div class=\"text aem-GridColumn aem-GridColumn--default--12\">\n<div class=\"cmp-text mobile-padding-top-16 NoMargin body-XL\">\n<p>La technologie IA d'Adobe Sensei* et les options automatis\u00e9es vous d\u00e9chargent du travail. Vous pouvez ainsi vous concentrer pleinement sur la r\u00e9alisation de vos id\u00e9es.<\/p>\n<div class=\"text aem-GridColumn aem-GridColumn--default--12\">\n<div class=\"cmp-text heading-XL\">\n<p><b>D\u00e9veloppez vos comp\u00e9tences avec des tutoriels.<\/b><\/p>\n<\/div>\n<\/div>\n<div class=\"text aem-GridColumn aem-GridColumn--default--12\">\n<div class=\"cmp-text mobile-padding-top-16 NoMargin body-XL\">\n<p>26 tutoriels vous montrent \u00e9tape par \u00e9tape comment effectuer des corrections rapides, appliquer des effets cin\u00e9matographiques ou ajouter des animations amusantes.<\/p>\n<div class=\"text aem-GridColumn aem-GridColumn--default--12\">\n<div class=\"cmp-text heading-XL\">\n<p><b>Gagnez du temps avec les mod\u00e8les.<\/b><\/p>\n<\/div>\n<\/div>\n<div class=\"text aem-GridColumn aem-GridColumn--default--12\">\n<div class=\"cmp-text mobile-padding-top-16 NoMargin body-XL\">\n<p>Avec des montages, des diaporamas, des collages, des titres anim\u00e9s et des posts anim\u00e9s pour les r\u00e9seaux sociaux, vous pouvez mettre en valeur vos plus beaux clips.<\/p>\n<div class=\"text aem-GridColumn aem-GridColumn--default--12\">\n<div class=\"cmp-text heading-XL\">\n<p><b>Laissez libre cours \u00e0 votre cr\u00e9ativit\u00e9 m\u00eame en d\u00e9placement.<\/b><\/p>\n<\/div>\n<\/div>\n<div class=\"text aem-GridColumn aem-GridColumn--default--12\">\n<div class=\"cmp-text mobile-padding-top-16 NoMargin body-XL\">\n<p>Ouvrez, modifiez et partagez vos photos et vid\u00e9os avec Elements sur votre ordinateur de bureau, smartphone ou tablette. (VERSIONS B\u00caTA, UNIQUEMENT EN ANGLAIS)<\/p>\n<div class=\"text aem-GridColumn aem-GridColumn--default--12\">\n<div class=\"cmp-text heading-XL\">\n<p><b>Gestion facile de vos photos et vid\u00e9os.<\/b><\/p>\n<\/div>\n<\/div>\n<div class=\"text aem-GridColumn aem-GridColumn--default--12\">\n<div class=\"cmp-text mobile-padding-top-16 NoMargin body-XL\">\n<p>Organisez votre collection de vid\u00e9os gr\u00e2ce \u00e0 un classement et une sauvegarde automatiques. Acc\u00e9l\u00e9rez vos recherches avec le balisage automatique, la curation automatique et la reconnaissance faciale.<\/p>\n<h2>Adobe Photoshop&amp;Premiere Elements 2024 \u2013 \n configuration syst\u00e8me requise<\/h2>\n<h3>Windows - configuration syst\u00e8me requise<\/h3>\n<ul>\n<li>Processeur Intel de 6e g\u00e9n\u00e9ration ou sup\u00e9rieur (ou \u00e9quivalent AMD) avec prise en charge des instructions SSE 4.1<\/li>\n<li>Microsoft Windows 10 (version 21H1, version 21H2 recommand\u00e9e) ; Windows 11 (version 21H2) ; versions 64 bits uniquement ; pas de prise en charge de Windows 7 et Windows 8.1<\/li>\n<li>8 Go de RAM<\/li>\n<li>5 Go d'espace disponible pour l'installation des applications ; espace suppl\u00e9mentaire pour le contenu en ligne t\u00e9l\u00e9chargeable ; espace suppl\u00e9mentaire pour les fichiers temporaires lors de l'installation et de l'utilisation du produit ; ne peut pas \u00eatre install\u00e9 sur un syst\u00e8me de fichiers sensible \u00e0 la casse ou sur des p\u00e9riph\u00e9riques de stockage amovibles<\/li>\n<li>Affichage avec une r\u00e9solution de 1280 x 800 (facteur de mise \u00e0 l'\u00e9chelle \u00e0 100 %)<\/li>\n<li>Pilotes audio et vid\u00e9o compatibles avec Microsoft DirectX 12<\/li>\n<li>Windows Media Player (pour l'importation de fichiers Windows Media)<\/li>\n<\/ul>\n<h3>macOS - configuration syst\u00e8me requise<\/h3>\n<ul>\n<li>Processeur Intel de 6e g\u00e9n\u00e9ration ou plus r\u00e9cent, ou processeur Apple M1<\/li>\n<li>macOS 11, macOS 12 (version 12.4 ou plus)<\/li>\n<li>8 Go de RAM<\/li>\n<li>6 Go d'espace disponible pour l'installation des applications ; espace suppl\u00e9mentaire pour le contenu en ligne t\u00e9l\u00e9chargeable ; espace suppl\u00e9mentaire pour les fichiers temporaires lors de l'installation et de l'utilisation du produit ; ne peut pas \u00eatre install\u00e9 sur un syst\u00e8me de fichiers sensible \u00e0 la casse ou sur des p\u00e9riph\u00e9riques de stockage amovibles<\/li>\n<li>Affichage avec une r\u00e9solution de 1280 x 800 (facteur de mise \u00e0 l'\u00e9chelle \u00e0 100 %)<\/li>\n<\/ul>\n<h3>Windows, macOS - configuration syst\u00e8me requise<\/h3>\n<ul>\n<li>Connexion Internet pour l'activation du produit et le t\u00e9l\u00e9chargement du contenu en ligne<\/li>\n<li>Sp\u00e9cifications recommand\u00e9es:\n<ul>\n<li>Processeur Intel de 7e g\u00e9n\u00e9ration ou plus r\u00e9cent (ou \u00e9quivalent AMD) avec prise en charge des jeux d'instructions SSE4.1 et AVX<\/li>\n<li>16 Go de RAM pour le contenu HD<\/li>\n<li>32 Go ou plus de RAM pour le contenu 4K<\/li>\n<li>4 Go de m\u00e9moire GPU (VRAM)*<\/li>\n<li>SSD interne rapide pour l'installation des logiciels et le cache<\/li>\n<li>Disques de stockage m\u00e9dia rapides suppl\u00e9mentaires<\/li>\n<\/ul>\n<\/li>\n<li>Importation AVCHD, MPEG-1, MPEG-2, MPEG-4, HEVC, DV-AVI (importation sous Windows), Windows Media (importation sous Windows), Apple ProRes, H.264, HDV, MP3, QuickTime (codecs limit\u00e9s) et plus encore<\/li>\n<li>Liste des GPU recommand\u00e9s : www.adobe.com\/go\/pregpu_pl<\/li>\n<\/ul>\n<\/div>\n<\/div>\n<\/div>\n<\/div>\n<\/div>\n<\/div>\n<\/div>\n<\/div>\n<\/div>\n<\/div>\n<\/div>\n<\/div>\n<\/div>\n<\/div>\n<\/div>\n<\/div>\n<\/div>\n<\/div>\n<\/div>\n<\/div>\n<\/div>\n<\/div>\n<\/div>\n<\/div>\n<\/div>\n<\/div>\n<\/div>\n<\/div>\n<\/div>\n<\/div>\n<\/div>\n<\/div>","protected":false},"excerpt":{"rendered":"<p>Un ensemble de programmes pour une gestion compl\u00e8te de la vid\u00e9o et des graphiques. Vous \u00e9conomisez en achetant ensemble\u00a0!<\/p>\n<p><strong>EXP\u00c9DI\u00c9 EN 1 JOUR PAR EMAIL<\/strong><\/p>","protected":false},"featured_media":25686,"template":"","meta":{"_seopress_robots_primary_cat":"none","_seopress_titles_title":"Adobe Photoshop&Premiere Elements 2024 | SwissSoftware24","_seopress_titles_desc":"Adobe Photoshop&Premiere Elements 2024: Bearbeiten Sie Fotos und Videos m\u00fchelos. Kreative Tools f\u00fcr atemberaubende Projekte. Jetzt bei SwissSoftware24.","_seopress_robots_index":""},"product_brand":[],"product_cat":[91,92,97,100,82,83],"product_tag":[],"class_list":{"0":"post-22211","1":"product","2":"type-product","3":"status-publish","4":"has-post-thumbnail","6":"product_cat-adobe","7":"product_cat-animation","8":"product_cat-grafik-design","9":"product_cat-video","10":"product_cat-video-grafik","11":"product_cat-video-grafik-andere","13":"first","14":"outofstock","15":"sale","16":"taxable","17":"shipping-taxable","18":"purchasable","19":"product-type-simple"},"_links":{"self":[{"href":"https:\/\/swisssoftware24.ch\/fr\/wp-json\/wp\/v2\/product\/22211","targetHints":{"allow":["GET"]}}],"collection":[{"href":"https:\/\/swisssoftware24.ch\/fr\/wp-json\/wp\/v2\/product"}],"about":[{"href":"https:\/\/swisssoftware24.ch\/fr\/wp-json\/wp\/v2\/types\/product"}],"wp:featuredmedia":[{"embeddable":true,"href":"https:\/\/swisssoftware24.ch\/fr\/wp-json\/wp\/v2\/media\/25686"}],"wp:attachment":[{"href":"https:\/\/swisssoftware24.ch\/fr\/wp-json\/wp\/v2\/media?parent=22211"}],"wp:term":[{"taxonomy":"product_brand","embeddable":true,"href":"https:\/\/swisssoftware24.ch\/fr\/wp-json\/wp\/v2\/product_brand?post=22211"},{"taxonomy":"product_cat","embeddable":true,"href":"https:\/\/swisssoftware24.ch\/fr\/wp-json\/wp\/v2\/product_cat?post=22211"},{"taxonomy":"product_tag","embeddable":true,"href":"https:\/\/swisssoftware24.ch\/fr\/wp-json\/wp\/v2\/product_tag?post=22211"}],"curies":[{"name":"wp","href":"https:\/\/api.w.org\/{rel}","templated":true}]}}