{"id":24561,"date":"2024-03-17T20:57:00","date_gmt":"2024-03-17T19:57:00","guid":{"rendered":"https:\/\/swisssoftware24.ch\/?post_type=product&#038;p=24561"},"modified":"2026-01-27T22:24:13","modified_gmt":"2026-01-27T21:24:13","slug":"abbyy-finereader-pdf-15-corporate-abo","status":"publish","type":"product","link":"https:\/\/swisssoftware24.ch\/fr\/products\/abbyy-finereader-pdf-15-corporate-abo\/","title":{"rendered":"ABBYY FineReader PDF 15 Corporate ABO"},"content":{"rendered":"<p data-start=\"291\" data-end=\"585\">ABBYY FineReader PDF 15 Corporate ABO est la solution id\u00e9ale pour les entreprises qui travaillent quotidiennement avec des fichiers PDF et num\u00e9ris\u00e9s. Le logiciel combine une technologie OCR puissante avec des outils pratiques pour l\u2019\u00e9dition de documents, la cr\u00e9ation de formulaires et la collaboration en \u00e9quipe.<\/p>\n<p data-start=\"587\" data-end=\"880\">Des fonctionnalit\u00e9s comme \u00ab Rechercher et remplacer \u00bb, la comparaison de documents et la cr\u00e9ation de formulaires interactifs facilitent grandement le travail. Sa convivialit\u00e9, combin\u00e9e \u00e0 une s\u00e9curit\u00e9 renforc\u00e9e, en fait un outil polyvalent pour le quotidien au bureau.<\/p>\n<p data-start=\"882\" data-end=\"1041\">ABBYY FineReader PDF 15 Corporate ABO aide les entreprises \u00e0 gagner du temps et \u00e0 am\u00e9liorer la pr\u00e9cision du traitement des documents \u2013 en local ou en r\u00e9seau.<\/p>\n<p><strong>Vous trouverez plus d'informations sur ce produit\u00a0<a href=\"https:\/\/swisssoftware24.ch\/fr\/abbyy-finereader-pdf-15-corporate-abo-intelligente-pdf-verwaltung-fuer-profis\/\">ici<\/a>.<\/strong><\/p>\n<h3 class=\"p1\">ABBYY FineReader PDF 15 Corporate ABO \u2013 configuration syst\u00e8me requise<\/h3>\n<ul>\n<li class=\"p1\"><b>Syst\u00e8me d\u2019exploitation pris en charge: <\/b>Microsoft Windows 7 \/ 8 \/ 8.1 \/ 10 \/ 11, Microsoft Windows Server 2008 R2, Microsoft Windows Server 2012, Microsoft Windows Server 2012 R2, Microsoft Windows Server 2016<\/li>\n<li class=\"li1\"><strong>Processeur:<\/strong> PC avec processeur x86 ou x64 de 1 GHz (ou plus rapide) prenant en charge SSE2<\/li>\n<li class=\"li1\">1 Go <strong>RAM.<\/strong> 1 Go de RAM (4 Go recommand\u00e9s) ; dans les syst\u00e8mes multiprocesseurs, chaque processeur suppl\u00e9mentaire n\u00e9cessite 512 Mo de RAM suppl\u00e9mentaires.<\/li>\n<li class=\"li1\"><strong>Espace disque:<\/strong> 1,2 Go d'espace disque pour l'installation typique et 1,2 Go d'espace libre pour le fonctionnement optimal du programme<\/li>\n<li class=\"li1\"><strong>Carte graphique:<\/strong> r\u00e9solution d'\u00e9cran de 1024x768 ou sup\u00e9rieure<\/li>\n<li class=\"li1\">Connexion Internet: n\u00e9cessaire pour activer le num\u00e9ro de s\u00e9rie.<\/li>\n<li class=\"li1\">P\u00e9riph\u00e9riques: clavier, souris ou autre p\u00e9riph\u00e9rique de pointage<\/li>\n<\/ul>","protected":false},"excerpt":{"rendered":"<p class=\"translation-block\">ABBYY FineReader PDF 15 Corporate est une solution avanc\u00e9e pour l'\u00e9dition de fichiers PDF, la conversion, l'organisation et la num\u00e9risation de documents. Ce logiciel offre une reconnaissance pr\u00e9cise des textes et des images, la cr\u00e9ation de fichiers PDF modifiables et l'automatisation des flux de travail li\u00e9s aux documents.<\/p>\n<p class=\"translation-block\">L'achat de ce produit vous fournit une cl\u00e9 \u00e9lectronique qui permet l'\u00e9dition de fichiers PDF pour un utilisateur sur deux appareils pendant une dur\u00e9e d'un an. Il s'agit d'une version multilingue, adapt\u00e9e aux ordinateurs \u00e9quip\u00e9s de syst\u00e8mes d'exploitation Windows.<\/p>","protected":false},"featured_media":24753,"template":"","meta":{"_seopress_robots_primary_cat":"none","_seopress_titles_title":"ABBYY FineReader PDF 15 Corporate ABO | SwissSoftware24","_seopress_titles_desc":"ABBYY FineReader PDF 15 Corporate ABO: Umfassende PDF- und Dokumentenmanagement-Tools f\u00fcr Unternehmen im Abonnement. Hohe Effizienz. Jetzt bei SwissSoftware24.","_seopress_robots_index":""},"product_brand":[],"product_cat":[95,83],"product_tag":[],"class_list":{"0":"post-24561","1":"product","2":"type-product","3":"status-publish","4":"has-post-thumbnail","6":"product_cat-buro-software","7":"product_cat-video-grafik-andere","9":"first","10":"instock","11":"taxable","12":"shipping-taxable","13":"purchasable","14":"product-type-simple"},"_links":{"self":[{"href":"https:\/\/swisssoftware24.ch\/fr\/wp-json\/wp\/v2\/product\/24561","targetHints":{"allow":["GET"]}}],"collection":[{"href":"https:\/\/swisssoftware24.ch\/fr\/wp-json\/wp\/v2\/product"}],"about":[{"href":"https:\/\/swisssoftware24.ch\/fr\/wp-json\/wp\/v2\/types\/product"}],"wp:featuredmedia":[{"embeddable":true,"href":"https:\/\/swisssoftware24.ch\/fr\/wp-json\/wp\/v2\/media\/24753"}],"wp:attachment":[{"href":"https:\/\/swisssoftware24.ch\/fr\/wp-json\/wp\/v2\/media?parent=24561"}],"wp:term":[{"taxonomy":"product_brand","embeddable":true,"href":"https:\/\/swisssoftware24.ch\/fr\/wp-json\/wp\/v2\/product_brand?post=24561"},{"taxonomy":"product_cat","embeddable":true,"href":"https:\/\/swisssoftware24.ch\/fr\/wp-json\/wp\/v2\/product_cat?post=24561"},{"taxonomy":"product_tag","embeddable":true,"href":"https:\/\/swisssoftware24.ch\/fr\/wp-json\/wp\/v2\/product_tag?post=24561"}],"curies":[{"name":"wp","href":"https:\/\/api.w.org\/{rel}","templated":true}]}}