{"id":24566,"date":"2024-03-17T21:02:36","date_gmt":"2024-03-17T20:02:36","guid":{"rendered":"https:\/\/swisssoftware24.ch\/?post_type=product&#038;p=24566"},"modified":"2026-01-27T22:07:07","modified_gmt":"2026-01-27T21:07:07","slug":"abbyy-finereader-pdf-15-for-mac","status":"publish","type":"product","link":"https:\/\/swisssoftware24.ch\/fr\/products\/abbyy-finereader-pdf-15-for-mac\/","title":{"rendered":"ABBYY FineReader PDF 15 for MAC"},"content":{"rendered":"<p data-start=\"40\" data-end=\"379\">ABBYY FineReader PDF 15 for Mac est un logiciel OCR sp\u00e9cialis\u00e9 pour macOS qui permet de transformer des PDF, des scans et des photos de documents en fichiers consultables et modifiables. Gr\u00e2ce \u00e0 une reconnaissance de texte pr\u00e9cise, la mise en page, les colonnes, les tableaux et les formats de police sont pr\u00e9serv\u00e9s autant que possible.<\/p>\n<p data-start=\"381\" data-end=\"761\">Qu\u2019il s\u2019agisse de contrats scann\u00e9s, de documents photographi\u00e9s ou de PDF image re\u00e7us par e-mail, FineReader PDF 15 for Mac reconna\u00eet le texte dans plus de 190 langues et convertit les documents en formats comme DOCX, XLSX, RTF, TXT ou PDF et PDF\/A consultables. Vous rendez ainsi vos archives accessibles, \u00e9vitez la ressaisie et pouvez exploiter directement le contenu.<\/p>\n<p data-start=\"763\" data-end=\"1115\">Gr\u00e2ce \u00e0 la prise en charge de fonctions modernes de macOS comme Continuity Camera, vous pouvez capturer des documents papier avec votre iPhone et les optimiser sur votre Mac. Des outils int\u00e9gr\u00e9s pour l\u2019am\u00e9lioration d\u2019image, le recadrage et la correction d\u2019inclinaison garantissent une reconnaissance fiable m\u00eame pour des originaux difficiles \u00e0 lire.<\/p>\n<p><strong>Vous trouverez plus d'informations sur ce produit\u00a0<a href=\"https:\/\/swisssoftware24.ch\/fr\/abbyy-finereader-pdf-15-for-mac-praezise-texterkennung-auf-dem-mac\/\">ici<\/a>.<\/strong><\/p>\n<h3>ABBYY FineReader PDF 15 for MAC \u2013 configuration syst\u00e8me requise<\/h3>\n<ul>\n<li><strong>Processeur:<\/strong> Processeur Intel<\/li>\n<li><strong>M\u00e9moire: <\/strong>1 Go<\/li>\n<li><strong>Disque dur:<\/strong> 1,5 Go<\/li>\n<li><strong>Carte vid\u00e9o et moniteur:<\/strong> avec une r\u00e9solution minimale de 1024 x 768<\/li>\n<li><strong>Syst\u00e8mes d\u2019exploitation compatibles:<\/strong>\u00a0Mac Yosemite 10.10, Mac Mavericks 10.9, Mac Mountain Lion 10.8, Mac Lion 10.7<\/li>\n<li><strong>Autres exigences:<\/strong> Prend en charge les scanners et appareils multifonctions compatibles avec Image Capture Application (ICA) (voir la liste sur le site d\u2019Apple), ainsi que les appareils photo et smartphones<\/li>\n<\/ul>","protected":false},"excerpt":{"rendered":"<p class=\"translation-block\">ABBYY FineReader PDF 15 pour MAC est un logiciel avanc\u00e9 qui offre des outils de conversion, d\u2019organisation et d\u2019\u00e9dition de PDF pour Mac. Il permet une reconnaissance pr\u00e9cise des textes et des images, la cr\u00e9ation de fichiers PDF modifiables et l\u2019automatisation des flux de travail li\u00e9s aux documents.<\/p>\n<p>L'achat de ce produit vous donne acc\u00e8s \u00e0 une cl\u00e9 \u00e9lectronique, permettant \u00e0 un utilisateur d'utiliser le programme d'\u00e9dition de PDF sur un appareil pendant une dur\u00e9e d'un an. Cette version est sp\u00e9cialement con\u00e7ue pour les ordinateurs \u00e9quip\u00e9s de syst\u00e8mes macOS et prend en charge plusieurs langues, dont l'anglais, l'allemand, le fran\u00e7ais, l'italien et l'espagnol.<\/p>","protected":false},"featured_media":24752,"template":"","meta":{"_seopress_robots_primary_cat":"none","_seopress_titles_title":"ABBYY FineReader PDF 15 for MAC | SwissSoftware24","_seopress_titles_desc":"ABBYY FineReader PDF 15 for MAC: Bearbeiten und konvertieren Sie PDFs auf Ihrem Mac mit hoher Genauigkeit. Ideal f\u00fcr professionelle Anwendungen.","_seopress_robots_index":""},"product_brand":[],"product_cat":[95,83],"product_tag":[],"class_list":{"0":"post-24566","1":"product","2":"type-product","3":"status-publish","4":"has-post-thumbnail","6":"product_cat-buro-software","7":"product_cat-video-grafik-andere","9":"first","10":"onbackorder","11":"taxable","12":"shipping-taxable","13":"purchasable","14":"product-type-simple"},"_links":{"self":[{"href":"https:\/\/swisssoftware24.ch\/fr\/wp-json\/wp\/v2\/product\/24566","targetHints":{"allow":["GET"]}}],"collection":[{"href":"https:\/\/swisssoftware24.ch\/fr\/wp-json\/wp\/v2\/product"}],"about":[{"href":"https:\/\/swisssoftware24.ch\/fr\/wp-json\/wp\/v2\/types\/product"}],"wp:featuredmedia":[{"embeddable":true,"href":"https:\/\/swisssoftware24.ch\/fr\/wp-json\/wp\/v2\/media\/24752"}],"wp:attachment":[{"href":"https:\/\/swisssoftware24.ch\/fr\/wp-json\/wp\/v2\/media?parent=24566"}],"wp:term":[{"taxonomy":"product_brand","embeddable":true,"href":"https:\/\/swisssoftware24.ch\/fr\/wp-json\/wp\/v2\/product_brand?post=24566"},{"taxonomy":"product_cat","embeddable":true,"href":"https:\/\/swisssoftware24.ch\/fr\/wp-json\/wp\/v2\/product_cat?post=24566"},{"taxonomy":"product_tag","embeddable":true,"href":"https:\/\/swisssoftware24.ch\/fr\/wp-json\/wp\/v2\/product_tag?post=24566"}],"curies":[{"name":"wp","href":"https:\/\/api.w.org\/{rel}","templated":true}]}}