{"id":24570,"date":"2024-03-17T21:18:07","date_gmt":"2024-03-17T20:18:07","guid":{"rendered":"https:\/\/swisssoftware24.ch\/?post_type=product&#038;p=24570"},"modified":"2026-01-27T22:20:28","modified_gmt":"2026-01-27T21:20:28","slug":"abbyy-finereader-pdf-16-corporate","status":"publish","type":"product","link":"https:\/\/swisssoftware24.ch\/fr\/products\/abbyy-finereader-pdf-16-corporate\/","title":{"rendered":"ABBYY FineReader PDF 16 Corporate"},"content":{"rendered":"<p data-start=\"0\" data-end=\"279\">ABBYY FineReader PDF 16 Corporate exploite une OCR dop\u00e9e \u00e0 l\u2019IA pour transformer des documents scann\u00e9s ou photographi\u00e9s en fichiers Word ou Excel modifiables\u2014capture mobile incluse.<\/p>\n<p data-start=\"281\" data-end=\"518\">Au quotidien, l\u2019automatisation Hot Folder traite jusqu\u2019\u00e0 5 000 pages par mois: les PDFs sont convertis, compar\u00e9s ou sign\u00e9s num\u00e9riquement selon un calendrier, sans intervention humaine.<\/p>\n<p data-start=\"520\" data-end=\"732\">Avec la comparaison de documents en 198 langues, les signatures \u00e9lectroniques blockchain et l\u2019\u00e9dition PDF directe, les \u00e9quipes gagnent un temps pr\u00e9cieux sur contrats, rapports et contr\u00f4les de conformit\u00e9.<\/p>\n<p><strong>Vous trouverez plus d'informations sur ce produit\u00a0<a href=\"https:\/\/swisssoftware24.ch\/fr\/abbyy-finereader-pdf-16-corporate-ki-turbo-fuer-ihr-pdf-und-ocr-workflow\/\">ici<\/a>.<\/strong><\/p>\n<h3>ABBYY FineReader PDF 16 Corporate \u2013 configuration syst\u00e8me requise<\/h3>\n<ul>\n<li class=\"p1\"><b>Syst\u00e8me d\u2019exploitation pris en charge: <\/b>Microsoft Windows 7 \/ 8 \/ 8.1 \/ 10 \/ 11, Microsoft Windows Server 2008 R2, Microsoft Microsoft Windows Server 2012 R2, Microsoft Windows Server 2016, Microsoft Windows Server 2019<\/li>\n<li class=\"li1\"><strong>Processeur:<\/strong> PC avec processeur x86 ou x64 de 1 GHz (ou plus rapide) prenant en charge SSE2<\/li>\n<li class=\"li1\">1 Go <strong>RAM.<\/strong> 1 Go de RAM (4 Go recommand\u00e9s) ; dans les syst\u00e8mes multiprocesseurs, chaque processeur suppl\u00e9mentaire n\u00e9cessite 512 Mo de RAM suppl\u00e9mentaires.<\/li>\n<li class=\"li1\"><strong>Espace disque:<\/strong> 1,2 Go d'espace disque pour l'installation typique et 1,2 Go d'espace libre pour le fonctionnement optimal du programme<\/li>\n<li class=\"li1\"><strong>Carte graphique:<\/strong> r\u00e9solution d'\u00e9cran de 1024x768 ou sup\u00e9rieure<\/li>\n<li class=\"li1\">Connexion Internet: n\u00e9cessaire pour activer le num\u00e9ro de s\u00e9rie.<\/li>\n<li class=\"li1\">P\u00e9riph\u00e9riques: clavier, souris ou autre p\u00e9riph\u00e9rique de pointage<\/li>\n<\/ul>","protected":false},"excerpt":{"rendered":"<p class=\"translation-block\">Profitez de la puissance de l'IA avec ABBYY FineReader PDF 16 Corporate, votre solution de pointe pour un traitement efficace des documents PDF. Ce logiciel avanc\u00e9 utilise l'intelligence artificielle pour convertir rapidement les documents scann\u00e9s et les images en texte \u00e9ditable, optimisant ainsi votre flux de travail et augmentant la productivit\u00e9.<\/p>\n<p>En achetant ce produit, vous recevrez une cl\u00e9 \u00e9lectronique qui vous permettra d'acc\u00e9der au logiciel d'\u00e9dition PDF pendant une p\u00e9riode de temps d\u00e9termin\u00e9e sur un appareil pour un utilisateur. Sp\u00e9cialement con\u00e7u pour les ordinateurs \u00e9quip\u00e9s du syst\u00e8me d'exploitation Windows, ABBYY FineReader PDF 16 Corporate prend en charge plusieurs langues, dont l'allemand, l'anglais, le fran\u00e7ais, l'italien et l'espagnol.<\/p>","protected":false},"featured_media":24751,"template":"","meta":{"_seopress_robots_primary_cat":"none","_seopress_titles_title":"ABBYY FineReader PDF 16 Corporate | SwissSoftware24","_seopress_titles_desc":"ABBYY FineReader PDF 16 Corporate: Umfassende PDF- und Dokumentenmanagement-L\u00f6sungen f\u00fcr Unternehmen. Hohe Genauigkeit und Effizienz. Jetzt bei SwissSoftware24.","_seopress_robots_index":""},"product_brand":[],"product_cat":[83,95],"product_tag":[],"class_list":{"0":"post-24570","1":"product","2":"type-product","3":"status-publish","4":"has-post-thumbnail","6":"product_cat-video-grafik-andere","7":"product_cat-buro-software","9":"first","10":"instock","11":"taxable","12":"shipping-taxable","13":"purchasable","14":"product-type-variable"},"_links":{"self":[{"href":"https:\/\/swisssoftware24.ch\/fr\/wp-json\/wp\/v2\/product\/24570","targetHints":{"allow":["GET"]}}],"collection":[{"href":"https:\/\/swisssoftware24.ch\/fr\/wp-json\/wp\/v2\/product"}],"about":[{"href":"https:\/\/swisssoftware24.ch\/fr\/wp-json\/wp\/v2\/types\/product"}],"wp:featuredmedia":[{"embeddable":true,"href":"https:\/\/swisssoftware24.ch\/fr\/wp-json\/wp\/v2\/media\/24751"}],"wp:attachment":[{"href":"https:\/\/swisssoftware24.ch\/fr\/wp-json\/wp\/v2\/media?parent=24570"}],"wp:term":[{"taxonomy":"product_brand","embeddable":true,"href":"https:\/\/swisssoftware24.ch\/fr\/wp-json\/wp\/v2\/product_brand?post=24570"},{"taxonomy":"product_cat","embeddable":true,"href":"https:\/\/swisssoftware24.ch\/fr\/wp-json\/wp\/v2\/product_cat?post=24570"},{"taxonomy":"product_tag","embeddable":true,"href":"https:\/\/swisssoftware24.ch\/fr\/wp-json\/wp\/v2\/product_tag?post=24570"}],"curies":[{"name":"wp","href":"https:\/\/api.w.org\/{rel}","templated":true}]}}