{"id":24578,"date":"2024-03-17T21:26:30","date_gmt":"2024-03-17T20:26:30","guid":{"rendered":"https:\/\/swisssoftware24.ch\/?post_type=product&#038;p=24578"},"modified":"2026-01-27T22:15:40","modified_gmt":"2026-01-27T21:15:40","slug":"abbyy-finereader-pdf-16-standard","status":"publish","type":"product","link":"https:\/\/swisssoftware24.ch\/fr\/products\/abbyy-finereader-pdf-16-standard\/","title":{"rendered":"ABBYY FineReader PDF 16 Standard"},"content":{"rendered":"<p data-start=\"40\" data-end=\"274\">ABBYY FineReader PDF 16 Standard r\u00e9unit modification de PDF, OCR et signatures \u00e9lectroniques dans une solution simple. Textes, tableaux et mises en page s\u2019\u00e9ditent directement dans le PDF - sans changer d\u2019application.<\/p>\n<p data-start=\"276\" data-end=\"484\">Avec la num\u00e9risation mobile, vous digitalisez via smartphone et convertissez par OCR en texte \u00e9ditable. Copier des tableaux depuis un PDF se fait proprement, avec structure et largeurs de colonnes.<\/p>\n<p data-start=\"486\" data-end=\"719\">Contrats, rapports ou re\u00e7us scann\u00e9s : convertissez le PDF en Word, Excel ou autres, signez num\u00e9riquement et acc\u00e9l\u00e9rez les validations\u2014en toute s\u00e9curit\u00e9, tra\u00e7abilit\u00e9 et compatibilit\u00e9 d\u2019\u00e9quipe.<\/p>\n<p data-start=\"486\" data-end=\"719\"><strong>Vous trouverez plus d'informations sur ce produit\u00a0<a href=\"https:\/\/swisssoftware24.ch\/fr\/abbyy-finereader-pdf-16-standard-smarte-pdf-bearbeitung-mit-ocr-e-signaturen\/\">ici<\/a>.<\/strong><\/p>\n<h3>ABBYY FineReader PDF 16 Standard \u2013 configuration syst\u00e8me requise<\/h3>\n<ul>\n<li class=\"p1\"><b>Syst\u00e8me d\u2019exploitation pris en charge: <\/b>Microsoft Windows 7 \/ 8 \/ 8.1 \/ 10 \/ 11, Microsoft Windows Server 2008 R2, Microsoft Microsoft Windows Server 2012 R2, Microsoft Windows Server 2016, Microsoft Windows Server 2019<\/li>\n<li class=\"li1\"><strong>Processeur:<\/strong> PC avec processeur x86 ou x64 de 1 GHz (ou plus rapide) prenant en charge SSE2<\/li>\n<li class=\"li1\">1 Go <strong>RAM.<\/strong> 1 Go de RAM (4 Go recommand\u00e9s) ; dans les syst\u00e8mes multiprocesseurs, chaque processeur suppl\u00e9mentaire n\u00e9cessite 512 Mo de RAM suppl\u00e9mentaires.<\/li>\n<li class=\"li1\"><strong>Espace disque:<\/strong> 1,2 Go d'espace disque pour l'installation typique et 1,2 Go d'espace libre pour le fonctionnement optimal du programme<\/li>\n<li class=\"li1\"><strong>Carte graphique:<\/strong> r\u00e9solution d'\u00e9cran de 1024x768 ou sup\u00e9rieure<\/li>\n<li class=\"li1\">Connexion Internet: n\u00e9cessaire pour activer le num\u00e9ro de s\u00e9rie.<\/li>\n<li class=\"li1\">P\u00e9riph\u00e9riques: clavier, souris ou autre p\u00e9riph\u00e9rique de pointage<\/li>\n<\/ul>","protected":false},"excerpt":{"rendered":"<p class=\"translation-block\">Optimisez la gestion de vos documents PDF avec ABBYY FineReader PDF 16 Standard, un logiciel puissant qui utilise l'intelligence artificielle pour am\u00e9liorer l'efficacit\u00e9 des flux de travail. Ce programme convertit automatiquement les documents scann\u00e9s et les images en fichiers texte \u00e9ditables, permettant une modification et une recherche de contenu fluides.<\/p>\n<p>En achetant ce produit, vous recevrez une cl\u00e9 \u00e9lectronique qui vous permettra d'utiliser ce logiciel avanc\u00e9 de gestion de PDF sur un appareil pour un utilisateur pendant une dur\u00e9e d\u00e9termin\u00e9e. Con\u00e7u pour les ordinateurs \u00e9quip\u00e9s de syst\u00e8mes d'exploitation Windows, ABBYY FineReader PDF 16 Standard est disponible en plusieurs langues, dont le fran\u00e7ais, l'anglais, l'allemand, l'italien et l'espagnol.<\/p>","protected":false},"featured_media":24750,"template":"","meta":{"_seopress_robots_primary_cat":"none","_seopress_titles_title":"ABBYY FineReader PDF 16 Standard | SwissSoftware24","_seopress_titles_desc":"ABBYY FineReader PDF 16 Standard: Konvertieren und bearbeiten Sie PDFs und Scans mit hoher Genauigkeit. Ideal f\u00fcr das B\u00fcro. Jetzt bei SwissSoftware24 erh\u00e4ltlich","_seopress_robots_index":""},"product_brand":[],"product_cat":[83,95],"product_tag":[],"class_list":{"0":"post-24578","1":"product","2":"type-product","3":"status-publish","4":"has-post-thumbnail","6":"product_cat-video-grafik-andere","7":"product_cat-buro-software","9":"first","10":"instock","11":"taxable","12":"shipping-taxable","13":"purchasable","14":"product-type-variable"},"_links":{"self":[{"href":"https:\/\/swisssoftware24.ch\/fr\/wp-json\/wp\/v2\/product\/24578","targetHints":{"allow":["GET"]}}],"collection":[{"href":"https:\/\/swisssoftware24.ch\/fr\/wp-json\/wp\/v2\/product"}],"about":[{"href":"https:\/\/swisssoftware24.ch\/fr\/wp-json\/wp\/v2\/types\/product"}],"wp:featuredmedia":[{"embeddable":true,"href":"https:\/\/swisssoftware24.ch\/fr\/wp-json\/wp\/v2\/media\/24750"}],"wp:attachment":[{"href":"https:\/\/swisssoftware24.ch\/fr\/wp-json\/wp\/v2\/media?parent=24578"}],"wp:term":[{"taxonomy":"product_brand","embeddable":true,"href":"https:\/\/swisssoftware24.ch\/fr\/wp-json\/wp\/v2\/product_brand?post=24578"},{"taxonomy":"product_cat","embeddable":true,"href":"https:\/\/swisssoftware24.ch\/fr\/wp-json\/wp\/v2\/product_cat?post=24578"},{"taxonomy":"product_tag","embeddable":true,"href":"https:\/\/swisssoftware24.ch\/fr\/wp-json\/wp\/v2\/product_tag?post=24578"}],"curies":[{"name":"wp","href":"https:\/\/api.w.org\/{rel}","templated":true}]}}