{"id":24679,"date":"2024-03-20T05:37:57","date_gmt":"2024-03-20T04:37:57","guid":{"rendered":"https:\/\/swisssoftware24.ch\/?post_type=product&#038;p=24679"},"modified":"2025-11-30T00:17:25","modified_gmt":"2025-11-29T23:17:25","slug":"adobe-acrobat-standard-dc","status":"publish","type":"product","link":"https:\/\/swisssoftware24.ch\/fr\/products\/adobe-acrobat-standard-dc\/","title":{"rendered":"Adobe Acrobat Standard DC"},"content":{"rendered":"<p data-start=\"0\" data-end=\"326\">Adobe Acrobat Standard DC est votre solution tout-en-un pour \u00e9diter et convertir des PDF: ouvrez, commentez et organisez des documents sous Windows et macOS \u2013 avec une synchronisation transparente via Adobe Document Cloud<\/p>\n<p data-start=\"328\" data-end=\"705\">En un clic, transformez des fichiers Word, Excel ou image en PDF haute qualit\u00e9 tout en conservant chaque d\u00e9tail de mise en page \ud83d\udda8\ufe0f. Cr\u00e9ez, remplissez et signez facilement des formulaires interactifs; le traitement par lots convertit des dossiers entiers d\u2019un seul coup \u2013 id\u00e9al pour des flux de travail efficaces.<\/p>\n<p data-start=\"707\" data-end=\"977\">Un concept de s\u00e9curit\u00e9 multicouche avec protection par mot de passe et certificat s\u00e9curise les contenus confidentiels, et les mises \u00e0 jour r\u00e9guli\u00e8res comblent imm\u00e9diatement les nouvelles failles. Vos fichiers restent prot\u00e9g\u00e9s \u00e0 tout moment \u2013 au bureau comme en d\u00e9placement<\/p>\n<p data-start=\"707\" data-end=\"977\"><strong>Vous trouverez plus d'informations sur ce produit\u00a0<a href=\"https:\/\/swisssoftware24.ch\/fr\/adobe-acrobat-standard-dc-ihr-schweizer-messer-fuer-pdfs\/\">ici<\/a>.<\/strong><\/p>\n<h3>Adobe Acrobat Standard DC \u2013 configuration syst\u00e8me requise<\/h3>\n<ul>\n<li><strong>Processeur:<\/strong> Processeur Intel\u00ae ou AMD ; 1,5 GHz ou plus rapide.<\/li>\n<li><strong>Syst\u00e8me d'exploitation<\/strong> Windows 11 (64 bits), Windows 10 (32 bits et 64 bits) version 1809 ou plus r\u00e9cente, Windows 8, 8.1 (32 bits et 64 bits)\u2020, Windows 7 SP1 (32 bits et 64 bits) ou Windows Server \u2013 2008 R2 (64 bits), 2012 (64 bits), 2012 R2 (64 bits)\u2020, 2016 (64 bits) ou 2019 (64 bits).<\/li>\n<li><strong>RAM:<\/strong> 2 Go de RAM<\/li>\n<li><strong>Espace disque:<\/strong> 4,5 Go d&#039;espace libre sur le disque dur<\/li>\n<li><strong>R\u00e9solution d'\u00e9cran:<\/strong> R\u00e9solution d'\u00e9cran 1024 x 768 px.<\/li>\n<li><strong>Browser:<\/strong> Internet Explorer 11, Firefox (ESR) (optional), Chrome (optional)<\/li>\n<li><strong>Carte graphique:<\/strong> Acc\u00e9l\u00e9ration pour le mat\u00e9riel graphique (optionnelle).<\/li>\n<\/ul>","protected":false},"excerpt":{"rendered":"<p class=\"translation-block\">Adobe Acrobat Standard DC ist eine essenzielle Softwarel\u00f6sung f\u00fcr Einzelpersonen und kleine Unternehmen, die ein <strong>effizientes Tool f\u00fcr die Arbeit mit PDF-Dokumenten<\/strong> suchen. Durch den Erwerb dieses Produkts erhalten Sie eine dauerhafte Lizenz, die die PDF-Bearbeitung auf zwei Ger\u00e4ten f\u00fcr einen Benutzer erm\u00f6glicht, verkn\u00fcpft mit einem Microsoft-Konto und kompatibel mit Windows-Betriebssystemen.<\/p>","protected":false},"featured_media":25676,"template":"","meta":{"_seopress_robots_primary_cat":"none","_seopress_titles_title":"Adobe Acrobat Standard DC | SwissSoftware24","_seopress_titles_desc":"Adobe Acrobat Standard DC: Erstellen, bearbeiten und unterschreiben Sie PDFs m\u00fchelos. Umfangreiche Funktionen f\u00fcr professionelle Anwender.","_seopress_robots_index":""},"product_brand":[],"product_cat":[83,91],"product_tag":[],"class_list":{"0":"post-24679","1":"product","2":"type-product","3":"status-publish","4":"has-post-thumbnail","6":"product_cat-video-grafik-andere","7":"product_cat-adobe","9":"first","10":"onbackorder","11":"virtual","12":"taxable","13":"purchasable","14":"product-type-simple"},"_links":{"self":[{"href":"https:\/\/swisssoftware24.ch\/fr\/wp-json\/wp\/v2\/product\/24679","targetHints":{"allow":["GET"]}}],"collection":[{"href":"https:\/\/swisssoftware24.ch\/fr\/wp-json\/wp\/v2\/product"}],"about":[{"href":"https:\/\/swisssoftware24.ch\/fr\/wp-json\/wp\/v2\/types\/product"}],"wp:featuredmedia":[{"embeddable":true,"href":"https:\/\/swisssoftware24.ch\/fr\/wp-json\/wp\/v2\/media\/25676"}],"wp:attachment":[{"href":"https:\/\/swisssoftware24.ch\/fr\/wp-json\/wp\/v2\/media?parent=24679"}],"wp:term":[{"taxonomy":"product_brand","embeddable":true,"href":"https:\/\/swisssoftware24.ch\/fr\/wp-json\/wp\/v2\/product_brand?post=24679"},{"taxonomy":"product_cat","embeddable":true,"href":"https:\/\/swisssoftware24.ch\/fr\/wp-json\/wp\/v2\/product_cat?post=24679"},{"taxonomy":"product_tag","embeddable":true,"href":"https:\/\/swisssoftware24.ch\/fr\/wp-json\/wp\/v2\/product_tag?post=24679"}],"curies":[{"name":"wp","href":"https:\/\/api.w.org\/{rel}","templated":true}]}}