{"id":24687,"date":"2024-03-20T06:10:08","date_gmt":"2024-03-20T05:10:08","guid":{"rendered":"https:\/\/swisssoftware24.ch\/?post_type=product&#038;p=24687"},"modified":"2025-11-29T23:56:54","modified_gmt":"2025-11-29T22:56:54","slug":"aomei-backupper-professional","status":"publish","type":"product","link":"https:\/\/swisssoftware24.ch\/fr\/products\/aomei-backupper-professional\/","title":{"rendered":"AOMEI Backupper Professional"},"content":{"rendered":"<p data-start=\"77\" data-end=\"529\">AOMEI Backupper Professional offre des solutions de sauvegarde compl\u00e8tes pour les syst\u00e8mes, les disques durs, les partitions, ainsi que les fichiers et dossiers individuels. Gr\u00e2ce aux sauvegardes incr\u00e9mentielles et diff\u00e9rentielles, seules les donn\u00e9es modifi\u00e9es sont enregistr\u00e9es, ce qui \u00e9conomise de l'espace de stockage et r\u00e9duit le temps de sauvegarde. La synchronisation de fichiers en temps r\u00e9el garantit que les modifications sont imm\u00e9diatement transf\u00e9r\u00e9es vers la destination de sauvegarde, de sorte que vos donn\u00e9es sont toujours \u00e0 jour.<\/p>\n<p data-start=\"531\" data-end=\"953\">Le logiciel permet le clonage de syst\u00e8mes, de disques durs et de partitions, ce qui est particuli\u00e8rement pratique lors du passage \u00e0 un nouveau SSD ou disque dur. Avec la fonction de clonage amor\u00e7able, le syst\u00e8me d'exploitation peut \u00eatre transf\u00e9r\u00e9 sur un nouveau lecteur sans r\u00e9installation. De plus, la planification automatique des sauvegardes garantit que les sauvegardes sont effectu\u00e9es r\u00e9guli\u00e8rement et sans effort manuel.<\/p>\n<p data-start=\"955\" data-end=\"1392\">Pour une s\u00e9curit\u00e9 maximale, AOMEI Backupper Professional offre des options de stockage polyvalentes, notamment les disques durs externes, les NAS, les lecteurs r\u00e9seau et le stockage cloud. Le logiciel comprend \u00e9galement une fonction de suppression s\u00e9curis\u00e9e des donn\u00e9es pour supprimer d\u00e9finitivement et irr\u00e9vocablement les informations confidentielles. En cas de panne du syst\u00e8me, l'outil de d\u00e9marrage PXE permet la r\u00e9cup\u00e9ration de plusieurs ordinateurs via un r\u00e9seau.<\/p>\n<p data-start=\"1394\" data-end=\"1718\" data-is-last-node=\"\">L'interface conviviale rend AOMEI Backupper Professional id\u00e9al pour les particuliers, les entreprises et les professionnels de l'informatique. Avec des fonctionnalit\u00e9s puissantes, des options de sauvegarde flexibles et une utilisation facile, le logiciel offre une solution fiable pour la sauvegarde de donn\u00e9es, la migration de syst\u00e8me et la r\u00e9cup\u00e9ration.<\/p>\n<p data-start=\"1394\" data-end=\"1718\" data-is-last-node=\"\"><strong>Vous trouverez plus d'informations sur ce produit\u00a0<a href=\"https:\/\/swisssoftware24.ch\/fr\/aomei-backupper-professional-die-ultimative-backup-loesung-fuer-maximale-datensicherheit\/\">ici<\/a>.<\/strong><\/p>\n<h3>AOMEI Backupper Professional \u2013 configuration syst\u00e8me requise<\/h3>\n<ul>\n<li><strong>Syst\u00e8me d'exploitation<\/strong> Windows 11\/10\/8.1\/8\/7 (toutes \u00e9ditions, 32-bit et 64-bit)<\/li>\n<li><strong>Processeur:<\/strong> 500 MHz x86 ou processeur compatible (1 GHz recommand\u00e9)<\/li>\n<li><strong>RAM:<\/strong> 256 MB (512 MB ou plus recommand\u00e9)<\/li>\n<li><strong>Espace disque:<\/strong> 256 Mo d'espace libre pour l'installation<\/li>\n<li><strong>P\u00e9riph\u00e9riques:<\/strong> Une souris et un clavier sont n\u00e9cessaires pour utiliser le programme.<\/li>\n<\/ul>","protected":false},"excerpt":{"rendered":"<p class=\"translation-block\">AOMEI Backupper Professional est votre coffre-fort num\u00e9rique, con\u00e7u pour prot\u00e9ger vos donn\u00e9es pr\u00e9cieuses, telles que des photos, vid\u00e9os, documents de travail et projets personnels, contre les impr\u00e9vus li\u00e9s aux pannes technologiques ou aux erreurs humaines. En tant que logiciel de sauvegarde leader, il offre une protection incomparable des donn\u00e9es.<\/p>\n<p>La licence de <strong>AOMEI Backupper Professional<\/strong> est valable pour un ou deux appareils, selon la version, et est disponible pour une ou deux ann\u00e9es compl\u00e8tes. Ce logiciel est sp\u00e9cialement con\u00e7u pour les ordinateurs fonctionnant sous Windows et offre une gamme compl\u00e8te d'outils garantissant la s\u00e9curit\u00e9 et l'int\u00e9grit\u00e9 de vos donn\u00e9es, faisant de lui une solution robuste pour la sauvegarde de syst\u00e8mes et la protection des donn\u00e9es.<\/p>","protected":false},"featured_media":29692,"template":"","meta":{"_seopress_robots_primary_cat":"none","_seopress_titles_title":"AOMEI Backupper Professional | SwissSoftware24","_seopress_titles_desc":"AOMEI Backupper Professional: Umfassende Datensicherungs- und Wiederherstellungsl\u00f6sungen. Sch\u00fctzen Sie Ihre wichtigen Dateien. Jetzt bei SwissSoftware24.","_seopress_robots_index":""},"product_brand":[],"product_cat":[131,63,64],"product_tag":[],"class_list":{"0":"post-24687","1":"product","2":"type-product","3":"status-publish","4":"has-post-thumbnail","6":"product_cat-andere","7":"product_cat-antivirus-security","8":"product_cat-backup","10":"first","11":"outofstock","12":"taxable","13":"shipping-taxable","14":"purchasable","15":"product-type-variable"},"_links":{"self":[{"href":"https:\/\/swisssoftware24.ch\/fr\/wp-json\/wp\/v2\/product\/24687","targetHints":{"allow":["GET"]}}],"collection":[{"href":"https:\/\/swisssoftware24.ch\/fr\/wp-json\/wp\/v2\/product"}],"about":[{"href":"https:\/\/swisssoftware24.ch\/fr\/wp-json\/wp\/v2\/types\/product"}],"wp:featuredmedia":[{"embeddable":true,"href":"https:\/\/swisssoftware24.ch\/fr\/wp-json\/wp\/v2\/media\/29692"}],"wp:attachment":[{"href":"https:\/\/swisssoftware24.ch\/fr\/wp-json\/wp\/v2\/media?parent=24687"}],"wp:term":[{"taxonomy":"product_brand","embeddable":true,"href":"https:\/\/swisssoftware24.ch\/fr\/wp-json\/wp\/v2\/product_brand?post=24687"},{"taxonomy":"product_cat","embeddable":true,"href":"https:\/\/swisssoftware24.ch\/fr\/wp-json\/wp\/v2\/product_cat?post=24687"},{"taxonomy":"product_tag","embeddable":true,"href":"https:\/\/swisssoftware24.ch\/fr\/wp-json\/wp\/v2\/product_tag?post=24687"}],"curies":[{"name":"wp","href":"https:\/\/api.w.org\/{rel}","templated":true}]}}