{"id":24695,"date":"2024-03-20T06:16:40","date_gmt":"2024-03-20T05:16:40","guid":{"rendered":"https:\/\/swisssoftware24.ch\/?post_type=product&#038;p=24695"},"modified":"2025-11-29T23:56:54","modified_gmt":"2025-11-29T22:56:54","slug":"aomei-myrecover-professional","status":"publish","type":"product","link":"https:\/\/swisssoftware24.ch\/fr\/products\/aomei-myrecover-professional\/","title":{"rendered":"AOMEI MyRecover Professional"},"content":{"rendered":"<p data-start=\"79\" data-end=\"427\">AOMEI MyRecover Professional est un logiciel de r\u00e9cup\u00e9ration de donn\u00e9es puissant qui r\u00e9cup\u00e8re les fichiers perdus ou supprim\u00e9s rapidement et de mani\u00e8re fiable. Qu'il s'agisse de documents supprim\u00e9s accidentellement, de disques durs format\u00e9s ou de partitions perdues, le programme permet une r\u00e9cup\u00e9ration facile de plus de 200 formats de fichiers.<\/p>\n<p data-start=\"429\" data-end=\"745\">Gr\u00e2ce \u00e0 sa technologie de balayage intelligent, MyRecover trouve m\u00eame les fichiers difficiles \u00e0 localiser et les restaure sans perte de qualit\u00e9. Le logiciel prend en charge les disques durs, SSD, cl\u00e9s USB, cartes SD et autres supports de stockage, permettant ainsi de r\u00e9cup\u00e9rer les donn\u00e9es perdues depuis presque n'importe quel appareil.<\/p>\n<p data-start=\"747\" data-end=\"1078\" data-is-last-node=\"\" data-is-only-node=\"\">Avec une interface utilisateur intuitive et des options de r\u00e9cup\u00e9ration rapide, MyRecover convient aussi bien aux d\u00e9butants qu'aux professionnels. Que ce soit apr\u00e8s des plantages syst\u00e8me, des attaques de virus ou des formatages accidentels, AOMEI MyRecover Professional garantit que vos fichiers importants ne sont pas perdus.<\/p>\n<p data-start=\"747\" data-end=\"1078\" data-is-last-node=\"\" data-is-only-node=\"\"><strong>Vous trouverez plus d'informations sur ce produit\u00a0<a href=\"https:\/\/swisssoftware24.ch\/fr\/aomei-myrecover-professional-die-ultimative-loesung-zur-datenrettung\/\">ici<\/a>.<\/strong><\/p>\n<h3>AOMEI MyRecover Professional \u2013 configuration syst\u00e8me requise<\/h3>\n<ul>\n<li><strong>Syst\u00e8me d'exploitation<\/strong>\u00a0Windows 10\/8.1\/8\/7\/Vista\/XP (32-bit et 64-bit)<\/li>\n<li><strong>Processeur:<\/strong>\u00a0500 MHz ou plus<\/li>\n<li><strong>RAM:<\/strong>\u00a0256 MB ou plus (1 GB recommand\u00e9)<\/li>\n<li><strong>Espace disque:<\/strong>\u00a0200 MB d'espace libre<\/li>\n<li><strong>Carte graphique:<\/strong>\u00a0Super VGA (800 x 600) ou plus<\/li>\n<li><strong>Autre:<\/strong>\u00a0Souris, clavier<\/li>\n<\/ul>","protected":false},"excerpt":{"rendered":"<div class=\"flex-shrink-0 flex flex-col relative items-end\">\n<div>\n<div class=\"pt-0.5\">\n<div class=\"gizmo-shadow-stroke flex h-6 w-6 items-center justify-center overflow-hidden rounded-full\">\n<div class=\"h-6 w-6 translation-block\">Dans une \u00e8re o\u00f9 les donn\u00e9es sont aussi pr\u00e9cieuses que la monnaie, AOMEI MyRecover Professional est le coffre-fort qui prot\u00e8ge votre richesse num\u00e9rique. Il sert de filet de s\u00e9curit\u00e9 contre l'inattendu, en veillant \u00e0 ce qu'un clic mal plac\u00e9 ou un plantage syst\u00e8me ne se transforme pas en une perte irr\u00e9versible. En tant que solution leader de r\u00e9cup\u00e9ration de donn\u00e9es, MyRecover Professional offre des capacit\u00e9s in\u00e9gal\u00e9es pour la restauration de fichiers.<\/div>\n<\/div>\n<\/div>\n<\/div>\n<\/div>\n<div class=\"relative flex w-full flex-col agent-turn\">\n<div class=\"flex-col gap-1 md:gap-3\">\n<div class=\"flex flex-grow flex-col max-w-full\">\n<div class=\"min-h-[20px] text-message flex flex-col items-start gap-3 whitespace-pre-wrap break-words [.text-message+&amp;]:mt-5 overflow-x-auto\" data-message-author-role=\"assistant\" data-message-id=\"88335a45-1cf1-46a3-b121-2d7f5fab6c6c\">\n<div class=\"markdown prose w-full break-words dark:prose-invert dark\">\n<p>Avec ce produit, vous obtenez une licence d'un an ou permanente sous forme de cl\u00e9 \u00e9lectronique, permettant l'utilisation de cet outil complet de r\u00e9cup\u00e9ration de donn\u00e9es pour un seul utilisateur. Cette version est sp\u00e9cialement con\u00e7ue pour les ordinateurs \u00e9quip\u00e9s de syst\u00e8mes d'exploitation Windows et propose des options robustes de restauration du syst\u00e8me.<\/p>\n<\/div>\n<\/div>\n<\/div>\n<\/div>\n<\/div>","protected":false},"featured_media":29691,"template":"","meta":{"_seopress_robots_primary_cat":"none","_seopress_titles_title":"AOMEI MyRecover Professional | SwissSoftware24","_seopress_titles_desc":"AOMEI MyRecover Professional: Effiziente Datenrettung f\u00fcr verlorene oder gel\u00f6schte Dateien. Einfach zu bedienen. Jetzt bei SwissSoftware24 erh\u00e4ltlich.","_seopress_robots_index":""},"product_brand":[],"product_cat":[131,63,64],"product_tag":[],"class_list":{"0":"post-24695","1":"product","2":"type-product","3":"status-publish","4":"has-post-thumbnail","6":"product_cat-andere","7":"product_cat-antivirus-security","8":"product_cat-backup","10":"first","11":"instock","12":"taxable","13":"shipping-taxable","14":"purchasable","15":"product-type-variable"},"_links":{"self":[{"href":"https:\/\/swisssoftware24.ch\/fr\/wp-json\/wp\/v2\/product\/24695","targetHints":{"allow":["GET"]}}],"collection":[{"href":"https:\/\/swisssoftware24.ch\/fr\/wp-json\/wp\/v2\/product"}],"about":[{"href":"https:\/\/swisssoftware24.ch\/fr\/wp-json\/wp\/v2\/types\/product"}],"wp:featuredmedia":[{"embeddable":true,"href":"https:\/\/swisssoftware24.ch\/fr\/wp-json\/wp\/v2\/media\/29691"}],"wp:attachment":[{"href":"https:\/\/swisssoftware24.ch\/fr\/wp-json\/wp\/v2\/media?parent=24695"}],"wp:term":[{"taxonomy":"product_brand","embeddable":true,"href":"https:\/\/swisssoftware24.ch\/fr\/wp-json\/wp\/v2\/product_brand?post=24695"},{"taxonomy":"product_cat","embeddable":true,"href":"https:\/\/swisssoftware24.ch\/fr\/wp-json\/wp\/v2\/product_cat?post=24695"},{"taxonomy":"product_tag","embeddable":true,"href":"https:\/\/swisssoftware24.ch\/fr\/wp-json\/wp\/v2\/product_tag?post=24695"}],"curies":[{"name":"wp","href":"https:\/\/api.w.org\/{rel}","templated":true}]}}