{"id":24701,"date":"2024-03-20T06:24:19","date_gmt":"2024-03-20T05:24:19","guid":{"rendered":"https:\/\/swisssoftware24.ch\/?post_type=product&#038;p=24701"},"modified":"2025-11-29T23:56:54","modified_gmt":"2025-11-29T22:56:54","slug":"aomei-partition-assistant-pro","status":"publish","type":"product","link":"https:\/\/swisssoftware24.ch\/fr\/products\/aomei-partition-assistant-pro\/","title":{"rendered":"AOMEI Partition Assistant Pro"},"content":{"rendered":"<p data-start=\"103\" data-end=\"457\">AOMEI Partition Assistant Pro offre bien plus qu\u2019une simple gestion des partitions \u2013 c\u2019est une bo\u00eete \u00e0 outils compl\u00e8te pour optimiser l\u2019utilisation du disque dur. Le logiciel permet de cr\u00e9er, g\u00e9rer, fusionner et restaurer des partitions, ainsi que de cloner des disques pour des mises \u00e0 niveau syst\u00e8me ou des sauvegardes de donn\u00e9es.<\/p>\n<p data-start=\"459\" data-end=\"825\">Parmi les fonctionnalit\u00e9s les plus utiles, on retrouve la conversion entre MBR et GPT, la migration du syst\u00e8me d\u2019exploitation vers un nouveau disque dur et le Windows To Go Creator, qui permet de cr\u00e9er une version portable de Windows. Gr\u00e2ce \u00e0 la cr\u00e9ation de supports bootables, les utilisateurs peuvent d\u00e9marrer et g\u00e9rer leur syst\u00e8me m\u00eame en cas de probl\u00e8me inattendu.<\/p>\n<p data-start=\"827\" data-end=\"1148\" data-is-last-node=\"\" data-is-only-node=\"\">Avec une interface intuitive et des outils puissants, AOMEI Partition Assistant Pro convient aussi bien aux d\u00e9butants qu\u2019aux professionnels de l\u2019informatique. Que ce soit pour la maintenance quotidienne ou la configuration avanc\u00e9e du syst\u00e8me, ce logiciel garantit une gestion efficace et des performances optimales de votre disque dur.<\/p>\n<p data-start=\"827\" data-end=\"1148\" data-is-last-node=\"\" data-is-only-node=\"\"><strong>Vous trouverez plus d'informations sur ce produit\u00a0<a href=\"https:\/\/swisssoftware24.ch\/fr\/aomei-partition-assistant-pro-die-ultimative-loesung-fuer-festplatten-und-partitionsmanagement\/\">ici<\/a>.<\/strong><\/p>\n<h3><strong>AOMEI Partition Assistant Pro \u2013 configuration syst\u00e8me requise<\/strong><\/h3>\n<ul>\n<li><strong>Syst\u00e8me d'exploitation <\/strong>Windows 11, 10, 8\/8.1, 7, Vista, XP, Windows Server 2022, 2019, 2016, 2012, 2012 R2, 2008, 2008 R2, 2003, 2003 R2, Windows Home Server (WHS) 2011, Small Business Server (SBS) 2011<\/li>\n<li><strong>Processeur:<\/strong> 500 MHz x86 ou processeur compatible (1 GHz recommand\u00e9)<\/li>\n<li><strong>RAM:<\/strong> 256 MB (512 MB ou plus recommand\u00e9)<\/li>\n<\/ul>","protected":false},"excerpt":{"rendered":"<p class=\"translation-block\">Dans une \u00e9poque o\u00f9 les donn\u00e9es sont aussi pr\u00e9cieuses que la monnaie, AOMEI Partition Assistant Pro est la pierre angulaire de la gestion du stockage num\u00e9rique, con\u00e7ue pour optimiser l'architecture de votre syst\u00e8me pour plus d'efficacit\u00e9 et de fiabilit\u00e9. Avec ses fonctionnalit\u00e9s avanc\u00e9es de partitionnement et de clonage de disque, AOMEI Partition Assistant Pro \u00e9tablit de nouveaux standards sur le march\u00e9.<\/p>\n<p>Selon la version choisie, vous recevrez une licence d'un an, de deux ans ou \u00e0 vie sous forme de cl\u00e9 \u00e9lectronique, permettant l'acc\u00e8s \u00e0 cet outil complet pour l'archivage des documents pour un ou deux utilisateurs. Ce logiciel est sp\u00e9cialement con\u00e7u pour les ordinateurs fonctionnant sous Windows.<\/p>","protected":false},"featured_media":29690,"template":"","meta":{"_seopress_robots_primary_cat":"none","_seopress_titles_title":"AOMEI Partition Assistant Pro | SwissSoftware24","_seopress_titles_desc":"AOMEI Partition Assistant Pro: Erweitern, verkleinern, verschieben und verwalten Sie Ihre Festplattenpartitionen einfach und sicher. Jetzt bei SwissSoftware24.","_seopress_robots_index":""},"product_brand":[],"product_cat":[131,63,64],"product_tag":[],"class_list":{"0":"post-24701","1":"product","2":"type-product","3":"status-publish","4":"has-post-thumbnail","6":"product_cat-andere","7":"product_cat-antivirus-security","8":"product_cat-backup","10":"first","11":"instock","12":"taxable","13":"shipping-taxable","14":"purchasable","15":"product-type-variable"},"_links":{"self":[{"href":"https:\/\/swisssoftware24.ch\/fr\/wp-json\/wp\/v2\/product\/24701","targetHints":{"allow":["GET"]}}],"collection":[{"href":"https:\/\/swisssoftware24.ch\/fr\/wp-json\/wp\/v2\/product"}],"about":[{"href":"https:\/\/swisssoftware24.ch\/fr\/wp-json\/wp\/v2\/types\/product"}],"wp:featuredmedia":[{"embeddable":true,"href":"https:\/\/swisssoftware24.ch\/fr\/wp-json\/wp\/v2\/media\/29690"}],"wp:attachment":[{"href":"https:\/\/swisssoftware24.ch\/fr\/wp-json\/wp\/v2\/media?parent=24701"}],"wp:term":[{"taxonomy":"product_brand","embeddable":true,"href":"https:\/\/swisssoftware24.ch\/fr\/wp-json\/wp\/v2\/product_brand?post=24701"},{"taxonomy":"product_cat","embeddable":true,"href":"https:\/\/swisssoftware24.ch\/fr\/wp-json\/wp\/v2\/product_cat?post=24701"},{"taxonomy":"product_tag","embeddable":true,"href":"https:\/\/swisssoftware24.ch\/fr\/wp-json\/wp\/v2\/product_tag?post=24701"}],"curies":[{"name":"wp","href":"https:\/\/api.w.org\/{rel}","templated":true}]}}