{"id":24754,"date":"2024-03-22T06:51:16","date_gmt":"2024-03-22T05:51:16","guid":{"rendered":"https:\/\/swisssoftware24.ch\/?post_type=product&#038;p=24754"},"modified":"2025-11-30T00:17:25","modified_gmt":"2025-11-29T23:17:25","slug":"ashampoo-3d-cad-architecture-11","status":"publish","type":"product","link":"https:\/\/swisssoftware24.ch\/fr\/products\/ashampoo-3d-cad-architecture-11\/","title":{"rendered":"Ashampoo 3D CAD Architecture 11"},"content":{"rendered":"<p data-start=\"217\" data-end=\"728\">Ashampoo 3D CAD Architecture 11 se distingue par ses capacit\u00e9s \u00e9tendues par rapport aux autres outils de conception. Le logiciel permet de cr\u00e9er des mod\u00e8les architecturaux d\u00e9taill\u00e9s et r\u00e9alistes, depuis les premi\u00e8res esquisses jusqu\u2019au rendu final. Les utilisateurs b\u00e9n\u00e9ficient d\u2019une collection enrichie d\u2019outils permettant une repr\u00e9sentation pr\u00e9cise et fid\u00e8le des projets.<\/p>\n<p data-start=\"730\" data-end=\"1203\">Gr\u00e2ce \u00e0 une interface utilisateur intuitive am\u00e9lior\u00e9e et \u00e0 des instructions d\u00e9taill\u00e9es pas \u00e0 pas, m\u00eame les t\u00e2ches de conception les plus complexes sont simplifi\u00e9es. Ashampoo 3D CAD Architecture 11 d\u00e9passe les attentes, aussi bien des architectes chevronn\u00e9s que des d\u00e9butants dans le monde du design.\n\nLes fonctions avanc\u00e9es du programme permettent une planification pr\u00e9cise des espaces int\u00e9rieurs et ext\u00e9rieurs, avec des mesures exactes. Une biblioth\u00e8que plus vaste d\u2019\u00e9l\u00e9ments d\u00e9coratifs et d\u2019ameublement donne vie \u00e0 chaque pi\u00e8ce et lui conf\u00e8re un caract\u00e8re unique.<\/p>\n<p data-start=\"1205\" data-end=\"1555\">Ashampoo 3D CAD Architecture 11 propose \u00e9galement des outils am\u00e9lior\u00e9s pour la conception paysag\u00e8re et la planification de l\u2019\u00e9clairage, afin que chaque aspect de votre projet soit minutieusement r\u00e9fl\u00e9chi et optimis\u00e9. Que vous planifiez une r\u00e9novation, une construction neuve ou recherchiez simplement de l\u2019inspiration pour de nouveaux projets, ce logiciel offre tous les outils n\u00e9cessaires pour concr\u00e9tiser vos id\u00e9es.<\/p>\n<p><strong>Vous trouverez plus d'informations sur ce produit\u00a0<a href=\"https:\/\/swisssoftware24.ch\/fr\/ashampoo-3d-cad-architecture-11-realistische-hausplanung-trifft-moderne-technologie\/\">ici<\/a>.<\/strong><\/p>\n<h3>Ashampoo 3D CAD Architecture 11 \u2013 configuration syst\u00e8me requise<\/h3>\n<ul>\n<li><strong>Syst\u00e8me d'exploitation<\/strong>\u00a0Windows 11, Windows 10 (les syst\u00e8mes avec processeurs ARM ne sont pas pris en charge)<\/li>\n<li><strong>Configuration mat\u00e9rielle:<\/strong>\u00a0Tout appareil prenant en charge les syst\u00e8mes d'exploitation mentionn\u00e9s ci-dessus<\/li>\n<li><strong>Autres:<\/strong>\u00a0Une connexion Internet est requise pour activer le programme.\nLa licence du programme est v\u00e9rifi\u00e9e r\u00e9guli\u00e8rement.\nDes droits d'administration sont n\u00e9cessaires pour installer et utiliser le programme.<\/li>\n<\/ul>","protected":false},"excerpt":{"rendered":"<p class=\"translation-block\">Ashampoo 3D CAD Architecture 11 est la toute derni\u00e8re version d'un outil innovant de conception de maisons et de cr\u00e9ation de constructions 3D. Avec des fonctionnalit\u00e9s encore plus pr\u00e9cises et une meilleure convivialit\u00e9, ce programme est id\u00e9al aussi bien pour les professionnels que pour les amateurs souhaitant r\u00e9aliser leurs projets architecturaux.<\/p>\n<p class=\"translation-block\">En achetant ce produit, vous obtenez une licence \u00e0 vie sous forme de cl\u00e9 \u00e9lectronique, vous permettant d'utiliser cet outil de mod\u00e9lisation 3D sur un appareil. Con\u00e7u sp\u00e9cialement pour les ordinateurs sous Windows, le logiciel est disponible en plusieurs langues.<\/p>","protected":false},"featured_media":25448,"template":"","meta":{"_seopress_robots_primary_cat":"none","_seopress_titles_title":"Ashampoo 3D CAD Architecture 11 | SwissSoftware24","_seopress_titles_desc":"Ashampoo 3D CAD Architecture 11: Planen und gestalten Sie Geb\u00e4ude in 3D. Ideal f\u00fcr Architekten und Designer. Einfache Bedienung. Jetzt bei SwissSoftware24.","_seopress_robots_index":""},"product_brand":[],"product_cat":[65,82,83,97],"product_tag":[],"class_list":{"0":"post-24754","1":"product","2":"type-product","3":"status-publish","4":"has-post-thumbnail","6":"product_cat-fur-unternehmen","7":"product_cat-video-grafik","8":"product_cat-video-grafik-andere","9":"product_cat-grafik-design","11":"first","12":"onbackorder","13":"virtual","14":"taxable","15":"purchasable","16":"product-type-simple"},"_links":{"self":[{"href":"https:\/\/swisssoftware24.ch\/fr\/wp-json\/wp\/v2\/product\/24754","targetHints":{"allow":["GET"]}}],"collection":[{"href":"https:\/\/swisssoftware24.ch\/fr\/wp-json\/wp\/v2\/product"}],"about":[{"href":"https:\/\/swisssoftware24.ch\/fr\/wp-json\/wp\/v2\/types\/product"}],"wp:featuredmedia":[{"embeddable":true,"href":"https:\/\/swisssoftware24.ch\/fr\/wp-json\/wp\/v2\/media\/25448"}],"wp:attachment":[{"href":"https:\/\/swisssoftware24.ch\/fr\/wp-json\/wp\/v2\/media?parent=24754"}],"wp:term":[{"taxonomy":"product_brand","embeddable":true,"href":"https:\/\/swisssoftware24.ch\/fr\/wp-json\/wp\/v2\/product_brand?post=24754"},{"taxonomy":"product_cat","embeddable":true,"href":"https:\/\/swisssoftware24.ch\/fr\/wp-json\/wp\/v2\/product_cat?post=24754"},{"taxonomy":"product_tag","embeddable":true,"href":"https:\/\/swisssoftware24.ch\/fr\/wp-json\/wp\/v2\/product_tag?post=24754"}],"curies":[{"name":"wp","href":"https:\/\/api.w.org\/{rel}","templated":true}]}}