{"id":24758,"date":"2024-03-22T06:55:10","date_gmt":"2024-03-22T05:55:10","guid":{"rendered":"https:\/\/swisssoftware24.ch\/?post_type=product&#038;p=24758"},"modified":"2025-11-30T00:17:25","modified_gmt":"2025-11-29T23:17:25","slug":"ashampoo-3d-cad-professional-11","status":"publish","type":"product","link":"https:\/\/swisssoftware24.ch\/fr\/products\/ashampoo-3d-cad-professional-11\/","title":{"rendered":"Ashampoo 3D CAD Professional 11"},"content":{"rendered":"<p data-start=\"239\" data-end=\"698\">Ashampoo 3D CAD Professional 11 est un puissant logiciel de planification destin\u00e9 aux architectes, aux planificateurs de construction et aux designers d'int\u00e9rieur exigeants. Dot\u00e9 d'une interface utilisateur intuitive et d'une multitude d'outils professionnels, le logiciel assiste dans la planification pr\u00e9cise de projets de construction \u2013 du premier jet \u00e0 la visualisation photor\u00e9aliste. Qu'il s'agisse de nouvelle construction, de r\u00e9novation ou d'am\u00e9nagement int\u00e9rieur \u2013 toutes les \u00e9tapes peuvent \u00eatre r\u00e9alis\u00e9es num\u00e9riquement et simul\u00e9es directement.<\/p>\n<p data-start=\"700\" data-end=\"1068\">La nouvelle version propose des fonctions de conception assist\u00e9es par l'IA qui rendent les processus de mod\u00e9lisation plus intelligents et plus efficaces. Gr\u00e2ce \u00e0 des technologies de rendu am\u00e9lior\u00e9es, de nouveaux mat\u00e9riaux et textures, des repr\u00e9sentations d'un r\u00e9alisme impressionnant sont possibles. L'int\u00e9gration BIM simplifie consid\u00e9rablement la collaboration avec les ing\u00e9nieurs et les planificateurs sp\u00e9cialis\u00e9s.<\/p>\n<p data-start=\"1070\" data-end=\"1459\">Une vaste biblioth\u00e8que de meubles, d'\u00e9l\u00e9ments de d\u00e9coration et de composants de construction offre une libert\u00e9 cr\u00e9ative maximale pour l'am\u00e9nagement des espaces. Des visites virtuelles et des mod\u00e8les 3D pr\u00e9cis rendent les plans tangibles et am\u00e9liorent la communication avec les clients ou les investisseurs. Ashampoo 3D CAD Professional 11 est ainsi une solution compl\u00e8te id\u00e9ale pour les projets de construction et de design professionnels.<\/p>\n<p><strong>Vous trouverez plus d'informations sur ce produit\u00a0<a href=\"https:\/\/swisssoftware24.ch\/fr\/ashampoo-3d-cad-professional-11-architektur-auf-einem-neuen-level\/\">ici<\/a>.<\/strong><\/p>\n<h3>Ashampoo 3D CAD Professional 11 \u2013 configuration syst\u00e8me requise<\/h3>\n<ul>\n<li><strong class=\"font-semibold tracking-tight\">Syst\u00e8me d'exploitation <\/strong>Windows 10, 11 (les syst\u00e8mes \u00e9quip\u00e9s de processeurs ARM ne sont pas pris en charge)<\/li>\n<li><strong class=\"font-semibold tracking-tight\">Configuration requise: <\/strong>Tout appareil prenant en charge les syst\u00e8mes d'exploitation mentionn\u00e9s ci-dessus<\/li>\n<li><strong class=\"font-semibold tracking-tight\">Autres: <\/strong>Une connexion Internet est requise pour activer le programme. La licence du programme est r\u00e9guli\u00e8rement v\u00e9rifi\u00e9e. Des droits d'administration sont n\u00e9cessaires pour installer et utiliser le programme.<\/li>\n<\/ul>","protected":false},"excerpt":{"rendered":"<p class=\"translation-block\">Ashampoo 3D CAD Professional 11 repr\u00e9sente une avanc\u00e9e significative dans le monde du design, gr\u00e2ce \u00e0 l'introduction de nouvelles fonctionnalit\u00e9s avanc\u00e9es sp\u00e9cialement con\u00e7ues pour les architectes et les professionnels. Cette version s'appuie sur le succ\u00e8s d'Ashampoo 3D CAD Architecture 10, en offrant des outils et des capacit\u00e9s am\u00e9lior\u00e9s qui r\u00e9pondent aux besoins des professionnels de la conception et de la mod\u00e9lisation 3D.<\/p>\n<p class=\"translation-block\">En achetant ce produit, vous obtenez une licence \u00e0 vie sous forme de cl\u00e9 \u00e9lectronique, vous permettant d'utiliser cet outil de mod\u00e9lisation 3D avanc\u00e9 sur un appareil. Con\u00e7u pour les ordinateurs Windows, le logiciel reste fid\u00e8le \u00e0 sa r\u00e9putation multilingue.<\/p>","protected":false},"featured_media":25449,"template":"","meta":{"_seopress_robots_primary_cat":"none","_seopress_titles_title":"Ashampoo 3D CAD Professional 11 | SwissSoftware24","_seopress_titles_desc":"Ashampoo 3D CAD Professional 11: Professionelle Software f\u00fcr Architekten und Planer. Erstellen Sie detaillierte 3D-Modelle. Jetzt bei SwissSoftware24 erh\u00e4ltlich","_seopress_robots_index":""},"product_brand":[],"product_cat":[65,82,83,97],"product_tag":[],"class_list":{"0":"post-24758","1":"product","2":"type-product","3":"status-publish","4":"has-post-thumbnail","6":"product_cat-fur-unternehmen","7":"product_cat-video-grafik","8":"product_cat-video-grafik-andere","9":"product_cat-grafik-design","11":"first","12":"onbackorder","13":"virtual","14":"taxable","15":"purchasable","16":"product-type-simple"},"_links":{"self":[{"href":"https:\/\/swisssoftware24.ch\/fr\/wp-json\/wp\/v2\/product\/24758","targetHints":{"allow":["GET"]}}],"collection":[{"href":"https:\/\/swisssoftware24.ch\/fr\/wp-json\/wp\/v2\/product"}],"about":[{"href":"https:\/\/swisssoftware24.ch\/fr\/wp-json\/wp\/v2\/types\/product"}],"wp:featuredmedia":[{"embeddable":true,"href":"https:\/\/swisssoftware24.ch\/fr\/wp-json\/wp\/v2\/media\/25449"}],"wp:attachment":[{"href":"https:\/\/swisssoftware24.ch\/fr\/wp-json\/wp\/v2\/media?parent=24758"}],"wp:term":[{"taxonomy":"product_brand","embeddable":true,"href":"https:\/\/swisssoftware24.ch\/fr\/wp-json\/wp\/v2\/product_brand?post=24758"},{"taxonomy":"product_cat","embeddable":true,"href":"https:\/\/swisssoftware24.ch\/fr\/wp-json\/wp\/v2\/product_cat?post=24758"},{"taxonomy":"product_tag","embeddable":true,"href":"https:\/\/swisssoftware24.ch\/fr\/wp-json\/wp\/v2\/product_tag?post=24758"}],"curies":[{"name":"wp","href":"https:\/\/api.w.org\/{rel}","templated":true}]}}