{"id":24762,"date":"2024-03-22T06:59:29","date_gmt":"2024-03-22T05:59:29","guid":{"rendered":"https:\/\/swisssoftware24.ch\/?post_type=product&#038;p=24762"},"modified":"2025-11-30T00:17:25","modified_gmt":"2025-11-29T23:17:25","slug":"ashampoo-actioncam","status":"publish","type":"product","link":"https:\/\/swisssoftware24.ch\/fr\/products\/ashampoo-actioncam\/","title":{"rendered":"Ashampoo ActionCam"},"content":{"rendered":"<p data-start=\"285\" data-end=\"641\">Ashampoo ActionCam est un logiciel de montage vid\u00e9o sp\u00e9cialis\u00e9, parfaitement adapt\u00e9 aux prises de vue riches en action provenant de GoPro, de drones ou de cam\u00e9ras de smartphone. Le programme offre une stabilisation d'image automatique, une correction de la distorsion et une optimisation compl\u00e8te des couleurs \u2013 pour des r\u00e9sultats clairs, vifs et sans tremblements, m\u00eame lors des mouvements les plus rapides.<\/p>\n<p data-start=\"643\" data-end=\"965\">Le logiciel s'adresse aussi bien aux cin\u00e9astes amateurs qu'aux professionnels et convainc par des fonctions puissantes telles que l'am\u00e9lioration de la nettet\u00e9, l'ajustement du contraste et la correction dynamique de l'exposition. M\u00eame les s\u00e9quences vid\u00e9o enregistr\u00e9es dans des conditions extr\u00eames peuvent ainsi \u00eatre rapidement transform\u00e9es en productions de haute qualit\u00e9.<\/p>\n<p data-start=\"967\" data-end=\"1189\">Gr\u00e2ce \u00e0 son interface utilisateur intuitive, sa compatibilit\u00e9 avec de nombreux formats vid\u00e9o et ses fonctions automatiques intelligentes, m\u00eame les d\u00e9butants peuvent obtenir des r\u00e9sultats impressionnants \u2013 sans longue p\u00e9riode d'apprentissage.<\/p>\n<p data-start=\"967\" data-end=\"1189\"><strong>Vous trouverez plus d'informations sur ce produit\u00a0<a href=\"https:\/\/swisssoftware24.ch\/fr\/klare-action-mit-ashampoo-actioncam-alles-im-griff\/\">ici<\/a>.<\/strong><\/p>\n<h3>Ashampoo ActionCam \u2013 configuration syst\u00e8me requise<\/h3>\n<ul>\n<li><strong class=\"font-semibold tracking-tight\">Syst\u00e8me d'exploitation <\/strong>Vous avez besoin de la version 64 bits des syst\u00e8mes d'exploitation suivants: Windows 7, 8, 10, 11. Les syst\u00e8mes \u00e9quip\u00e9s de processeurs ARM ne sont pas pris en charge.<\/li>\n<li><strong class=\"font-semibold tracking-tight\">Logiciels: <\/strong>Windows Media Player 10, .NET Framework 4.0<\/li>\n<li><strong class=\"font-semibold tracking-tight\">Processeur: <\/strong>Pour l'\u00e9dition\/production en qualit\u00e9 DVD : processeur double c\u0153ur d'au moins 2,4 GHz.\nPour l'\u00e9dition\/production en qualit\u00e9 HD : Intel Core i5 \/ i7 ou processeur quadric\u0153ur \u00e9quivalent.<\/li>\n<li><strong class=\"font-semibold tracking-tight\">M\u00e9moire (RAM): <\/strong>Qualit\u00e9 DVD : au moins 2 Go de RAM libre.\nQualit\u00e9 HD : au moins 4 Go de RAM libre.\nId\u00e9al : 8 Go de RAM ou plus.<\/li>\n<li><strong class=\"font-semibold tracking-tight\">Carte graphique: <\/strong>DirectX 9, Pixelshader v2.0, min. 128 Mo de RAM, r\u00e9solution min. 1280 x 1024.<\/li>\n<li><strong class=\"font-semibold tracking-tight\">Autres: <\/strong>Une connexion Internet est n\u00e9cessaire pour activer le programme. La licence du programme est v\u00e9rifi\u00e9e r\u00e9guli\u00e8rement. Une connexion Internet est requise pour certains services.<\/li>\n<\/ul>","protected":false},"excerpt":{"rendered":"<p class=\"translation-block\"><strong>Ashampoo ActionCam<\/strong>  est un logiciel de montage vid\u00e9o avanc\u00e9, sp\u00e9cialement con\u00e7u pour am\u00e9liorer la qualit\u00e9 des vid\u00e9os en optimisant la nettet\u00e9, les couleurs, la stabilisation de l'image et en corrigeant les distorsions de l'objectif.<\/p>\n<p class=\"translation-block\">En achetant ce produit, vous obtenez une licence \u00e0 vie sous forme de cl\u00e9 \u00e9lectronique, vous permettant d'utiliser ce logiciel de montage vid\u00e9o pour optimiser vos enregistrements sur un appareil. Ce logiciel, con\u00e7u pour les ordinateurs \u00e9quip\u00e9s de syst\u00e8mes d'exploitation Windows, est disponible en plusieurs langues.<\/p>","protected":false},"featured_media":25450,"template":"","meta":{"_seopress_robots_primary_cat":"none","_seopress_titles_title":"Ashampoo ActionCam | Videos bearbeiten | SwissSoftware24","_seopress_titles_desc":"Ashampoo ActionCam: Bearbeiten und stabilisieren Sie Ihre Action-Videos. Perfekt f\u00fcr Sport- und Outdoor-Aufnahmen. Jetzt bei SwissSoftware24 erh\u00e4ltlich.","_seopress_robots_index":""},"product_brand":[],"product_cat":[92,65,100,82,83],"product_tag":[],"class_list":{"0":"post-24762","1":"product","2":"type-product","3":"status-publish","4":"has-post-thumbnail","6":"product_cat-animation","7":"product_cat-fur-unternehmen","8":"product_cat-video","9":"product_cat-video-grafik","10":"product_cat-video-grafik-andere","12":"first","13":"onbackorder","14":"virtual","15":"taxable","16":"purchasable","17":"product-type-simple"},"_links":{"self":[{"href":"https:\/\/swisssoftware24.ch\/fr\/wp-json\/wp\/v2\/product\/24762","targetHints":{"allow":["GET"]}}],"collection":[{"href":"https:\/\/swisssoftware24.ch\/fr\/wp-json\/wp\/v2\/product"}],"about":[{"href":"https:\/\/swisssoftware24.ch\/fr\/wp-json\/wp\/v2\/types\/product"}],"wp:featuredmedia":[{"embeddable":true,"href":"https:\/\/swisssoftware24.ch\/fr\/wp-json\/wp\/v2\/media\/25450"}],"wp:attachment":[{"href":"https:\/\/swisssoftware24.ch\/fr\/wp-json\/wp\/v2\/media?parent=24762"}],"wp:term":[{"taxonomy":"product_brand","embeddable":true,"href":"https:\/\/swisssoftware24.ch\/fr\/wp-json\/wp\/v2\/product_brand?post=24762"},{"taxonomy":"product_cat","embeddable":true,"href":"https:\/\/swisssoftware24.ch\/fr\/wp-json\/wp\/v2\/product_cat?post=24762"},{"taxonomy":"product_tag","embeddable":true,"href":"https:\/\/swisssoftware24.ch\/fr\/wp-json\/wp\/v2\/product_tag?post=24762"}],"curies":[{"name":"wp","href":"https:\/\/api.w.org\/{rel}","templated":true}]}}