{"id":24774,"date":"2024-03-22T07:10:42","date_gmt":"2024-03-22T06:10:42","guid":{"rendered":"https:\/\/swisssoftware24.ch\/?post_type=product&#038;p=24774"},"modified":"2025-11-30T00:17:25","modified_gmt":"2025-11-29T23:17:25","slug":"ashampoo-cinemagraph","status":"publish","type":"product","link":"https:\/\/swisssoftware24.ch\/fr\/products\/ashampoo-cinemagraph\/","title":{"rendered":"Ashampoo Cinemagraph"},"content":{"rendered":"<p data-sourcepos=\"4:1-4:306\">Ashampoo Cinemagraph est un outil moderne qui permet de cr\u00e9er des cin\u00e9magraphes impressionnants \u2013 c'est-\u00e0-dire des photos avec des \u00e9l\u00e9ments anim\u00e9s. Gr\u00e2ce \u00e0 son interface intuitive et \u00e0 des outils simples, m\u00eame les utilisateurs d\u00e9butants peuvent cr\u00e9er des compositions visuelles fascinantes en quelques instants.<\/p>\n<p data-sourcepos=\"6:1-6:426\">Le programme permet d'animer des fragments s\u00e9lectionn\u00e9s de l'image, cr\u00e9ant ainsi un effet de mouvement fluide dans un cadre fixe. Gr\u00e2ce \u00e0 des fonctions telles que la stabilisation, les filtres et les boucles fluides, les r\u00e9sultats finaux sont professionnels et visuellement attrayants. Ashampoo Cinemagraph propose \u00e9galement l'exportation de fichiers vers des formats populaires et des param\u00e8tres pr\u00eats \u00e0 l'emploi pour la publication sur les m\u00e9dias sociaux.<\/p>\n<p data-sourcepos=\"8:1-8:294\">C'est une excellente solution pour les photographes, les cr\u00e9ateurs de contenu et tous ceux qui souhaitent se d\u00e9marquer en ligne. Les cin\u00e9magraphes attirent le regard et restent dans les m\u00e9moires, et Ashampoo Cinemagraph permet de les cr\u00e9er rapidement, efficacement et sans n\u00e9cessiter de connaissances techniques avanc\u00e9es.<\/p>\n<p data-sourcepos=\"8:1-8:294\"><strong>Vous trouverez plus d'informations sur ce produit\u00a0<a href=\"https:\/\/swisssoftware24.ch\/fr\/ashampoo-cinemagraph-visuelles-storytelling-auf-neuem-level\/\">ici<\/a>.<\/strong><\/p>\n<h1><span style=\"font-size: 16px;\">Ashampoo Cinemagraph \u2013 configuration syst\u00e8me requise<\/span><\/h1>\n<ul>\n<li><strong class=\"font-semibold tracking-tight\">Syst\u00e8me d'exploitation <\/strong>Windows 7, 8, 10, 11 (versions 64 bits requises)<\/li>\n<li><strong class=\"font-semibold tracking-tight\">Logiciels: <\/strong>Windows Media Player 10, .NET Framework 4.0<\/li>\n<li><strong class=\"font-semibold tracking-tight\">Processeur: <\/strong>Pour l'\u00e9dition\/production en qualit\u00e9 DVD : processeur double c\u0153ur d'au moins 2,4 GHz.\nPour l'\u00e9dition\/production en qualit\u00e9 HD : Intel Core i5 \/ i7 ou processeur quadric\u0153ur \u00e9quivalent.<\/li>\n<li><strong class=\"font-semibold tracking-tight\">M\u00e9moire (RAM): <\/strong>Qualit\u00e9 DVD : au moins 2 Go de RAM libre.\nQualit\u00e9 HD : au moins 4 Go de RAM libre.\nId\u00e9al : 8 Go de RAM ou plus.<\/li>\n<li><strong class=\"font-semibold tracking-tight\">Carte graphique: <\/strong>DirectX 9, Pixelshader v2.0, min. 128 Mo de RAM, r\u00e9solution min. 1280 x 1024.<\/li>\n<li><strong class=\"font-semibold tracking-tight\">Autres: <\/strong>Une connexion Internet est n\u00e9cessaire pour activer le programme. La licence du programme est v\u00e9rifi\u00e9e r\u00e9guli\u00e8rement. Une connexion Internet est requise pour certains services.<\/li>\n<\/ul>","protected":false},"excerpt":{"rendered":"<p class=\"translation-block\">Ashampoo Cinemagraph est un outil r\u00e9volutionnaire pour la cr\u00e9ation de cinemagraphs \u2013 des images anim\u00e9es qui capturent des moments uniques de votre vie de mani\u00e8re artistique. Ce programme transforme des photos ordinaires en \u0153uvres d'art semi-statiques impressionnantes, o\u00f9 certaines parties de l'image sont anim\u00e9es dans un mouvement doux et continu.<\/p>\n<p class=\"translation-block\">En achetant ce produit, vous obtenez une licence \u00e0 vie sous forme de cl\u00e9 \u00e9lectronique, vous permettant d'utiliser cet outil avanc\u00e9 pour cr\u00e9er des photos et vid\u00e9os semi-anim\u00e9es dynamiques sur un appareil. Con\u00e7u pour les syst\u00e8mes d'exploitation Windows, le logiciel est disponible en plusieurs langues.<\/p>","protected":false},"featured_media":25453,"template":"","meta":{"_seopress_robots_primary_cat":"none","_seopress_titles_title":"Ashampoo Cinemagraph | SwissSoftware24","_seopress_titles_desc":"Ashampoo Cinemagraph: Erstellen Sie beeindruckende Cinemagraphs mit bewegten Elementen. Einfach zu bedienen und kreativ. Jetzt bei SwissSoftware24 erh\u00e4ltlich.","_seopress_robots_index":""},"product_brand":[],"product_cat":[92,65,97,82,83],"product_tag":[],"class_list":{"0":"post-24774","1":"product","2":"type-product","3":"status-publish","4":"has-post-thumbnail","6":"product_cat-animation","7":"product_cat-fur-unternehmen","8":"product_cat-grafik-design","9":"product_cat-video-grafik","10":"product_cat-video-grafik-andere","12":"first","13":"onbackorder","14":"virtual","15":"taxable","16":"purchasable","17":"product-type-simple"},"_links":{"self":[{"href":"https:\/\/swisssoftware24.ch\/fr\/wp-json\/wp\/v2\/product\/24774","targetHints":{"allow":["GET"]}}],"collection":[{"href":"https:\/\/swisssoftware24.ch\/fr\/wp-json\/wp\/v2\/product"}],"about":[{"href":"https:\/\/swisssoftware24.ch\/fr\/wp-json\/wp\/v2\/types\/product"}],"wp:featuredmedia":[{"embeddable":true,"href":"https:\/\/swisssoftware24.ch\/fr\/wp-json\/wp\/v2\/media\/25453"}],"wp:attachment":[{"href":"https:\/\/swisssoftware24.ch\/fr\/wp-json\/wp\/v2\/media?parent=24774"}],"wp:term":[{"taxonomy":"product_brand","embeddable":true,"href":"https:\/\/swisssoftware24.ch\/fr\/wp-json\/wp\/v2\/product_brand?post=24774"},{"taxonomy":"product_cat","embeddable":true,"href":"https:\/\/swisssoftware24.ch\/fr\/wp-json\/wp\/v2\/product_cat?post=24774"},{"taxonomy":"product_tag","embeddable":true,"href":"https:\/\/swisssoftware24.ch\/fr\/wp-json\/wp\/v2\/product_tag?post=24774"}],"curies":[{"name":"wp","href":"https:\/\/api.w.org\/{rel}","templated":true}]}}