{"id":24778,"date":"2024-03-22T07:14:11","date_gmt":"2024-03-22T06:14:11","guid":{"rendered":"https:\/\/swisssoftware24.ch\/?post_type=product&#038;p=24778"},"modified":"2026-03-28T08:07:20","modified_gmt":"2026-03-28T07:07:20","slug":"ashampoo-driver-update","status":"publish","type":"product","link":"https:\/\/swisssoftware24.ch\/fr\/products\/ashampoo-driver-update\/","title":{"rendered":"Ashampoo Driver Update"},"content":{"rendered":"<p data-start=\"100\" data-end=\"419\">Ashampoo Driver Updater garantit que votre PC est toujours \u00e9quip\u00e9 des derniers pilotes pour am\u00e9liorer les performances, la stabilit\u00e9 et la compatibilit\u00e9. En scannant et en mettant \u00e0 jour automatiquement, le logiciel aide \u00e0 pr\u00e9venir les probl\u00e8mes mat\u00e9riels et \u00e0 optimiser la vitesse du syst\u00e8me.<\/p>\n<p data-start=\"421\" data-end=\"661\">Avec la prise en charge d'une large gamme d'appareils, Ashampoo Driver Updater garantit que tous les pilotes essentiels sont r\u00e9guli\u00e8rement mis \u00e0 jour. Cela r\u00e9duit les dysfonctionnements, les plantages du syst\u00e8me et les probl\u00e8mes de compatibilit\u00e9.<\/p>\n<p data-start=\"663\" data-end=\"943\" data-is-last-node=\"\" data-is-only-node=\"\">Gr\u00e2ce \u00e0 l'interface utilisateur intuitive, le programme convient aussi bien aux d\u00e9butants qu'aux utilisateurs exp\u00e9riment\u00e9s. Quiconque souhaite que son PC reste plus rapide, plus stable et sans erreur trouvera une solution efficace et fiable dans Ashampoo Driver Updater.<\/p>\n<p data-start=\"663\" data-end=\"943\" data-is-last-node=\"\" data-is-only-node=\"\"><strong>Vous trouverez plus d'informations sur ce produit\u00a0<a href=\"https:\/\/swisssoftware24.ch\/fr\/ashampoo-driver-updater-automatische-treiberaktualisierung-fuer-einen-leistungsstarken-pc\/\">ici<\/a>.<\/strong><\/p>\n<h3>Ashampoo Driver Update \u2013 configuration syst\u00e8me requise<\/h3>\n<ul>\n<li><strong class=\"font-semibold tracking-tight\">Syst\u00e8me d'exploitation <\/strong>Windows 7, 8, 10, 11.<\/li>\n<li><strong class=\"font-semibold tracking-tight\">Configuration requise: <\/strong>Tout appareil prenant en charge les syst\u00e8mes d'exploitation mentionn\u00e9s ci-dessus<\/li>\n<li><strong class=\"font-semibold tracking-tight\">Autres: <\/strong>Une connexion Internet est requise pour activer le programme. La licence du programme est r\u00e9guli\u00e8rement v\u00e9rifi\u00e9e. Des droits d'administration sont n\u00e9cessaires pour installer et utiliser le programme.<\/li>\n<\/ul>","protected":false},"excerpt":{"rendered":"<p class=\"translation-block\"><strong>Ashampoo Driver Updater<\/strong> est un outil essentiel, con\u00e7u pour maintenir \u00e0 jour les pilotes de votre ordinateur, ce qui est crucial pour des performances optimales et la stabilit\u00e9 du syst\u00e8me. Il couvre un large \u00e9ventail de p\u00e9riph\u00e9riques et de pilotes, ce qui en fait une solution universelle pour la mise \u00e0 jour des pilotes et la pr\u00e9servation d'un syst\u00e8me sain.<\/p>\n<p class=\"translation-block\">En achetant ce produit, vous obtenez une licence \u00e0 vie sous forme de cl\u00e9 \u00e9lectronique, vous permettant d'utiliser cet outil de mise \u00e0 jour des pilotes sur jusqu'\u00e0 trois appareils. Cette version logicielle est sp\u00e9cialement con\u00e7ue pour les ordinateurs sous Windows et prend en charge plusieurs langues.<\/p>","protected":false},"featured_media":25454,"template":"","meta":{"_seopress_robots_primary_cat":"none","_seopress_titles_title":"Ashampoo Driver Update | Treiber aktualisieren | SwissSoftware24","_seopress_titles_desc":"Ashampoo Driver Update: Finden und installieren Sie die neuesten Treiber f\u00fcr Ihre Hardware. Verbessern Sie die Systemleistung. Jetzt bei SwissSoftware24.","_seopress_robots_index":""},"product_brand":[],"product_cat":[131,65,83],"product_tag":[],"class_list":{"0":"post-24778","1":"product","2":"type-product","3":"status-publish","4":"has-post-thumbnail","6":"product_cat-andere","7":"product_cat-fur-unternehmen","8":"product_cat-video-grafik-andere","10":"first","11":"onbackorder","12":"virtual","13":"taxable","14":"purchasable","15":"product-type-simple"},"_links":{"self":[{"href":"https:\/\/swisssoftware24.ch\/fr\/wp-json\/wp\/v2\/product\/24778","targetHints":{"allow":["GET"]}}],"collection":[{"href":"https:\/\/swisssoftware24.ch\/fr\/wp-json\/wp\/v2\/product"}],"about":[{"href":"https:\/\/swisssoftware24.ch\/fr\/wp-json\/wp\/v2\/types\/product"}],"wp:featuredmedia":[{"embeddable":true,"href":"https:\/\/swisssoftware24.ch\/fr\/wp-json\/wp\/v2\/media\/25454"}],"wp:attachment":[{"href":"https:\/\/swisssoftware24.ch\/fr\/wp-json\/wp\/v2\/media?parent=24778"}],"wp:term":[{"taxonomy":"product_brand","embeddable":true,"href":"https:\/\/swisssoftware24.ch\/fr\/wp-json\/wp\/v2\/product_brand?post=24778"},{"taxonomy":"product_cat","embeddable":true,"href":"https:\/\/swisssoftware24.ch\/fr\/wp-json\/wp\/v2\/product_cat?post=24778"},{"taxonomy":"product_tag","embeddable":true,"href":"https:\/\/swisssoftware24.ch\/fr\/wp-json\/wp\/v2\/product_tag?post=24778"}],"curies":[{"name":"wp","href":"https:\/\/api.w.org\/{rel}","templated":true}]}}