{"id":24782,"date":"2024-03-22T07:17:33","date_gmt":"2024-03-22T06:17:33","guid":{"rendered":"https:\/\/swisssoftware24.ch\/?post_type=product&#038;p=24782"},"modified":"2025-11-30T00:17:25","modified_gmt":"2025-11-29T23:17:25","slug":"ashampoo-home-design-9","status":"publish","type":"product","link":"https:\/\/swisssoftware24.ch\/fr\/products\/ashampoo-home-design-9\/","title":{"rendered":"Ashampoo Home Design 9"},"content":{"rendered":"<p data-start=\"379\" data-end=\"711\">Ashampoo Home Design 9 est la solution id\u00e9ale pour tous ceux qui souhaitent concevoir leur maison de r\u00eave num\u00e9riquement \u2013 de mani\u00e8re pr\u00e9cise, r\u00e9aliste et personnalisable jusque dans les moindres d\u00e9tails. Le logiciel combine de puissantes fonctions de construction 3D avec une interface intuitive accessible m\u00eame aux d\u00e9butants.<\/p>\n<p data-start=\"713\" data-end=\"1037\">Les nouvelles fonctionnalit\u00e9s de visites virtuelles m\u00e9ritent une mention sp\u00e9ciale : elles rendent la planification immersive et tangible. Les utilisateurs peuvent parcourir leurs projets et observer chaque d\u00e9tail de pr\u00e8s. La biblioth\u00e8que \u00e9largie de meubles, mat\u00e9riaux et \u00e9l\u00e9ments d\u00e9coratifs offre d\u2019innombrables possibilit\u00e9s de cr\u00e9ation.<\/p>\n<p data-start=\"1039\" data-end=\"1306\">Gr\u00e2ce \u00e0 son moteur de rendu optimis\u00e9, Ashampoo Home Design 9 fournit des visualisations de qualit\u00e9 photo impressionnantes. Que ce soit pour construire, r\u00e9nover ou transformer \u2013 ce logiciel est un partenaire id\u00e9al pour un design cr\u00e9atif et r\u00e9aliste.<\/p>\n<p><strong>Vous trouverez plus d'informations sur ce produit\u00a0<a href=\"https:\/\/swisssoftware24.ch\/fr\/ashampoo-home-design-9-kreative-freiheit-beim-hausbau-in-3d\/\">ici<\/a>.<\/strong><\/p>\n<h3>Ashampoo Home Design 9 \u2013 configuration syst\u00e8me requise<\/h3>\n<ul>\n<li><strong class=\"font-semibold tracking-tight\">Syst\u00e8me d'exploitation <\/strong>Windows 10, 11.<\/li>\n<li><strong class=\"font-semibold tracking-tight\">Configuration requise: <\/strong>Tout appareil prenant en charge les syst\u00e8mes d'exploitation mentionn\u00e9s ci-dessus<\/li>\n<li><strong class=\"font-semibold tracking-tight\">Autres: <\/strong>Une connexion Internet est requise pour activer le programme. La licence du programme est r\u00e9guli\u00e8rement v\u00e9rifi\u00e9e. Des droits d'administration sont n\u00e9cessaires pour installer et utiliser le programme.<\/li>\n<\/ul>","protected":false},"excerpt":{"rendered":"<p class=\"translation-block\">Ashampoo Home Design 9 est la derni\u00e8re \u00e9volution d'une s\u00e9rie de logiciels complets de conception de maisons en 3D, permettant aux utilisateurs de d\u00e9velopper des concepts d\u00e9taill\u00e9s pour les maisons et leurs int\u00e9rieurs. Avec un ensemble encore plus large d'outils et de fonctionnalit\u00e9s de conception, y compris des options avanc\u00e9es pour des visites virtuelles \u00e0 travers des pi\u00e8ces r\u00e9alistes, cette version \u00e9tablit de nouveaux standards dans la planification domestique.<\/p>\n<p class=\"translation-block\">En achetant ce produit, vous obtenez une licence \u00e0 vie sous forme de cl\u00e9 \u00e9lectronique, vous permettant d'utiliser le logiciel de cr\u00e9ation de maisons en 3D sur un appareil. Cette version est sp\u00e9cialement con\u00e7ue pour les ordinateurs sous Windows et prend en charge plusieurs langues.<\/p>","protected":false},"featured_media":25455,"template":"","meta":{"_seopress_robots_primary_cat":"none","_seopress_titles_title":"Ashampoo Home Design 9 | Hausplanung | SwissSoftware24","_seopress_titles_desc":"Ashampoo Home Design 9: Planen und gestalten Sie Ihr Traumhaus in 3D. Einfache Bedienung und professionelle Tools. Jetzt bei SwissSoftware24 erh\u00e4ltlich.","_seopress_robots_index":""},"product_brand":[],"product_cat":[65,82,83,97],"product_tag":[],"class_list":{"0":"post-24782","1":"product","2":"type-product","3":"status-publish","4":"has-post-thumbnail","6":"product_cat-fur-unternehmen","7":"product_cat-video-grafik","8":"product_cat-video-grafik-andere","9":"product_cat-grafik-design","11":"first","12":"onbackorder","13":"virtual","14":"taxable","15":"purchasable","16":"product-type-simple"},"_links":{"self":[{"href":"https:\/\/swisssoftware24.ch\/fr\/wp-json\/wp\/v2\/product\/24782","targetHints":{"allow":["GET"]}}],"collection":[{"href":"https:\/\/swisssoftware24.ch\/fr\/wp-json\/wp\/v2\/product"}],"about":[{"href":"https:\/\/swisssoftware24.ch\/fr\/wp-json\/wp\/v2\/types\/product"}],"wp:featuredmedia":[{"embeddable":true,"href":"https:\/\/swisssoftware24.ch\/fr\/wp-json\/wp\/v2\/media\/25455"}],"wp:attachment":[{"href":"https:\/\/swisssoftware24.ch\/fr\/wp-json\/wp\/v2\/media?parent=24782"}],"wp:term":[{"taxonomy":"product_brand","embeddable":true,"href":"https:\/\/swisssoftware24.ch\/fr\/wp-json\/wp\/v2\/product_brand?post=24782"},{"taxonomy":"product_cat","embeddable":true,"href":"https:\/\/swisssoftware24.ch\/fr\/wp-json\/wp\/v2\/product_cat?post=24782"},{"taxonomy":"product_tag","embeddable":true,"href":"https:\/\/swisssoftware24.ch\/fr\/wp-json\/wp\/v2\/product_tag?post=24782"}],"curies":[{"name":"wp","href":"https:\/\/api.w.org\/{rel}","templated":true}]}}