{"id":24786,"date":"2024-03-22T07:20:17","date_gmt":"2024-03-22T06:20:17","guid":{"rendered":"https:\/\/swisssoftware24.ch\/?post_type=product&#038;p=24786"},"modified":"2025-12-27T17:07:19","modified_gmt":"2025-12-27T16:07:19","slug":"ashampoo-music-studio-10","status":"publish","type":"product","link":"https:\/\/swisssoftware24.ch\/fr\/products\/ashampoo-music-studio-10\/","title":{"rendered":"Ashampoo Music Studio 10"},"content":{"rendered":"<p class=\"\" data-start=\"96\" data-end=\"435\">Ashampoo Music Studio 10 est un logiciel polyvalent pour l'\u00e9dition, la conversion et l'organisation de musique, destin\u00e9 aussi bien aux amateurs qu'aux professionnels. Avec des outils puissants pour couper, mixer et optimiser les pistes, le programme offre tout ce dont vous avez besoin pour une gestion musicale compl\u00e8te.<\/p>\n<p class=\"\" data-start=\"437\" data-end=\"752\">Gr\u00e2ce \u00e0 l'interface utilisateur intuitive, m\u00eame les d\u00e9butants peuvent facilement cr\u00e9er leurs propres projets musicaux, organiser des listes de lecture et m\u00eame concevoir des pochettes de CD personnalis\u00e9es. Le logiciel prend en charge divers formats audio et permet une conversion facile pour une compatibilit\u00e9 maximale.<\/p>\n<p class=\"\" data-start=\"754\" data-end=\"984\">Que ce soit pour cr\u00e9er vos propres mixes, \u00e9diter des chansons ou structurer votre biblioth\u00e8que musicale, Ashampoo Music Studio 10 est le choix parfait pour tous ceux qui souhaitent g\u00e9rer leur musique de mani\u00e8re professionnelle et cr\u00e9ative.<\/p>\n<p data-start=\"754\" data-end=\"984\"><strong>Vous trouverez plus d'informations sur ce produit\u00a0<a href=\"https:\/\/swisssoftware24.ch\/fr\/ashampoo-music-studio-10-die-perfekte-loesung-fuer-musikbearbeitung-und-organisation\/\">ici<\/a>.<\/strong><\/p>\n<h3>Ashampoo Music Studio 10 \u2013 configuration syst\u00e8me requise<\/h3>\n<ul>\n<li><strong class=\"font-semibold tracking-tight\">Syst\u00e8me d'exploitation <\/strong>Windows 10, 11 (x64).<\/li>\n<li><strong class=\"font-semibold tracking-tight\">Configuration requise: <\/strong>Tout appareil prenant en charge les syst\u00e8mes d'exploitation mentionn\u00e9s ci-dessus<\/li>\n<li><strong class=\"font-semibold tracking-tight\"><strong class=\"font-semibold tracking-tight\">Autres: <\/strong><\/strong>Une connexion Internet est requise pour activer le programme.\nLa licence du programme est v\u00e9rifi\u00e9e r\u00e9guli\u00e8rement.\nUne connexion Internet est n\u00e9cessaire pour certains services.<\/li>\n<\/ul>","protected":false},"excerpt":{"rendered":"<p class=\"translation-block\">Ashampoo Music Studio 10 est un logiciel musical tout-en-un qui propose une large gamme de fonctionnalit\u00e9s pour l'\u00e9dition musicale, la conversion de formats, le mixage et l'organisation de fichiers audio.<\/p>\n<p>En achetant ce produit, vous obtenez une licence \u00e0 vie sous forme de cl\u00e9 \u00e9lectronique, vous permettant d'utiliser cet outil complet d'\u00e9dition musicale ainsi que de concevoir et \u00e9diter des pochettes d'albums sur un appareil. Con\u00e7u pour les syst\u00e8mes d'exploitation Windows, le logiciel est disponible en plusieurs langues.<\/p>","protected":false},"featured_media":25456,"template":"","meta":{"_seopress_robots_primary_cat":"none","_seopress_titles_title":"Ashampoo Music Studio 10 | Musik bearbeiten | SwissSoftware24","_seopress_titles_desc":"Ashampoo Music Studio 10 bietet umfangreiche Tools zur Bearbeitung und Verwaltung Ihrer Musikdateien. Perfekt f\u00fcr jeden Musikfan. Jetzt bei SwissSoftware24.","_seopress_robots_index":""},"product_brand":[],"product_cat":[131,83],"product_tag":[],"class_list":{"0":"post-24786","1":"product","2":"type-product","3":"status-publish","4":"has-post-thumbnail","6":"product_cat-andere","7":"product_cat-video-grafik-andere","9":"first","10":"onbackorder","11":"virtual","12":"taxable","13":"purchasable","14":"product-type-simple"},"_links":{"self":[{"href":"https:\/\/swisssoftware24.ch\/fr\/wp-json\/wp\/v2\/product\/24786","targetHints":{"allow":["GET"]}}],"collection":[{"href":"https:\/\/swisssoftware24.ch\/fr\/wp-json\/wp\/v2\/product"}],"about":[{"href":"https:\/\/swisssoftware24.ch\/fr\/wp-json\/wp\/v2\/types\/product"}],"wp:featuredmedia":[{"embeddable":true,"href":"https:\/\/swisssoftware24.ch\/fr\/wp-json\/wp\/v2\/media\/25456"}],"wp:attachment":[{"href":"https:\/\/swisssoftware24.ch\/fr\/wp-json\/wp\/v2\/media?parent=24786"}],"wp:term":[{"taxonomy":"product_brand","embeddable":true,"href":"https:\/\/swisssoftware24.ch\/fr\/wp-json\/wp\/v2\/product_brand?post=24786"},{"taxonomy":"product_cat","embeddable":true,"href":"https:\/\/swisssoftware24.ch\/fr\/wp-json\/wp\/v2\/product_cat?post=24786"},{"taxonomy":"product_tag","embeddable":true,"href":"https:\/\/swisssoftware24.ch\/fr\/wp-json\/wp\/v2\/product_tag?post=24786"}],"curies":[{"name":"wp","href":"https:\/\/api.w.org\/{rel}","templated":true}]}}