{"id":24849,"date":"2024-03-24T18:59:06","date_gmt":"2024-03-24T17:59:06","guid":{"rendered":"https:\/\/swisssoftware24.ch\/?post_type=product&#038;p=24849"},"modified":"2025-11-29T23:56:54","modified_gmt":"2025-11-29T22:56:54","slug":"ashampoo-pdf-pro-3","status":"publish","type":"product","link":"https:\/\/swisssoftware24.ch\/fr\/products\/ashampoo-pdf-pro-3\/","title":{"rendered":"Ashampoo PDF Pro 3"},"content":{"rendered":"<p class=\"\" data-start=\"87\" data-end=\"422\">Ashampoo PDF Pro 3 est un logiciel puissant pour cr\u00e9er, \u00e9diter et g\u00e9rer des documents PDF. Que vous souhaitiez cr\u00e9er de nouveaux PDF, modifier des documents existants ou convertir des fichiers dans d'autres formats, ce programme offre tous les outils n\u00e9cessaires pour une gestion efficace des documents.<\/p>\n<p class=\"\" data-start=\"424\" data-end=\"773\">En plus des fonctionnalit\u00e9s telles que la fusion, la r\u00e9organisation et le cryptage des PDF, Ashampoo PDF Pro 3 permet \u00e9galement d'utiliser des signatures num\u00e9riques pour authentifier les documents en toute s\u00e9curit\u00e9. La compression de fichiers optimis\u00e9e garantit que les PDF sont enregistr\u00e9s de mani\u00e8re peu encombrante, tandis que le mode sombre offre un environnement de travail plus confortable.<\/p>\n<p class=\"\" data-start=\"775\" data-end=\"1010\">Gr\u00e2ce \u00e0 son interface utilisateur intuitive, Ashampoo PDF Pro 3 convient aussi bien aux utilisateurs professionnels qu'\u00e0 un usage domestique lorsqu'il s'agit de travailler avec des PDF rapidement, en toute s\u00e9curit\u00e9 et de mani\u00e8re flexible.<\/p>\n<p data-start=\"775\" data-end=\"1010\"><strong>Vous trouverez plus d'informations sur ce produit\u00a0<a href=\"https:\/\/swisssoftware24.ch\/fr\/ashampoo-pdf-pro-3-die-all-in-one-loesung-fuer-pdf-erstellung-und-bearbeitung\/\">ici<\/a>.<\/strong><\/p>\n<h3>Ashampoo PDF Pro 3 \u2013 configuration syst\u00e8me requise<\/h3>\n<ul>\n<li><strong class=\"font-semibold tracking-tight\">Syst\u00e8me d'exploitation <\/strong>Windows 10, 11 (x64).<\/li>\n<li><strong class=\"font-semibold tracking-tight\">Configuration requise: <\/strong>Tout appareil prenant en charge les syst\u00e8mes d'exploitation mentionn\u00e9s ci-dessus<\/li>\n<li><strong class=\"font-semibold tracking-tight\">Autres: <\/strong>Une connexion Internet est n\u00e9cessaire pour activer le programme.\nLa licence du programme est v\u00e9rifi\u00e9e r\u00e9guli\u00e8rement.<\/li>\n<\/ul>","protected":false},"excerpt":{"rendered":"<p>Ashampoo PDF Pro 3 est une solution compl\u00e8te pour une large gamme de t\u00e2ches li\u00e9es aux <strong>documents PDF<\/strong>, offrant des outils avanc\u00e9s pour cr\u00e9er, \u00e9diter, convertir et s\u00e9curiser des fichiers dans ce format.<\/p>\n<p class=\"translation-block\">Avec l'achat de ce produit, vous obtenez une licence \u00e0 vie sous forme de cl\u00e9 \u00e9lectronique pour utiliser l'outil de gestion et d'\u00e9dition des fichiers PDF sur un appareil. Cette version est sp\u00e9cialement con\u00e7ue pour les ordinateurs \u00e9quip\u00e9s de syst\u00e8mes d'exploitation Windows. Le logiciel prend en charge plusieurs langues.<\/p>","protected":false},"featured_media":25458,"template":"","meta":{"_seopress_robots_primary_cat":"none","_seopress_titles_title":"Ashampoo PDF Pro 3 | PDF-Dateien bearbeiten | SwissSoftware24","_seopress_titles_desc":"Bearbeiten, konvertieren und sch\u00fctzen Sie Ihre PDFs mit Ashampoo PDF Pro 3. Ideal f\u00fcr Ihre Dokumentenverwaltung. Jetzt zugreifen!","_seopress_robots_index":""},"product_brand":[],"product_cat":[131,95,65,77,83],"product_tag":[],"class_list":{"0":"post-24849","1":"product","2":"type-product","3":"status-publish","4":"has-post-thumbnail","6":"product_cat-andere","7":"product_cat-buro-software","8":"product_cat-fur-unternehmen","9":"product_cat-office-programme","10":"product_cat-video-grafik-andere","12":"first","13":"outofstock","14":"virtual","15":"taxable","16":"purchasable","17":"product-type-simple"},"_links":{"self":[{"href":"https:\/\/swisssoftware24.ch\/fr\/wp-json\/wp\/v2\/product\/24849","targetHints":{"allow":["GET"]}}],"collection":[{"href":"https:\/\/swisssoftware24.ch\/fr\/wp-json\/wp\/v2\/product"}],"about":[{"href":"https:\/\/swisssoftware24.ch\/fr\/wp-json\/wp\/v2\/types\/product"}],"wp:featuredmedia":[{"embeddable":true,"href":"https:\/\/swisssoftware24.ch\/fr\/wp-json\/wp\/v2\/media\/25458"}],"wp:attachment":[{"href":"https:\/\/swisssoftware24.ch\/fr\/wp-json\/wp\/v2\/media?parent=24849"}],"wp:term":[{"taxonomy":"product_brand","embeddable":true,"href":"https:\/\/swisssoftware24.ch\/fr\/wp-json\/wp\/v2\/product_brand?post=24849"},{"taxonomy":"product_cat","embeddable":true,"href":"https:\/\/swisssoftware24.ch\/fr\/wp-json\/wp\/v2\/product_cat?post=24849"},{"taxonomy":"product_tag","embeddable":true,"href":"https:\/\/swisssoftware24.ch\/fr\/wp-json\/wp\/v2\/product_tag?post=24849"}],"curies":[{"name":"wp","href":"https:\/\/api.w.org\/{rel}","templated":true}]}}