{"id":24852,"date":"2024-03-25T18:56:50","date_gmt":"2024-03-25T17:56:50","guid":{"rendered":"https:\/\/swisssoftware24.ch\/?post_type=product&#038;p=24852"},"modified":"2025-11-30T00:17:25","modified_gmt":"2025-11-29T23:17:25","slug":"ashampoo-photo-commander-17","status":"publish","type":"product","link":"https:\/\/swisssoftware24.ch\/fr\/products\/ashampoo-photo-commander-17\/","title":{"rendered":"Ashampoo Photo Commander 17"},"content":{"rendered":"<p data-start=\"0\" data-end=\"383\">Ashampoo Photo Commander 17 r\u00e9unit gestion de photos, retouche d\u2019images et pr\u00e9sentation cr\u00e9ative dans une suite unique compatible Windows 11. Gr\u00e2ce \u00e0 son architecture native 64 bits, le programme fonctionne nettement plus vite: les JPG se chargent jusqu\u2019\u00e0 40 % plus rapidement que dans la version pr\u00e9c\u00e9dente, m\u00eame avec de grandes archives.<\/p>\n<p data-start=\"385\" data-end=\"690\">En un clic, optimisez des dossiers entiers via l\u2019auto-am\u00e9lioration ou supprimez rayures, bruit et yeux rouges. Cr\u00e9ez aussi des collages, cartes ou diaporamas 4 K avec musique et partagez vos cr\u00e9ations par e-mail, gravure ou galerie web.<\/p>\n<p data-start=\"692\" data-end=\"980\">Le g\u00e9omarquage, le scanner de doublons, le mode pr\u00e9sentation double-\u00e9cran et un puissant processeur par lots compl\u00e8tent cette solution tout-en-un. Amateur passionn\u00e9 ou photographe pro \u2013 Photo Commander 17 apporte ordre et cr\u00e9ativit\u00e9 \u00e0 chaque collection.<\/p>\n<p><strong>Vous trouverez plus d'informations sur ce produit\u00a0<a href=\"https:\/\/swisssoftware24.ch\/fr\/ashampoo-photo-commander-17-die-komplettloesung-fuer-ihre-bildwelt\/\">ici<\/a>.<\/strong><\/p>\n<h3>Ashampoo Photo Commander 17 \u2013 configuration syst\u00e8me requise<\/h3>\n<ul>\n<li><strong class=\"font-semibold tracking-tight\">Syst\u00e8me d'exploitation <\/strong>Windows 10, 11 (x64).<\/li>\n<li><strong class=\"font-semibold tracking-tight\">Configuration requise: <\/strong>Tout appareil prenant en charge les syst\u00e8mes d'exploitation mentionn\u00e9s ci-dessus<\/li>\n<li><strong class=\"font-semibold tracking-tight\">Logiciels: <\/strong>Microsoft Visual C++ 2015 x86 Redistributable<\/li>\n<li><strong class=\"font-semibold tracking-tight\">Autres: <\/strong>Une connexion Internet est n\u00e9cessaire pour activer le programme.\nLa licence du programme est v\u00e9rifi\u00e9e r\u00e9guli\u00e8rement.<\/li>\n<\/ul>","protected":false},"excerpt":{"rendered":"<p>Ashampoo Photo Commander 17 est un logiciel polyvalent de gestion et de <strong>retouche photo<\/strong>qui permet d'organiser et de visualiser facilement votre collection d'images. Il offre plus de 200 fonctionnalit\u00e9s, permettant aux utilisateurs de g\u00e9rer efficacement leurs collections de photos, d'am\u00e9liorer les images et de cr\u00e9er des calendriers, cartes et diaporamas en toute simplicit\u00e9.<\/p>\n<p class=\"translation-block\">En achetant ce produit, vous obtenez une licence \u00e0 vie sous forme de cl\u00e9 \u00e9lectronique, vous permettant d'utiliser ce programme de gestion de photos sur un appareil. Cette version est sp\u00e9cialement con\u00e7ue pour les ordinateurs sous Windows. Le logiciel est disponible en plusieurs langues.<\/p>","protected":false},"featured_media":25459,"template":"","meta":{"_seopress_robots_primary_cat":"none","_seopress_titles_title":"Ashampoo Photo Commander 17 | SwissSoftware24","_seopress_titles_desc":"Verwalten, bearbeiten und teilen Sie Ihre Fotos mit Ashampoo Photo Commander 17. Einfaches Handling und vielseitige Funktionen. Jetzt entdecken.","_seopress_robots_index":""},"product_brand":[],"product_cat":[65,97,82,83],"product_tag":[],"class_list":{"0":"post-24852","1":"product","2":"type-product","3":"status-publish","4":"has-post-thumbnail","6":"product_cat-fur-unternehmen","7":"product_cat-grafik-design","8":"product_cat-video-grafik","9":"product_cat-video-grafik-andere","11":"first","12":"onbackorder","13":"virtual","14":"taxable","15":"purchasable","16":"product-type-simple"},"_links":{"self":[{"href":"https:\/\/swisssoftware24.ch\/fr\/wp-json\/wp\/v2\/product\/24852","targetHints":{"allow":["GET"]}}],"collection":[{"href":"https:\/\/swisssoftware24.ch\/fr\/wp-json\/wp\/v2\/product"}],"about":[{"href":"https:\/\/swisssoftware24.ch\/fr\/wp-json\/wp\/v2\/types\/product"}],"wp:featuredmedia":[{"embeddable":true,"href":"https:\/\/swisssoftware24.ch\/fr\/wp-json\/wp\/v2\/media\/25459"}],"wp:attachment":[{"href":"https:\/\/swisssoftware24.ch\/fr\/wp-json\/wp\/v2\/media?parent=24852"}],"wp:term":[{"taxonomy":"product_brand","embeddable":true,"href":"https:\/\/swisssoftware24.ch\/fr\/wp-json\/wp\/v2\/product_brand?post=24852"},{"taxonomy":"product_cat","embeddable":true,"href":"https:\/\/swisssoftware24.ch\/fr\/wp-json\/wp\/v2\/product_cat?post=24852"},{"taxonomy":"product_tag","embeddable":true,"href":"https:\/\/swisssoftware24.ch\/fr\/wp-json\/wp\/v2\/product_tag?post=24852"}],"curies":[{"name":"wp","href":"https:\/\/api.w.org\/{rel}","templated":true}]}}